{"id":9461,"date":"2024-07-14T10:11:33","date_gmt":"2024-07-14T08:11:33","guid":{"rendered":"https:\/\/littlepalm.de\/?post_type=product&#038;p=9461"},"modified":"2026-02-13T02:09:09","modified_gmt":"2026-02-13T01:09:09","slug":"geschenkbox-mom-to-be","status":"publish","type":"product","link":"https:\/\/littlepalm.de\/en\/product\/geschenkbox-mom-to-be\/","title":{"rendered":"GIFT BOX MOM TO BE"},"content":{"rendered":"<p style=\"font-weight: 400;\">Of course! Pregnancy is a special time that should be celebrated and supported. Our pregnancy gift box is lovingly curated and contains a selection of products to pamper and support the expectant mother during this exciting time. Make an expectant mother happy and show her that you&#039;re thinking of her.<\/p>\n<p style=\"font-weight: 400;\">A content:<\/p>\n<ul>\n<li style=\"font-weight: 400;\">Muslin cloth checked rose made of cuddly bamboo cotton<\/li>\n<li>a Tummy Cream from Samion<\/li>\n<li>Pregnancy Tattoos by Samion<\/li>\n<li>a cute mom bracelet<\/li>\n<li>a bouquet of dried flowers<\/li>\n<\/ul>\n<p>&nbsp;<\/p>","protected":false},"excerpt":{"rendered":"<ul>\n<li>Lovingly compiled 3-piece gift set<\/li>\n<li>PRETTY, MODERN BOX DESIGN WITH GIFT RIBBON<\/li>\n<li>MUSLIN CLOTH CHECKED ROSE<\/li>\n<li>TUMMY CREAM BY SAMION<\/li>\n<li>PREGNANCY TATTOOS BY SAMION<\/li>\n<li>MOM BRACELET<\/li>\n<li>DRIED FLOWER BOUQUET<\/li>\n<\/ul>\n<p><strong>WE SHIP DIRECTLY TO THE RECIPIENT, OF COURSE WITHOUT AN INVOICE IN THE BOX!<\/strong><\/p>","protected":false},"featured_media":9247,"template":"","meta":{"inline_featured_image":false},"product_brand":[],"product_cat":[140,143,153,291],"product_tag":[],"class_list":{"0":"post-9461","1":"product","2":"type-product","3":"status-publish","4":"has-post-thumbnail","6":"product_cat-moms","7":"product_cat-gift-boxes","8":"product_cat-moms-dads","9":"product_cat-geschenke-fuer-die-familie","11":"first","12":"instock","13":"taxable","14":"shipping-taxable","15":"purchasable","16":"product-type-simple"},"composite_virtual":false,"composite_layout":"","composite_add_to_cart_form_location":"","composite_editable_in_cart":false,"composite_sold_individually_context":"","composite_shop_price_calc":"","composite_components":[],"composite_scenarios":[],"yoast_head":"<!-- This site is optimized with the Yoast SEO plugin v27.2 - https:\/\/yoast.com\/product\/yoast-seo-wordpress\/ -->\n<title>Geschenkbox Mom To Be f\u00fcr werdende Mama kaufen - The Little Palm<\/title>\n<meta name=\"description\" content=\"Stilvoll zusammengestellte Geschenkbox f\u00fcr die werdende Mutter mit n\u00fctzlichen Produkten f\u00fcr die Schwangerschaft, in einer modernen Geschenkverpackung \u2665\" \/>\n<meta name=\"robots\" content=\"index, follow, max-snippet:-1, max-image-preview:large, max-video-preview:-1\" \/>\n<link rel=\"canonical\" href=\"https:\/\/littlepalm.de\/en\/product\/geschenkbox-mom-to-be\/\" \/>\n<meta property=\"og:locale\" content=\"en_GB\" \/>\n<meta property=\"og:type\" content=\"article\" \/>\n<meta property=\"og:title\" content=\"Geschenkbox Mom To Be f\u00fcr werdende Mama kaufen - The Little Palm\" \/>\n<meta property=\"og:description\" content=\"Stilvoll zusammengestellte Geschenkbox f\u00fcr die werdende Mutter mit n\u00fctzlichen Produkten f\u00fcr die Schwangerschaft, in einer modernen Geschenkverpackung \u2665\" \/>\n<meta property=\"og:url\" content=\"https:\/\/littlepalm.de\/en\/product\/geschenkbox-mom-to-be\/\" \/>\n<meta property=\"og:site_name\" content=\"The Little Palm\" \/>\n<meta property=\"article:modified_time\" content=\"2026-02-13T01:09:09+00:00\" \/>\n<meta property=\"og:image\" content=\"https:\/\/littlepalm.de\/wp-content\/uploads\/2021\/10\/image00022-scaled.jpeg\" \/>\n\t<meta property=\"og:image:width\" content=\"2560\" \/>\n\t<meta property=\"og:image:height\" content=\"2560\" \/>\n\t<meta property=\"og:image:type\" content=\"image\/jpeg\" \/>\n<meta name=\"twitter:card\" content=\"summary_large_image\" \/>\n<meta name=\"twitter:label1\" content=\"Estimated reading time\" \/>\n\t<meta name=\"twitter:data1\" content=\"1 minute\" \/>\n<script type=\"application\/ld+json\" class=\"yoast-schema-graph\">{\"@context\":\"https:\/\/schema.org\",\"@graph\":[{\"@type\":\"WebPage\",\"@id\":\"https:\/\/littlepalm.de\/product\/geschenkbox-mom-to-be\/\",\"url\":\"https:\/\/littlepalm.de\/product\/geschenkbox-mom-to-be\/\",\"name\":\"Geschenkbox Mom To Be f\u00fcr werdende Mama kaufen - The Little Palm\",\"isPartOf\":{\"@id\":\"https:\/\/littlepalm.de\/#website\"},\"primaryImageOfPage\":{\"@id\":\"https:\/\/littlepalm.de\/product\/geschenkbox-mom-to-be\/#primaryimage\"},\"image\":{\"@id\":\"https:\/\/littlepalm.de\/product\/geschenkbox-mom-to-be\/#primaryimage\"},\"thumbnailUrl\":\"https:\/\/littlepalm.de\/wp-content\/uploads\/2021\/10\/image00022-scaled.jpeg\",\"datePublished\":\"2024-07-14T08:11:33+00:00\",\"dateModified\":\"2026-02-13T01:09:09+00:00\",\"description\":\"Stilvoll zusammengestellte Geschenkbox f\u00fcr die werdende Mutter mit n\u00fctzlichen Produkten f\u00fcr die Schwangerschaft, in einer modernen Geschenkverpackung \u2665\",\"breadcrumb\":{\"@id\":\"https:\/\/littlepalm.de\/product\/geschenkbox-mom-to-be\/#breadcrumb\"},\"inLanguage\":\"en-GB\",\"potentialAction\":[{\"@type\":\"ReadAction\",\"target\":[\"https:\/\/littlepalm.de\/product\/geschenkbox-mom-to-be\/\"]}]},{\"@type\":\"ImageObject\",\"inLanguage\":\"en-GB\",\"@id\":\"https:\/\/littlepalm.de\/product\/geschenkbox-mom-to-be\/#primaryimage\",\"url\":\"https:\/\/littlepalm.de\/wp-content\/uploads\/2021\/10\/image00022-scaled.jpeg\",\"contentUrl\":\"https:\/\/littlepalm.de\/wp-content\/uploads\/2021\/10\/image00022-scaled.jpeg\",\"width\":2560,\"height\":2560},{\"@type\":\"BreadcrumbList\",\"@id\":\"https:\/\/littlepalm.de\/product\/geschenkbox-mom-to-be\/#breadcrumb\",\"itemListElement\":[{\"@type\":\"ListItem\",\"position\":1,\"name\":\"Startseite\",\"item\":\"https:\/\/littlepalm.de\/\"},{\"@type\":\"ListItem\",\"position\":2,\"name\":\"Geschenkboxen\",\"item\":\"https:\/\/littlepalm.de\/geschenkboxen\/\"},{\"@type\":\"ListItem\",\"position\":3,\"name\":\"GESCHENKBOX MOM TO BE\"}]},{\"@type\":\"WebSite\",\"@id\":\"https:\/\/littlepalm.de\/#website\",\"url\":\"https:\/\/littlepalm.de\/\",\"name\":\"The Little Palm\",\"description\":\"Individuelle Geschenkboxen\",\"potentialAction\":[{\"@type\":\"SearchAction\",\"target\":{\"@type\":\"EntryPoint\",\"urlTemplate\":\"https:\/\/littlepalm.de\/?s={search_term_string}\"},\"query-input\":{\"@type\":\"PropertyValueSpecification\",\"valueRequired\":true,\"valueName\":\"search_term_string\"}}],\"inLanguage\":\"en-GB\"}]}<\/script>\n<!-- \/ Yoast SEO plugin. -->","yoast_head_json":{"title":"Buy the &quot;Mom To Be&quot; gift box for expectant mothers - The Little Palm","description":"A stylishly curated gift box for expectant mothers, containing useful pregnancy products, in modern gift packaging \u2665","robots":{"index":"index","follow":"follow","max-snippet":"max-snippet:-1","max-image-preview":"max-image-preview:large","max-video-preview":"max-video-preview:-1"},"canonical":"https:\/\/littlepalm.de\/en\/product\/geschenkbox-mom-to-be\/","og_locale":"en_GB","og_type":"article","og_title":"Geschenkbox Mom To Be f\u00fcr werdende Mama kaufen - The Little Palm","og_description":"Stilvoll zusammengestellte Geschenkbox f\u00fcr die werdende Mutter mit n\u00fctzlichen Produkten f\u00fcr die Schwangerschaft, in einer modernen Geschenkverpackung \u2665","og_url":"https:\/\/littlepalm.de\/en\/product\/geschenkbox-mom-to-be\/","og_site_name":"The Little Palm","article_modified_time":"2026-02-13T01:09:09+00:00","og_image":[{"width":2560,"height":2560,"url":"https:\/\/littlepalm.de\/wp-content\/uploads\/2021\/10\/image00022-scaled.jpeg","type":"image\/jpeg"}],"twitter_card":"summary_large_image","twitter_misc":{"Estimated reading time":"1 minute"},"schema":{"@context":"https:\/\/schema.org","@graph":[{"@type":"WebPage","@id":"https:\/\/littlepalm.de\/product\/geschenkbox-mom-to-be\/","url":"https:\/\/littlepalm.de\/product\/geschenkbox-mom-to-be\/","name":"Buy the &quot;Mom To Be&quot; gift box for expectant mothers - The Little Palm","isPartOf":{"@id":"https:\/\/littlepalm.de\/#website"},"primaryImageOfPage":{"@id":"https:\/\/littlepalm.de\/product\/geschenkbox-mom-to-be\/#primaryimage"},"image":{"@id":"https:\/\/littlepalm.de\/product\/geschenkbox-mom-to-be\/#primaryimage"},"thumbnailUrl":"https:\/\/littlepalm.de\/wp-content\/uploads\/2021\/10\/image00022-scaled.jpeg","datePublished":"2024-07-14T08:11:33+00:00","dateModified":"2026-02-13T01:09:09+00:00","description":"A stylishly curated gift box for expectant mothers, containing useful pregnancy products, in modern gift packaging \u2665","breadcrumb":{"@id":"https:\/\/littlepalm.de\/product\/geschenkbox-mom-to-be\/#breadcrumb"},"inLanguage":"en-GB","potentialAction":[{"@type":"ReadAction","target":["https:\/\/littlepalm.de\/product\/geschenkbox-mom-to-be\/"]}]},{"@type":"ImageObject","inLanguage":"en-GB","@id":"https:\/\/littlepalm.de\/product\/geschenkbox-mom-to-be\/#primaryimage","url":"https:\/\/littlepalm.de\/wp-content\/uploads\/2021\/10\/image00022-scaled.jpeg","contentUrl":"https:\/\/littlepalm.de\/wp-content\/uploads\/2021\/10\/image00022-scaled.jpeg","width":2560,"height":2560},{"@type":"BreadcrumbList","@id":"https:\/\/littlepalm.de\/product\/geschenkbox-mom-to-be\/#breadcrumb","itemListElement":[{"@type":"ListItem","position":1,"name":"Startseite","item":"https:\/\/littlepalm.de\/"},{"@type":"ListItem","position":2,"name":"Geschenkboxen","item":"https:\/\/littlepalm.de\/geschenkboxen\/"},{"@type":"ListItem","position":3,"name":"GESCHENKBOX MOM TO BE"}]},{"@type":"WebSite","@id":"https:\/\/littlepalm.de\/#website","url":"https:\/\/littlepalm.de\/","name":"The Little Palm","description":"Individual gift boxes","potentialAction":[{"@type":"SearchAction","target":{"@type":"EntryPoint","urlTemplate":"https:\/\/littlepalm.de\/?s={search_term_string}"},"query-input":{"@type":"PropertyValueSpecification","valueRequired":true,"valueName":"search_term_string"}}],"inLanguage":"en-GB"}]}},"jetpack_sharing_enabled":true,"_links":{"self":[{"href":"https:\/\/littlepalm.de\/en\/wp-json\/wp\/v2\/product\/9461","targetHints":{"allow":["GET"]}}],"collection":[{"href":"https:\/\/littlepalm.de\/en\/wp-json\/wp\/v2\/product"}],"about":[{"href":"https:\/\/littlepalm.de\/en\/wp-json\/wp\/v2\/types\/product"}],"wp:featuredmedia":[{"embeddable":true,"href":"https:\/\/littlepalm.de\/en\/wp-json\/wp\/v2\/media\/9247"}],"wp:attachment":[{"href":"https:\/\/littlepalm.de\/en\/wp-json\/wp\/v2\/media?parent=9461"}],"wp:term":[{"taxonomy":"product_brand","embeddable":true,"href":"https:\/\/littlepalm.de\/en\/wp-json\/wp\/v2\/product_brand?post=9461"},{"taxonomy":"product_cat","embeddable":true,"href":"https:\/\/littlepalm.de\/en\/wp-json\/wp\/v2\/product_cat?post=9461"},{"taxonomy":"product_tag","embeddable":true,"href":"https:\/\/littlepalm.de\/en\/wp-json\/wp\/v2\/product_tag?post=9461"}],"curies":[{"name":"wp","href":"https:\/\/api.w.org\/{rel}","templated":true}]}}