{"id":9066,"date":"2024-06-12T11:35:53","date_gmt":"2024-06-12T09:35:53","guid":{"rendered":"https:\/\/littlepalm.de\/?post_type=product&#038;p=9066"},"modified":"2026-03-26T17:37:53","modified_gmt":"2026-03-26T16:37:53","slug":"famvibes-socken-mini","status":"publish","type":"product","link":"https:\/\/littlepalm.de\/en\/product\/famvibes-socken-mini\/","title":{"rendered":"Socken Mini 0-1 Jahre"},"content":{"rendered":"<p>Diese s\u00fc\u00dfen Socken sind ein Must Have f\u00fcr kleine Babyf\u00fc\u00dfe.<\/p>\n<p>\u2022 Color: white with black lettering<br \/>\n\u2022 Material: 80% cotton, 17% polyamide, 3% elastane<br \/>\n\u2022 Care: By taking good care of your garment and handling it with care, you will not only enjoy it for longer, but you will also do something good for the environment.<br \/>\n\u2013 we recommend machine washing at a maximum of 30\u00b0<br \/>\n\u2013 wash and iron inside out<br \/>\n\u2013 not suitable for tumble drying<br \/>\n\u2013 wash with the same or similar colors<\/p>\n<p>&nbsp;<\/p>","protected":false},"excerpt":{"rendered":"<p>CUTE BABY SOCKS MINI<\/p>","protected":false},"featured_media":9076,"template":"","meta":{"inline_featured_image":false},"product_brand":[],"product_cat":[133,138,284],"product_tag":[],"class_list":{"0":"post-9066","1":"product","2":"type-product","3":"status-publish","4":"has-post-thumbnail","6":"product_cat-anziehen","7":"product_cat-babys","8":"product_cat-bis-1-jahr","9":"product_shipping_class-standard","11":"first","12":"instock","13":"taxable","14":"shipping-taxable","15":"purchasable","16":"product-type-simple"},"composite_virtual":false,"composite_layout":"","composite_add_to_cart_form_location":"","composite_editable_in_cart":false,"composite_sold_individually_context":"","composite_shop_price_calc":"","composite_components":[],"composite_scenarios":[],"yoast_head":"<!-- This site is optimized with the Yoast SEO plugin v27.2 - https:\/\/yoast.com\/product\/yoast-seo-wordpress\/ -->\n<title>Socken Mini 0-1 Jahre - The Little Palm<\/title>\n<meta name=\"robots\" content=\"index, follow, max-snippet:-1, max-image-preview:large, max-video-preview:-1\" \/>\n<link rel=\"canonical\" href=\"https:\/\/littlepalm.de\/en\/product\/famvibes-socken-mini\/\" \/>\n<meta property=\"og:locale\" content=\"en_GB\" \/>\n<meta property=\"og:type\" content=\"article\" \/>\n<meta property=\"og:title\" content=\"Socken Mini 0-1 Jahre - The Little Palm\" \/>\n<meta property=\"og:description\" content=\"S\u00dc\u00dfE BABYSOCKEN MINI\" \/>\n<meta property=\"og:url\" content=\"https:\/\/littlepalm.de\/en\/product\/famvibes-socken-mini\/\" \/>\n<meta property=\"og:site_name\" content=\"The Little Palm\" \/>\n<meta property=\"article:modified_time\" content=\"2026-03-26T16:37:53+00:00\" \/>\n<meta property=\"og:image\" content=\"https:\/\/littlepalm.de\/wp-content\/uploads\/2024\/06\/b69ad08e-bbe1-5148-ac4e-b8c908f996f9.jpg\" \/>\n\t<meta property=\"og:image:width\" content=\"1500\" \/>\n\t<meta property=\"og:image:height\" content=\"1500\" \/>\n\t<meta property=\"og:image:type\" content=\"image\/jpeg\" \/>\n<meta name=\"twitter:card\" content=\"summary_large_image\" \/>\n<meta name=\"twitter:label1\" content=\"Estimated reading time\" \/>\n\t<meta name=\"twitter:data1\" content=\"1 minute\" \/>\n<script type=\"application\/ld+json\" class=\"yoast-schema-graph\">{\"@context\":\"https:\/\/schema.org\",\"@graph\":[{\"@type\":\"WebPage\",\"@id\":\"https:\/\/littlepalm.de\/product\/famvibes-socken-mini\/\",\"url\":\"https:\/\/littlepalm.de\/product\/famvibes-socken-mini\/\",\"name\":\"Socken Mini 0-1 Jahre - The Little Palm\",\"isPartOf\":{\"@id\":\"https:\/\/littlepalm.de\/#website\"},\"primaryImageOfPage\":{\"@id\":\"https:\/\/littlepalm.de\/product\/famvibes-socken-mini\/#primaryimage\"},\"image\":{\"@id\":\"https:\/\/littlepalm.de\/product\/famvibes-socken-mini\/#primaryimage\"},\"thumbnailUrl\":\"https:\/\/littlepalm.de\/wp-content\/uploads\/2024\/06\/b69ad08e-bbe1-5148-ac4e-b8c908f996f9.jpg\",\"datePublished\":\"2024-06-12T09:35:53+00:00\",\"dateModified\":\"2026-03-26T16:37:53+00:00\",\"breadcrumb\":{\"@id\":\"https:\/\/littlepalm.de\/product\/famvibes-socken-mini\/#breadcrumb\"},\"inLanguage\":\"en-GB\",\"potentialAction\":[{\"@type\":\"ReadAction\",\"target\":[\"https:\/\/littlepalm.de\/product\/famvibes-socken-mini\/\"]}]},{\"@type\":\"ImageObject\",\"inLanguage\":\"en-GB\",\"@id\":\"https:\/\/littlepalm.de\/product\/famvibes-socken-mini\/#primaryimage\",\"url\":\"https:\/\/littlepalm.de\/wp-content\/uploads\/2024\/06\/b69ad08e-bbe1-5148-ac4e-b8c908f996f9.jpg\",\"contentUrl\":\"https:\/\/littlepalm.de\/wp-content\/uploads\/2024\/06\/b69ad08e-bbe1-5148-ac4e-b8c908f996f9.jpg\",\"width\":1500,\"height\":1500},{\"@type\":\"BreadcrumbList\",\"@id\":\"https:\/\/littlepalm.de\/product\/famvibes-socken-mini\/#breadcrumb\",\"itemListElement\":[{\"@type\":\"ListItem\",\"position\":1,\"name\":\"Startseite\",\"item\":\"https:\/\/littlepalm.de\/\"},{\"@type\":\"ListItem\",\"position\":2,\"name\":\"Geschenkboxen\",\"item\":\"https:\/\/littlepalm.de\/geschenkboxen\/\"},{\"@type\":\"ListItem\",\"position\":3,\"name\":\"Socken Mini 0-1 Jahre\"}]},{\"@type\":\"WebSite\",\"@id\":\"https:\/\/littlepalm.de\/#website\",\"url\":\"https:\/\/littlepalm.de\/\",\"name\":\"The Little Palm\",\"description\":\"Individuelle Geschenkboxen\",\"potentialAction\":[{\"@type\":\"SearchAction\",\"target\":{\"@type\":\"EntryPoint\",\"urlTemplate\":\"https:\/\/littlepalm.de\/?s={search_term_string}\"},\"query-input\":{\"@type\":\"PropertyValueSpecification\",\"valueRequired\":true,\"valueName\":\"search_term_string\"}}],\"inLanguage\":\"en-GB\"}]}<\/script>\n<!-- \/ Yoast SEO plugin. -->","yoast_head_json":{"title":"Socken Mini 0-1 Jahre - The Little Palm","robots":{"index":"index","follow":"follow","max-snippet":"max-snippet:-1","max-image-preview":"max-image-preview:large","max-video-preview":"max-video-preview:-1"},"canonical":"https:\/\/littlepalm.de\/en\/product\/famvibes-socken-mini\/","og_locale":"en_GB","og_type":"article","og_title":"Socken Mini 0-1 Jahre - The Little Palm","og_description":"S\u00dc\u00dfE BABYSOCKEN MINI","og_url":"https:\/\/littlepalm.de\/en\/product\/famvibes-socken-mini\/","og_site_name":"The Little Palm","article_modified_time":"2026-03-26T16:37:53+00:00","og_image":[{"width":1500,"height":1500,"url":"https:\/\/littlepalm.de\/wp-content\/uploads\/2024\/06\/b69ad08e-bbe1-5148-ac4e-b8c908f996f9.jpg","type":"image\/jpeg"}],"twitter_card":"summary_large_image","twitter_misc":{"Estimated reading time":"1 minute"},"schema":{"@context":"https:\/\/schema.org","@graph":[{"@type":"WebPage","@id":"https:\/\/littlepalm.de\/product\/famvibes-socken-mini\/","url":"https:\/\/littlepalm.de\/product\/famvibes-socken-mini\/","name":"Socken Mini 0-1 Jahre - The Little Palm","isPartOf":{"@id":"https:\/\/littlepalm.de\/#website"},"primaryImageOfPage":{"@id":"https:\/\/littlepalm.de\/product\/famvibes-socken-mini\/#primaryimage"},"image":{"@id":"https:\/\/littlepalm.de\/product\/famvibes-socken-mini\/#primaryimage"},"thumbnailUrl":"https:\/\/littlepalm.de\/wp-content\/uploads\/2024\/06\/b69ad08e-bbe1-5148-ac4e-b8c908f996f9.jpg","datePublished":"2024-06-12T09:35:53+00:00","dateModified":"2026-03-26T16:37:53+00:00","breadcrumb":{"@id":"https:\/\/littlepalm.de\/product\/famvibes-socken-mini\/#breadcrumb"},"inLanguage":"en-GB","potentialAction":[{"@type":"ReadAction","target":["https:\/\/littlepalm.de\/product\/famvibes-socken-mini\/"]}]},{"@type":"ImageObject","inLanguage":"en-GB","@id":"https:\/\/littlepalm.de\/product\/famvibes-socken-mini\/#primaryimage","url":"https:\/\/littlepalm.de\/wp-content\/uploads\/2024\/06\/b69ad08e-bbe1-5148-ac4e-b8c908f996f9.jpg","contentUrl":"https:\/\/littlepalm.de\/wp-content\/uploads\/2024\/06\/b69ad08e-bbe1-5148-ac4e-b8c908f996f9.jpg","width":1500,"height":1500},{"@type":"BreadcrumbList","@id":"https:\/\/littlepalm.de\/product\/famvibes-socken-mini\/#breadcrumb","itemListElement":[{"@type":"ListItem","position":1,"name":"Startseite","item":"https:\/\/littlepalm.de\/"},{"@type":"ListItem","position":2,"name":"Geschenkboxen","item":"https:\/\/littlepalm.de\/geschenkboxen\/"},{"@type":"ListItem","position":3,"name":"Socken Mini 0-1 Jahre"}]},{"@type":"WebSite","@id":"https:\/\/littlepalm.de\/#website","url":"https:\/\/littlepalm.de\/","name":"The Little Palm","description":"Individual gift boxes","potentialAction":[{"@type":"SearchAction","target":{"@type":"EntryPoint","urlTemplate":"https:\/\/littlepalm.de\/?s={search_term_string}"},"query-input":{"@type":"PropertyValueSpecification","valueRequired":true,"valueName":"search_term_string"}}],"inLanguage":"en-GB"}]}},"jetpack_sharing_enabled":true,"_links":{"self":[{"href":"https:\/\/littlepalm.de\/en\/wp-json\/wp\/v2\/product\/9066","targetHints":{"allow":["GET"]}}],"collection":[{"href":"https:\/\/littlepalm.de\/en\/wp-json\/wp\/v2\/product"}],"about":[{"href":"https:\/\/littlepalm.de\/en\/wp-json\/wp\/v2\/types\/product"}],"wp:featuredmedia":[{"embeddable":true,"href":"https:\/\/littlepalm.de\/en\/wp-json\/wp\/v2\/media\/9076"}],"wp:attachment":[{"href":"https:\/\/littlepalm.de\/en\/wp-json\/wp\/v2\/media?parent=9066"}],"wp:term":[{"taxonomy":"product_brand","embeddable":true,"href":"https:\/\/littlepalm.de\/en\/wp-json\/wp\/v2\/product_brand?post=9066"},{"taxonomy":"product_cat","embeddable":true,"href":"https:\/\/littlepalm.de\/en\/wp-json\/wp\/v2\/product_cat?post=9066"},{"taxonomy":"product_tag","embeddable":true,"href":"https:\/\/littlepalm.de\/en\/wp-json\/wp\/v2\/product_tag?post=9066"}],"curies":[{"name":"wp","href":"https:\/\/api.w.org\/{rel}","templated":true}]}}