{"id":7885,"date":"2023-12-29T10:04:42","date_gmt":"2023-12-29T09:04:42","guid":{"rendered":"https:\/\/littlepalm.de\/?post_type=product&#038;p=7885"},"modified":"2026-02-05T09:59:16","modified_gmt":"2026-02-05T08:59:16","slug":"mushie-waschlappen-2er-set-weiss","status":"publish","type":"product","link":"https:\/\/littlepalm.de\/en\/product\/mushie-waschlappen-2er-set-weiss\/","title":{"rendered":"Waschlappen mit B\u00e4renohren creme"},"content":{"rendered":"<h2 data-start=\"159\" data-end=\"220\">Baby Waschlappen mit B\u00e4ren\u00f6hrchen<\/h2>\n<p data-start=\"222\" data-end=\"526\">Dieser liebevoll gestaltete <strong data-start=\"250\" data-end=\"290\">Baby Waschlappen aus weichem Frottee<\/strong> macht die t\u00e4gliche Pflege zu einem sanften Wohlf\u00fchlmoment. Die niedlichen <strong data-start=\"365\" data-end=\"376\">\u00d6hrchen<\/strong> sorgen f\u00fcr einen verspielten Look, w\u00e4hrend das hochwertige Material besonders <strong data-start=\"455\" data-end=\"487\">hautfreundlich und saugf\u00e4hig<\/strong> ist \u2013 ideal f\u00fcr empfindliche Babyhaut.<\/p>\n<p data-start=\"528\" data-end=\"797\">Ob beim Baden, Wickeln oder f\u00fcr das Gesicht: Der Waschlappen liegt angenehm in der Hand und reinigt zuverl\u00e4ssig, ohne die Haut zu reizen. Durch die zeitlose Farbe <strong data-start=\"691\" data-end=\"700\">Creme<\/strong> passt er perfekt in jedes Badezimmer und eignet sich auch wunderbar als <strong data-start=\"773\" data-end=\"796\">Gift for birth<\/strong>.<\/p>\n<h3 data-start=\"799\" data-end=\"835\">\u2714 Deine Vorteile auf einen Blick<\/h3>\n<p data-start=\"836\" data-end=\"1153\">\u2714 <strong data-start=\"838\" data-end=\"865\">Besonders weich &amp; sanft<\/strong> \u2013 ideal f\u00fcr Neugeborene und Babys<br data-start=\"899\" data-end=\"902\" \/>\u2714 <strong data-start=\"904\" data-end=\"928\">Hochwertiger Frottee<\/strong> mit guter Saugf\u00e4higkeit<br data-start=\"952\" data-end=\"955\" \/>\u2714 <strong data-start=\"957\" data-end=\"978\">Mit s\u00fc\u00dfen \u00d6hrchen<\/strong> \u2013 funktional &amp; liebevoll gestaltet<br data-start=\"1013\" data-end=\"1016\" \/>\u2714 <strong data-start=\"1018\" data-end=\"1043\">Vielseitig einsetzbar<\/strong> \u2013 f\u00fcr Bad, Wickeltisch &amp; Gesicht<br data-start=\"1076\" data-end=\"1079\" \/>\u2714 <strong data-start=\"1081\" data-end=\"1101\">Zeitloses Design<\/strong> \u2013 perfekt kombinierbar mit weiteren Babytextilien<\/p>\n<p data-start=\"1155\" data-end=\"1257\">Der Waschlappen ist pflegeleicht, langlebig und ein kleines, aber feines Must-have f\u00fcr die Babypflege.<\/p>\n<p>Farbe: creme<br \/>\nMa\u00dfe: 10x 22,5cm<br \/>\nMaterial: Baumwolle<\/p>","protected":false},"excerpt":{"rendered":"<p>SOFT COTTON WASHCLOTH FOR SENSITIVE BABY SKIN<\/p>","protected":false},"featured_media":14685,"template":"","meta":{"inline_featured_image":false},"product_brand":[],"product_cat":[99,138,139],"product_tag":[],"class_list":{"0":"post-7885","1":"product","2":"type-product","3":"status-publish","4":"has-post-thumbnail","6":"product_cat-pflegen","7":"product_cat-babys","8":"product_cat-kids","9":"product_shipping_class-standard","11":"first","12":"instock","13":"taxable","14":"shipping-taxable","15":"purchasable","16":"product-type-simple"},"composite_virtual":false,"composite_layout":"","composite_add_to_cart_form_location":"","composite_editable_in_cart":false,"composite_sold_individually_context":"","composite_shop_price_calc":"","composite_components":[],"composite_scenarios":[],"yoast_head":"<!-- This site is optimized with the Yoast SEO plugin v27.2 - https:\/\/yoast.com\/product\/yoast-seo-wordpress\/ -->\n<title>Waschlappen mit B\u00e4renohren creme - The Little Palm<\/title>\n<meta name=\"robots\" content=\"index, follow, max-snippet:-1, max-image-preview:large, max-video-preview:-1\" \/>\n<link rel=\"canonical\" href=\"https:\/\/littlepalm.de\/en\/product\/mushie-waschlappen-2er-set-weiss\/\" \/>\n<meta property=\"og:locale\" content=\"en_GB\" \/>\n<meta property=\"og:type\" content=\"article\" \/>\n<meta property=\"og:title\" content=\"Waschlappen mit B\u00e4renohren creme - The Little Palm\" \/>\n<meta property=\"og:description\" content=\"WEICHER WASCHLAPPEN AUS BAUMWOLLE F\u00dcR EMPFINDLICHE BABYHAUT\" \/>\n<meta property=\"og:url\" content=\"https:\/\/littlepalm.de\/en\/product\/mushie-waschlappen-2er-set-weiss\/\" \/>\n<meta property=\"og:site_name\" content=\"The Little Palm\" \/>\n<meta property=\"article:modified_time\" content=\"2026-02-05T08:59:16+00:00\" \/>\n<meta property=\"og:image\" content=\"https:\/\/littlepalm.de\/wp-content\/uploads\/2023\/12\/40a1c4fb-5905-4aa4-8a14-bf27602e20b1-1.png\" \/>\n\t<meta property=\"og:image:width\" content=\"1024\" \/>\n\t<meta property=\"og:image:height\" content=\"1024\" \/>\n\t<meta property=\"og:image:type\" content=\"image\/png\" \/>\n<meta name=\"twitter:card\" content=\"summary_large_image\" \/>\n<meta name=\"twitter:label1\" content=\"Estimated reading time\" \/>\n\t<meta name=\"twitter:data1\" content=\"2 minutes\" \/>\n<script type=\"application\/ld+json\" class=\"yoast-schema-graph\">{\"@context\":\"https:\/\/schema.org\",\"@graph\":[{\"@type\":\"WebPage\",\"@id\":\"https:\/\/littlepalm.de\/product\/mushie-waschlappen-2er-set-weiss\/\",\"url\":\"https:\/\/littlepalm.de\/product\/mushie-waschlappen-2er-set-weiss\/\",\"name\":\"Waschlappen mit B\u00e4renohren creme - The Little Palm\",\"isPartOf\":{\"@id\":\"https:\/\/littlepalm.de\/#website\"},\"primaryImageOfPage\":{\"@id\":\"https:\/\/littlepalm.de\/product\/mushie-waschlappen-2er-set-weiss\/#primaryimage\"},\"image\":{\"@id\":\"https:\/\/littlepalm.de\/product\/mushie-waschlappen-2er-set-weiss\/#primaryimage\"},\"thumbnailUrl\":\"https:\/\/littlepalm.de\/wp-content\/uploads\/2023\/12\/40a1c4fb-5905-4aa4-8a14-bf27602e20b1-1.png\",\"datePublished\":\"2023-12-29T09:04:42+00:00\",\"dateModified\":\"2026-02-05T08:59:16+00:00\",\"breadcrumb\":{\"@id\":\"https:\/\/littlepalm.de\/product\/mushie-waschlappen-2er-set-weiss\/#breadcrumb\"},\"inLanguage\":\"en-GB\",\"potentialAction\":[{\"@type\":\"ReadAction\",\"target\":[\"https:\/\/littlepalm.de\/product\/mushie-waschlappen-2er-set-weiss\/\"]}]},{\"@type\":\"ImageObject\",\"inLanguage\":\"en-GB\",\"@id\":\"https:\/\/littlepalm.de\/product\/mushie-waschlappen-2er-set-weiss\/#primaryimage\",\"url\":\"https:\/\/littlepalm.de\/wp-content\/uploads\/2023\/12\/40a1c4fb-5905-4aa4-8a14-bf27602e20b1-1.png\",\"contentUrl\":\"https:\/\/littlepalm.de\/wp-content\/uploads\/2023\/12\/40a1c4fb-5905-4aa4-8a14-bf27602e20b1-1.png\",\"width\":1024,\"height\":1024},{\"@type\":\"BreadcrumbList\",\"@id\":\"https:\/\/littlepalm.de\/product\/mushie-waschlappen-2er-set-weiss\/#breadcrumb\",\"itemListElement\":[{\"@type\":\"ListItem\",\"position\":1,\"name\":\"Startseite\",\"item\":\"https:\/\/littlepalm.de\/\"},{\"@type\":\"ListItem\",\"position\":2,\"name\":\"Geschenkboxen\",\"item\":\"https:\/\/littlepalm.de\/geschenkboxen\/\"},{\"@type\":\"ListItem\",\"position\":3,\"name\":\"Waschlappen mit B\u00e4renohren creme\"}]},{\"@type\":\"WebSite\",\"@id\":\"https:\/\/littlepalm.de\/#website\",\"url\":\"https:\/\/littlepalm.de\/\",\"name\":\"The Little Palm\",\"description\":\"Individuelle Geschenkboxen\",\"potentialAction\":[{\"@type\":\"SearchAction\",\"target\":{\"@type\":\"EntryPoint\",\"urlTemplate\":\"https:\/\/littlepalm.de\/?s={search_term_string}\"},\"query-input\":{\"@type\":\"PropertyValueSpecification\",\"valueRequired\":true,\"valueName\":\"search_term_string\"}}],\"inLanguage\":\"en-GB\"}]}<\/script>\n<!-- \/ Yoast SEO plugin. -->","yoast_head_json":{"title":"Waschlappen mit B\u00e4renohren creme - The Little Palm","robots":{"index":"index","follow":"follow","max-snippet":"max-snippet:-1","max-image-preview":"max-image-preview:large","max-video-preview":"max-video-preview:-1"},"canonical":"https:\/\/littlepalm.de\/en\/product\/mushie-waschlappen-2er-set-weiss\/","og_locale":"en_GB","og_type":"article","og_title":"Waschlappen mit B\u00e4renohren creme - The Little Palm","og_description":"WEICHER WASCHLAPPEN AUS BAUMWOLLE F\u00dcR EMPFINDLICHE BABYHAUT","og_url":"https:\/\/littlepalm.de\/en\/product\/mushie-waschlappen-2er-set-weiss\/","og_site_name":"The Little Palm","article_modified_time":"2026-02-05T08:59:16+00:00","og_image":[{"width":1024,"height":1024,"url":"https:\/\/littlepalm.de\/wp-content\/uploads\/2023\/12\/40a1c4fb-5905-4aa4-8a14-bf27602e20b1-1.png","type":"image\/png"}],"twitter_card":"summary_large_image","twitter_misc":{"Estimated reading time":"2 minutes"},"schema":{"@context":"https:\/\/schema.org","@graph":[{"@type":"WebPage","@id":"https:\/\/littlepalm.de\/product\/mushie-waschlappen-2er-set-weiss\/","url":"https:\/\/littlepalm.de\/product\/mushie-waschlappen-2er-set-weiss\/","name":"Waschlappen mit B\u00e4renohren creme - The Little Palm","isPartOf":{"@id":"https:\/\/littlepalm.de\/#website"},"primaryImageOfPage":{"@id":"https:\/\/littlepalm.de\/product\/mushie-waschlappen-2er-set-weiss\/#primaryimage"},"image":{"@id":"https:\/\/littlepalm.de\/product\/mushie-waschlappen-2er-set-weiss\/#primaryimage"},"thumbnailUrl":"https:\/\/littlepalm.de\/wp-content\/uploads\/2023\/12\/40a1c4fb-5905-4aa4-8a14-bf27602e20b1-1.png","datePublished":"2023-12-29T09:04:42+00:00","dateModified":"2026-02-05T08:59:16+00:00","breadcrumb":{"@id":"https:\/\/littlepalm.de\/product\/mushie-waschlappen-2er-set-weiss\/#breadcrumb"},"inLanguage":"en-GB","potentialAction":[{"@type":"ReadAction","target":["https:\/\/littlepalm.de\/product\/mushie-waschlappen-2er-set-weiss\/"]}]},{"@type":"ImageObject","inLanguage":"en-GB","@id":"https:\/\/littlepalm.de\/product\/mushie-waschlappen-2er-set-weiss\/#primaryimage","url":"https:\/\/littlepalm.de\/wp-content\/uploads\/2023\/12\/40a1c4fb-5905-4aa4-8a14-bf27602e20b1-1.png","contentUrl":"https:\/\/littlepalm.de\/wp-content\/uploads\/2023\/12\/40a1c4fb-5905-4aa4-8a14-bf27602e20b1-1.png","width":1024,"height":1024},{"@type":"BreadcrumbList","@id":"https:\/\/littlepalm.de\/product\/mushie-waschlappen-2er-set-weiss\/#breadcrumb","itemListElement":[{"@type":"ListItem","position":1,"name":"Startseite","item":"https:\/\/littlepalm.de\/"},{"@type":"ListItem","position":2,"name":"Geschenkboxen","item":"https:\/\/littlepalm.de\/geschenkboxen\/"},{"@type":"ListItem","position":3,"name":"Waschlappen mit B\u00e4renohren creme"}]},{"@type":"WebSite","@id":"https:\/\/littlepalm.de\/#website","url":"https:\/\/littlepalm.de\/","name":"The Little Palm","description":"Individual gift boxes","potentialAction":[{"@type":"SearchAction","target":{"@type":"EntryPoint","urlTemplate":"https:\/\/littlepalm.de\/?s={search_term_string}"},"query-input":{"@type":"PropertyValueSpecification","valueRequired":true,"valueName":"search_term_string"}}],"inLanguage":"en-GB"}]}},"jetpack_sharing_enabled":true,"_links":{"self":[{"href":"https:\/\/littlepalm.de\/en\/wp-json\/wp\/v2\/product\/7885","targetHints":{"allow":["GET"]}}],"collection":[{"href":"https:\/\/littlepalm.de\/en\/wp-json\/wp\/v2\/product"}],"about":[{"href":"https:\/\/littlepalm.de\/en\/wp-json\/wp\/v2\/types\/product"}],"wp:featuredmedia":[{"embeddable":true,"href":"https:\/\/littlepalm.de\/en\/wp-json\/wp\/v2\/media\/14685"}],"wp:attachment":[{"href":"https:\/\/littlepalm.de\/en\/wp-json\/wp\/v2\/media?parent=7885"}],"wp:term":[{"taxonomy":"product_brand","embeddable":true,"href":"https:\/\/littlepalm.de\/en\/wp-json\/wp\/v2\/product_brand?post=7885"},{"taxonomy":"product_cat","embeddable":true,"href":"https:\/\/littlepalm.de\/en\/wp-json\/wp\/v2\/product_cat?post=7885"},{"taxonomy":"product_tag","embeddable":true,"href":"https:\/\/littlepalm.de\/en\/wp-json\/wp\/v2\/product_tag?post=7885"}],"curies":[{"name":"wp","href":"https:\/\/api.w.org\/{rel}","templated":true}]}}