{"id":7512,"date":"2023-09-18T09:57:57","date_gmt":"2023-09-18T07:57:57","guid":{"rendered":"https:\/\/littlepalm.de\/?post_type=product&#038;p=7512"},"modified":"2026-01-06T16:52:20","modified_gmt":"2026-01-06T15:52:20","slug":"babystrickschuehchen-creme-melange","status":"publish","type":"product","link":"https:\/\/littlepalm.de\/en\/product\/babystrickschuehchen-creme-melange\/","title":{"rendered":"Baby knitted booties, cream melange"},"content":{"rendered":"<p>These cute knitted baby booties are the perfect addition to our little darlings&#039; wardrobe. Made from high-quality, soft cotton, these booties are not only incredibly comfortable but also extremely cute. They&#039;ll keep your baby&#039;s delicate feet warm and cozy at all times.<\/p>\n<p>\u2022 Color: cream melange<br \/>\n\u2022 Size 0-6 months<\/p>","protected":false},"excerpt":{"rendered":"<p>SWEET BABY KNITTED COTTON SHOES<\/p>","protected":false},"featured_media":8096,"template":"","meta":{"inline_featured_image":false},"product_brand":[],"product_cat":[133,138],"product_tag":[],"class_list":{"0":"post-7512","1":"product","2":"type-product","3":"status-publish","4":"has-post-thumbnail","6":"product_cat-anziehen","7":"product_cat-babys","8":"product_shipping_class-standard","10":"first","11":"instock","12":"taxable","13":"shipping-taxable","14":"purchasable","15":"product-type-simple"},"yoast_head":"<!-- This site is optimized with the Yoast SEO plugin v27.2 - https:\/\/yoast.com\/product\/yoast-seo-wordpress\/ -->\n<title>Babystricksch\u00fchchen, creme melange - The Little Palm<\/title>\n<meta name=\"robots\" content=\"index, follow, max-snippet:-1, max-image-preview:large, max-video-preview:-1\" \/>\n<link rel=\"canonical\" href=\"https:\/\/littlepalm.de\/en\/product\/babystrickschuehchen-creme-melange\/\" \/>\n<meta property=\"og:locale\" content=\"en_GB\" \/>\n<meta property=\"og:type\" content=\"article\" \/>\n<meta property=\"og:title\" content=\"Babystricksch\u00fchchen, creme melange - The Little Palm\" \/>\n<meta property=\"og:description\" content=\"S\u00dc\u00dfE BABYSTRICKSCH\u00dcHCHEN AUS BAUMWOLLE\" \/>\n<meta property=\"og:url\" content=\"https:\/\/littlepalm.de\/en\/product\/babystrickschuehchen-creme-melange\/\" \/>\n<meta property=\"og:site_name\" content=\"The Little Palm\" \/>\n<meta property=\"article:modified_time\" content=\"2026-01-06T15:52:20+00:00\" \/>\n<meta property=\"og:image\" content=\"https:\/\/littlepalm.de\/wp-content\/uploads\/2023\/09\/EV8A5152.jpg\" \/>\n\t<meta property=\"og:image:width\" content=\"1218\" \/>\n\t<meta property=\"og:image:height\" content=\"1218\" \/>\n\t<meta property=\"og:image:type\" content=\"image\/jpeg\" \/>\n<meta name=\"twitter:card\" content=\"summary_large_image\" \/>\n<meta name=\"twitter:label1\" content=\"Estimated reading time\" \/>\n\t<meta name=\"twitter:data1\" content=\"1 minute\" \/>\n<script type=\"application\/ld+json\" class=\"yoast-schema-graph\">{\"@context\":\"https:\/\/schema.org\",\"@graph\":[{\"@type\":\"WebPage\",\"@id\":\"https:\/\/littlepalm.de\/product\/babystrickschuehchen-creme-melange\/\",\"url\":\"https:\/\/littlepalm.de\/product\/babystrickschuehchen-creme-melange\/\",\"name\":\"Babystricksch\u00fchchen, creme melange - The Little Palm\",\"isPartOf\":{\"@id\":\"https:\/\/littlepalm.de\/#website\"},\"primaryImageOfPage\":{\"@id\":\"https:\/\/littlepalm.de\/product\/babystrickschuehchen-creme-melange\/#primaryimage\"},\"image\":{\"@id\":\"https:\/\/littlepalm.de\/product\/babystrickschuehchen-creme-melange\/#primaryimage\"},\"thumbnailUrl\":\"https:\/\/littlepalm.de\/wp-content\/uploads\/2023\/09\/EV8A5152.jpg\",\"datePublished\":\"2023-09-18T07:57:57+00:00\",\"dateModified\":\"2026-01-06T15:52:20+00:00\",\"breadcrumb\":{\"@id\":\"https:\/\/littlepalm.de\/product\/babystrickschuehchen-creme-melange\/#breadcrumb\"},\"inLanguage\":\"en-GB\",\"potentialAction\":[{\"@type\":\"ReadAction\",\"target\":[\"https:\/\/littlepalm.de\/product\/babystrickschuehchen-creme-melange\/\"]}]},{\"@type\":\"ImageObject\",\"inLanguage\":\"en-GB\",\"@id\":\"https:\/\/littlepalm.de\/product\/babystrickschuehchen-creme-melange\/#primaryimage\",\"url\":\"https:\/\/littlepalm.de\/wp-content\/uploads\/2023\/09\/EV8A5152.jpg\",\"contentUrl\":\"https:\/\/littlepalm.de\/wp-content\/uploads\/2023\/09\/EV8A5152.jpg\",\"width\":1218,\"height\":1218},{\"@type\":\"BreadcrumbList\",\"@id\":\"https:\/\/littlepalm.de\/product\/babystrickschuehchen-creme-melange\/#breadcrumb\",\"itemListElement\":[{\"@type\":\"ListItem\",\"position\":1,\"name\":\"Startseite\",\"item\":\"https:\/\/littlepalm.de\/\"},{\"@type\":\"ListItem\",\"position\":2,\"name\":\"Geschenkboxen\",\"item\":\"https:\/\/littlepalm.de\/geschenkboxen\/\"},{\"@type\":\"ListItem\",\"position\":3,\"name\":\"Babystricksch\u00fchchen, creme melange\"}]},{\"@type\":\"WebSite\",\"@id\":\"https:\/\/littlepalm.de\/#website\",\"url\":\"https:\/\/littlepalm.de\/\",\"name\":\"The Little Palm\",\"description\":\"Individuelle Geschenkboxen\",\"potentialAction\":[{\"@type\":\"SearchAction\",\"target\":{\"@type\":\"EntryPoint\",\"urlTemplate\":\"https:\/\/littlepalm.de\/?s={search_term_string}\"},\"query-input\":{\"@type\":\"PropertyValueSpecification\",\"valueRequired\":true,\"valueName\":\"search_term_string\"}}],\"inLanguage\":\"en-GB\"}]}<\/script>\n<!-- \/ Yoast SEO plugin. -->","yoast_head_json":{"title":"Baby knitted booties, cream melange - The Little Palm","robots":{"index":"index","follow":"follow","max-snippet":"max-snippet:-1","max-image-preview":"max-image-preview:large","max-video-preview":"max-video-preview:-1"},"canonical":"https:\/\/littlepalm.de\/en\/product\/babystrickschuehchen-creme-melange\/","og_locale":"en_GB","og_type":"article","og_title":"Babystricksch\u00fchchen, creme melange - The Little Palm","og_description":"S\u00dc\u00dfE BABYSTRICKSCH\u00dcHCHEN AUS BAUMWOLLE","og_url":"https:\/\/littlepalm.de\/en\/product\/babystrickschuehchen-creme-melange\/","og_site_name":"The Little Palm","article_modified_time":"2026-01-06T15:52:20+00:00","og_image":[{"width":1218,"height":1218,"url":"https:\/\/littlepalm.de\/wp-content\/uploads\/2023\/09\/EV8A5152.jpg","type":"image\/jpeg"}],"twitter_card":"summary_large_image","twitter_misc":{"Estimated reading time":"1 minute"},"schema":{"@context":"https:\/\/schema.org","@graph":[{"@type":"WebPage","@id":"https:\/\/littlepalm.de\/product\/babystrickschuehchen-creme-melange\/","url":"https:\/\/littlepalm.de\/product\/babystrickschuehchen-creme-melange\/","name":"Baby knitted booties, cream melange - The Little Palm","isPartOf":{"@id":"https:\/\/littlepalm.de\/#website"},"primaryImageOfPage":{"@id":"https:\/\/littlepalm.de\/product\/babystrickschuehchen-creme-melange\/#primaryimage"},"image":{"@id":"https:\/\/littlepalm.de\/product\/babystrickschuehchen-creme-melange\/#primaryimage"},"thumbnailUrl":"https:\/\/littlepalm.de\/wp-content\/uploads\/2023\/09\/EV8A5152.jpg","datePublished":"2023-09-18T07:57:57+00:00","dateModified":"2026-01-06T15:52:20+00:00","breadcrumb":{"@id":"https:\/\/littlepalm.de\/product\/babystrickschuehchen-creme-melange\/#breadcrumb"},"inLanguage":"en-GB","potentialAction":[{"@type":"ReadAction","target":["https:\/\/littlepalm.de\/product\/babystrickschuehchen-creme-melange\/"]}]},{"@type":"ImageObject","inLanguage":"en-GB","@id":"https:\/\/littlepalm.de\/product\/babystrickschuehchen-creme-melange\/#primaryimage","url":"https:\/\/littlepalm.de\/wp-content\/uploads\/2023\/09\/EV8A5152.jpg","contentUrl":"https:\/\/littlepalm.de\/wp-content\/uploads\/2023\/09\/EV8A5152.jpg","width":1218,"height":1218},{"@type":"BreadcrumbList","@id":"https:\/\/littlepalm.de\/product\/babystrickschuehchen-creme-melange\/#breadcrumb","itemListElement":[{"@type":"ListItem","position":1,"name":"Startseite","item":"https:\/\/littlepalm.de\/"},{"@type":"ListItem","position":2,"name":"Geschenkboxen","item":"https:\/\/littlepalm.de\/geschenkboxen\/"},{"@type":"ListItem","position":3,"name":"Babystricksch\u00fchchen, creme melange"}]},{"@type":"WebSite","@id":"https:\/\/littlepalm.de\/#website","url":"https:\/\/littlepalm.de\/","name":"The Little Palm","description":"Individual gift boxes","potentialAction":[{"@type":"SearchAction","target":{"@type":"EntryPoint","urlTemplate":"https:\/\/littlepalm.de\/?s={search_term_string}"},"query-input":{"@type":"PropertyValueSpecification","valueRequired":true,"valueName":"search_term_string"}}],"inLanguage":"en-GB"}]}},"jetpack_sharing_enabled":true,"_links":{"self":[{"href":"https:\/\/littlepalm.de\/en\/wp-json\/wp\/v2\/product\/7512","targetHints":{"allow":["GET"]}}],"collection":[{"href":"https:\/\/littlepalm.de\/en\/wp-json\/wp\/v2\/product"}],"about":[{"href":"https:\/\/littlepalm.de\/en\/wp-json\/wp\/v2\/types\/product"}],"wp:featuredmedia":[{"embeddable":true,"href":"https:\/\/littlepalm.de\/en\/wp-json\/wp\/v2\/media\/8096"}],"wp:attachment":[{"href":"https:\/\/littlepalm.de\/en\/wp-json\/wp\/v2\/media?parent=7512"}],"wp:term":[{"taxonomy":"product_brand","embeddable":true,"href":"https:\/\/littlepalm.de\/en\/wp-json\/wp\/v2\/product_brand?post=7512"},{"taxonomy":"product_cat","embeddable":true,"href":"https:\/\/littlepalm.de\/en\/wp-json\/wp\/v2\/product_cat?post=7512"},{"taxonomy":"product_tag","embeddable":true,"href":"https:\/\/littlepalm.de\/en\/wp-json\/wp\/v2\/product_tag?post=7512"}],"curies":[{"name":"wp","href":"https:\/\/api.w.org\/{rel}","templated":true}]}}