{"id":7478,"date":"2023-09-04T15:02:09","date_gmt":"2023-09-04T13:02:09","guid":{"rendered":"https:\/\/littlepalm.de\/?post_type=product&#038;p=7478"},"modified":"2026-04-24T11:18:52","modified_gmt":"2026-04-24T09:18:52","slug":"geschenkbox-something-sweet","status":"publish","type":"product","link":"https:\/\/littlepalm.de\/en\/product\/geschenkbox-something-sweet\/","title":{"rendered":"GIFT BOX SOMETHING SWEET"},"content":{"rendered":"<h3 data-start=\"282\" data-end=\"361\"><strong data-start=\"286\" data-end=\"361\">&quot;Something Sweet&quot; gift box \u2013 Adorable baby gift box for newborns<\/strong><\/h3>\n<p data-start=\"363\" data-end=\"741\">Our <strong data-start=\"370\" data-end=\"403\">Gift box \u201cSomething Sweet\u201d<\/strong> This is a lovingly curated gift set that will delight new parents and their little treasure with its style and functionality. <strong data-start=\"547\" data-end=\"566\">Baby gift box<\/strong> It combines carefully selected basics that are especially valued in the first stage of life and make every day a little sweeter.<\/p>\n<p data-start=\"743\" data-end=\"1238\">The <strong data-start=\"747\" data-end=\"778\">Something Sweet Gift Box<\/strong> Contains high-quality and thoughtfully designed favorite pieces:<br data-start=\"831\" data-end=\"834\" \/>\u2714 One <strong data-start=\"842\" data-end=\"865\">Pacifiers from FRIGG<\/strong> \u2013 gentle in the mouth and comfortable to wear<br data-start=\"906\" data-end=\"909\" \/>\u2714 One <strong data-start=\"917\" data-end=\"936\">Crackling teething ring<\/strong> \u2013 ideal for playful development and exploration with little fingers<br data-start=\"1018\" data-end=\"1021\" \/>\u2714 Soft <strong data-start=\"1030\" data-end=\"1066\">Knitted booties in cream melange<\/strong> \u2013 ensure warm feet in the first months<br data-start=\"1115\" data-end=\"1118\" data-is-only-node=\"\" \/>\u2714 One <strong data-start=\"1126\" data-end=\"1143\">silicone cubes<\/strong> \u2013 versatile use as a toy or first grasping toy<\/p>\n<p data-start=\"1240\" data-end=\"1678\">\ud83c\udf81 <strong data-start=\"1243\" data-end=\"1279\">Perfect as a gift for a newborn:<\/strong><br data-start=\"1279\" data-end=\"1282\" \/>This carefully selected <strong data-start=\"1311\" data-end=\"1337\">Gift box for birth<\/strong> This is a wonderful gift for a baby shower, a welcome visit, or simply as a lovely surprise for family and friends. With its pretty, modern box design and practical contents, the <em data-start=\"1541\" data-end=\"1574\">Something Sweet Baby Gift Box<\/em> Joy, functionality and style in the everyday life of the young family.<\/p>\n<p data-start=\"1680\" data-end=\"1962\">\u2728 <strong data-start=\"1682\" data-end=\"1734\">Ready to ship and give as a gift immediately:<\/strong><br data-start=\"1734\" data-end=\"1737\" \/>Each box is lovingly arranged and comes with gift ribbon \u2013 no invoice included, and an optional personalized gift card is available. This makes your gift an unforgettable surprise.<\/p>","protected":false},"excerpt":{"rendered":"<ul>\n<li>Lovingly compiled 4-piece gift set<\/li>\n<li>PRETTY, MODERN BOX DESIGN WITH GIFT RIBBON<\/li>\n<li>PACIFIERS FROM FRIGG<\/li>\n<li>Crackling teething ring<\/li>\n<li>KNITTED SHOES CREAM MELANGE<\/li>\n<li>SILICONE CUBES<\/li>\n<\/ul>","protected":false},"featured_media":9237,"template":"","meta":{"inline_featured_image":false},"product_brand":[],"product_cat":[16],"product_tag":[],"class_list":{"0":"post-7478","1":"product","2":"type-product","3":"status-publish","4":"has-post-thumbnail","6":"product_cat-uncategorized","7":"product_shipping_class-standard","9":"first","10":"instock","11":"taxable","12":"shipping-taxable","13":"purchasable","14":"product-type-simple"},"yoast_head":"<!-- This site is optimized with the Yoast SEO plugin v27.2 - https:\/\/yoast.com\/product\/yoast-seo-wordpress\/ -->\n<title>Geschenkbox Something Sweet f\u00fcr Babys zur Geburt kaufen - The Little Palm<\/title>\n<meta name=\"description\" content=\"Stilvoll zusammengestellte Geschenkbox zur Geburt f\u00fcr Babys, mit liebevoll ausgew\u00e4hlten, nachhaltigen Produkten, in einer modernen Geschenkverpackung \u2665\" \/>\n<meta name=\"robots\" content=\"index, follow, max-snippet:-1, max-image-preview:large, max-video-preview:-1\" \/>\n<link rel=\"canonical\" href=\"https:\/\/littlepalm.de\/en\/product\/geschenkbox-something-sweet\/\" \/>\n<meta property=\"og:locale\" content=\"en_GB\" \/>\n<meta property=\"og:type\" content=\"article\" \/>\n<meta property=\"og:title\" content=\"Geschenkbox Something Sweet f\u00fcr Babys zur Geburt kaufen - The Little Palm\" \/>\n<meta property=\"og:description\" content=\"Stilvoll zusammengestellte Geschenkbox zur Geburt f\u00fcr Babys, mit liebevoll ausgew\u00e4hlten, nachhaltigen Produkten, in einer modernen Geschenkverpackung \u2665\" \/>\n<meta property=\"og:url\" content=\"https:\/\/littlepalm.de\/en\/product\/geschenkbox-something-sweet\/\" \/>\n<meta property=\"og:site_name\" content=\"The Little Palm\" \/>\n<meta property=\"article:modified_time\" content=\"2026-04-24T09:18:52+00:00\" \/>\n<meta property=\"og:image\" content=\"https:\/\/littlepalm.de\/wp-content\/uploads\/2021\/10\/image00002-scaled.jpeg\" \/>\n\t<meta property=\"og:image:width\" content=\"2560\" \/>\n\t<meta property=\"og:image:height\" content=\"2560\" \/>\n\t<meta property=\"og:image:type\" content=\"image\/jpeg\" \/>\n<meta name=\"twitter:card\" content=\"summary_large_image\" \/>\n<meta name=\"twitter:label1\" content=\"Estimated reading time\" \/>\n\t<meta name=\"twitter:data1\" content=\"2 minutes\" \/>\n<script type=\"application\/ld+json\" class=\"yoast-schema-graph\">{\"@context\":\"https:\/\/schema.org\",\"@graph\":[{\"@type\":\"WebPage\",\"@id\":\"https:\/\/littlepalm.de\/product\/geschenkbox-something-sweet\/\",\"url\":\"https:\/\/littlepalm.de\/product\/geschenkbox-something-sweet\/\",\"name\":\"Geschenkbox Something Sweet f\u00fcr Babys zur Geburt kaufen - The Little Palm\",\"isPartOf\":{\"@id\":\"https:\/\/littlepalm.de\/#website\"},\"primaryImageOfPage\":{\"@id\":\"https:\/\/littlepalm.de\/product\/geschenkbox-something-sweet\/#primaryimage\"},\"image\":{\"@id\":\"https:\/\/littlepalm.de\/product\/geschenkbox-something-sweet\/#primaryimage\"},\"thumbnailUrl\":\"https:\/\/littlepalm.de\/wp-content\/uploads\/2021\/10\/image00002-scaled.jpeg\",\"datePublished\":\"2023-09-04T13:02:09+00:00\",\"dateModified\":\"2026-04-24T09:18:52+00:00\",\"description\":\"Stilvoll zusammengestellte Geschenkbox zur Geburt f\u00fcr Babys, mit liebevoll ausgew\u00e4hlten, nachhaltigen Produkten, in einer modernen Geschenkverpackung \u2665\",\"breadcrumb\":{\"@id\":\"https:\/\/littlepalm.de\/product\/geschenkbox-something-sweet\/#breadcrumb\"},\"inLanguage\":\"en-GB\",\"potentialAction\":[{\"@type\":\"ReadAction\",\"target\":[\"https:\/\/littlepalm.de\/product\/geschenkbox-something-sweet\/\"]}]},{\"@type\":\"ImageObject\",\"inLanguage\":\"en-GB\",\"@id\":\"https:\/\/littlepalm.de\/product\/geschenkbox-something-sweet\/#primaryimage\",\"url\":\"https:\/\/littlepalm.de\/wp-content\/uploads\/2021\/10\/image00002-scaled.jpeg\",\"contentUrl\":\"https:\/\/littlepalm.de\/wp-content\/uploads\/2021\/10\/image00002-scaled.jpeg\",\"width\":2560,\"height\":2560},{\"@type\":\"BreadcrumbList\",\"@id\":\"https:\/\/littlepalm.de\/product\/geschenkbox-something-sweet\/#breadcrumb\",\"itemListElement\":[{\"@type\":\"ListItem\",\"position\":1,\"name\":\"Startseite\",\"item\":\"https:\/\/littlepalm.de\/\"},{\"@type\":\"ListItem\",\"position\":2,\"name\":\"Geschenkboxen\",\"item\":\"https:\/\/littlepalm.de\/geschenkboxen\/\"},{\"@type\":\"ListItem\",\"position\":3,\"name\":\"GESCHENKBOX SOMETHING SWEET\"}]},{\"@type\":\"WebSite\",\"@id\":\"https:\/\/littlepalm.de\/#website\",\"url\":\"https:\/\/littlepalm.de\/\",\"name\":\"The Little Palm\",\"description\":\"Individuelle Geschenkboxen\",\"potentialAction\":[{\"@type\":\"SearchAction\",\"target\":{\"@type\":\"EntryPoint\",\"urlTemplate\":\"https:\/\/littlepalm.de\/?s={search_term_string}\"},\"query-input\":{\"@type\":\"PropertyValueSpecification\",\"valueRequired\":true,\"valueName\":\"search_term_string\"}}],\"inLanguage\":\"en-GB\"}]}<\/script>\n<!-- \/ Yoast SEO plugin. -->","yoast_head_json":{"title":"Geschenkbox Something Sweet f\u00fcr Babys zur Geburt kaufen - The Little Palm","description":"A stylishly curated gift box for newborns, featuring lovingly selected, sustainable products, presented in modern gift packaging \u2665","robots":{"index":"index","follow":"follow","max-snippet":"max-snippet:-1","max-image-preview":"max-image-preview:large","max-video-preview":"max-video-preview:-1"},"canonical":"https:\/\/littlepalm.de\/en\/product\/geschenkbox-something-sweet\/","og_locale":"en_GB","og_type":"article","og_title":"Geschenkbox Something Sweet f\u00fcr Babys zur Geburt kaufen - The Little Palm","og_description":"Stilvoll zusammengestellte Geschenkbox zur Geburt f\u00fcr Babys, mit liebevoll ausgew\u00e4hlten, nachhaltigen Produkten, in einer modernen Geschenkverpackung \u2665","og_url":"https:\/\/littlepalm.de\/en\/product\/geschenkbox-something-sweet\/","og_site_name":"The Little Palm","article_modified_time":"2026-04-24T09:18:52+00:00","og_image":[{"width":2560,"height":2560,"url":"https:\/\/littlepalm.de\/wp-content\/uploads\/2021\/10\/image00002-scaled.jpeg","type":"image\/jpeg"}],"twitter_card":"summary_large_image","twitter_misc":{"Estimated reading time":"2 minutes"},"schema":{"@context":"https:\/\/schema.org","@graph":[{"@type":"WebPage","@id":"https:\/\/littlepalm.de\/product\/geschenkbox-something-sweet\/","url":"https:\/\/littlepalm.de\/product\/geschenkbox-something-sweet\/","name":"Geschenkbox Something Sweet f\u00fcr Babys zur Geburt kaufen - The Little Palm","isPartOf":{"@id":"https:\/\/littlepalm.de\/#website"},"primaryImageOfPage":{"@id":"https:\/\/littlepalm.de\/product\/geschenkbox-something-sweet\/#primaryimage"},"image":{"@id":"https:\/\/littlepalm.de\/product\/geschenkbox-something-sweet\/#primaryimage"},"thumbnailUrl":"https:\/\/littlepalm.de\/wp-content\/uploads\/2021\/10\/image00002-scaled.jpeg","datePublished":"2023-09-04T13:02:09+00:00","dateModified":"2026-04-24T09:18:52+00:00","description":"A stylishly curated gift box for newborns, featuring lovingly selected, sustainable products, presented in modern gift packaging \u2665","breadcrumb":{"@id":"https:\/\/littlepalm.de\/product\/geschenkbox-something-sweet\/#breadcrumb"},"inLanguage":"en-GB","potentialAction":[{"@type":"ReadAction","target":["https:\/\/littlepalm.de\/product\/geschenkbox-something-sweet\/"]}]},{"@type":"ImageObject","inLanguage":"en-GB","@id":"https:\/\/littlepalm.de\/product\/geschenkbox-something-sweet\/#primaryimage","url":"https:\/\/littlepalm.de\/wp-content\/uploads\/2021\/10\/image00002-scaled.jpeg","contentUrl":"https:\/\/littlepalm.de\/wp-content\/uploads\/2021\/10\/image00002-scaled.jpeg","width":2560,"height":2560},{"@type":"BreadcrumbList","@id":"https:\/\/littlepalm.de\/product\/geschenkbox-something-sweet\/#breadcrumb","itemListElement":[{"@type":"ListItem","position":1,"name":"Startseite","item":"https:\/\/littlepalm.de\/"},{"@type":"ListItem","position":2,"name":"Geschenkboxen","item":"https:\/\/littlepalm.de\/geschenkboxen\/"},{"@type":"ListItem","position":3,"name":"GESCHENKBOX SOMETHING SWEET"}]},{"@type":"WebSite","@id":"https:\/\/littlepalm.de\/#website","url":"https:\/\/littlepalm.de\/","name":"The Little Palm","description":"Individual gift boxes","potentialAction":[{"@type":"SearchAction","target":{"@type":"EntryPoint","urlTemplate":"https:\/\/littlepalm.de\/?s={search_term_string}"},"query-input":{"@type":"PropertyValueSpecification","valueRequired":true,"valueName":"search_term_string"}}],"inLanguage":"en-GB"}]}},"jetpack_sharing_enabled":true,"_links":{"self":[{"href":"https:\/\/littlepalm.de\/en\/wp-json\/wp\/v2\/product\/7478","targetHints":{"allow":["GET"]}}],"collection":[{"href":"https:\/\/littlepalm.de\/en\/wp-json\/wp\/v2\/product"}],"about":[{"href":"https:\/\/littlepalm.de\/en\/wp-json\/wp\/v2\/types\/product"}],"wp:featuredmedia":[{"embeddable":true,"href":"https:\/\/littlepalm.de\/en\/wp-json\/wp\/v2\/media\/9237"}],"wp:attachment":[{"href":"https:\/\/littlepalm.de\/en\/wp-json\/wp\/v2\/media?parent=7478"}],"wp:term":[{"taxonomy":"product_brand","embeddable":true,"href":"https:\/\/littlepalm.de\/en\/wp-json\/wp\/v2\/product_brand?post=7478"},{"taxonomy":"product_cat","embeddable":true,"href":"https:\/\/littlepalm.de\/en\/wp-json\/wp\/v2\/product_cat?post=7478"},{"taxonomy":"product_tag","embeddable":true,"href":"https:\/\/littlepalm.de\/en\/wp-json\/wp\/v2\/product_tag?post=7478"}],"curies":[{"name":"wp","href":"https:\/\/api.w.org\/{rel}","templated":true}]}}