{"id":7456,"date":"2023-09-01T12:50:31","date_gmt":"2023-09-01T10:50:31","guid":{"rendered":"https:\/\/littlepalm.de\/?post_type=product&#038;p=7456"},"modified":"2026-04-03T22:25:54","modified_gmt":"2026-04-03T20:25:54","slug":"geschenkbox-welcome","status":"publish","type":"product","link":"https:\/\/littlepalm.de\/en\/product\/geschenkbox-welcome\/","title":{"rendered":"WELCOME GIFT BOX"},"content":{"rendered":"<p class=\"\" data-start=\"304\" data-end=\"572\">The <strong data-start=\"308\" data-end=\"330\">Gift box \u201cWelcome\u201d<\/strong> is a lovingly compiled <strong data-start=\"368\" data-end=\"387\">Baby gift box<\/strong>, which impresses with style, quality, and heart. It contains a harmonious selection of high-quality baby essentials \u2013 perfect as a special gift for a new baby or baby shower.<\/p>\n<p class=\"\" data-start=\"574\" data-end=\"601\"><strong data-start=\"574\" data-end=\"601\">Contents of the gift box:<\/strong><\/p>\n<ul data-start=\"602\" data-end=\"864\">\n<li class=\"\" data-start=\"602\" data-end=\"677\">\n<p class=\"\" data-start=\"604\" data-end=\"677\">Silicone bowl with matching spoon \u2013 ideal for the first porridge meals<\/p>\n<\/li>\n<li class=\"\" data-start=\"678\" data-end=\"728\">\n<p class=\"\" data-start=\"680\" data-end=\"728\">Cuddly soft muslin cloth with cute print<\/p>\n<\/li>\n<li class=\"\" data-start=\"729\" data-end=\"776\">\n<p class=\"\" data-start=\"731\" data-end=\"776\">Wooden sign \u201cHello World\u201d for the first photo<\/p>\n<\/li>\n<li class=\"\" data-start=\"777\" data-end=\"823\">\n<p class=\"\" data-start=\"779\" data-end=\"823\">Soothing pacifier in a neutral design<\/p>\n<\/li>\n<li class=\"\" data-start=\"824\" data-end=\"864\">\n<p class=\"\" data-start=\"826\" data-end=\"864\">Silicone teether from The Little Palm<\/p>\n<\/li>\n<\/ul>\n<p class=\"\" data-start=\"866\" data-end=\"1080\">This <strong data-start=\"872\" data-end=\"898\">Gift box for birth<\/strong> is designed in soft natural tones and is ideal for both girls and boys. All products are carefully selected, practical for everyday use, and at the same time a stylish eye-catcher.<\/p>\n<p class=\"\" data-start=\"1082\" data-end=\"1105\"><strong data-start=\"1082\" data-end=\"1105\">Special features:<\/strong><\/p>\n<ul data-start=\"1106\" data-end=\"1281\">\n<li class=\"\" data-start=\"1106\" data-end=\"1132\">\n<p class=\"\" data-start=\"1108\" data-end=\"1132\">Gender-neutral design<\/p>\n<\/li>\n<li class=\"\" data-start=\"1133\" data-end=\"1171\">\n<p class=\"\" data-start=\"1135\" data-end=\"1171\">Sustainable &amp; tested materials<\/p>\n<\/li>\n<li class=\"\" data-start=\"1172\" data-end=\"1229\">\n<p class=\"\" data-start=\"1174\" data-end=\"1229\">High-quality gift packaging \u2013 ready for shipping<\/p>\n<\/li>\n<li class=\"\" data-start=\"1230\" data-end=\"1281\">\n<p class=\"\" data-start=\"1232\" data-end=\"1281\">Compiled with love and eye for detail<\/p>\n<\/li>\n<\/ul>\n<p class=\"\" data-start=\"1283\" data-end=\"1471\">Whether as a welcome greeting for a newborn or as a loving gift for expectant parents \u2013 with the <strong data-start=\"1387\" data-end=\"1413\">Baby gift box \u201cWelcome\u201d<\/strong> you give away joy, functionality and a lot of heart.<\/p>","protected":false},"excerpt":{"rendered":"<ul>\n<li>Lovingly compiled 4-piece gift set<\/li>\n<li>PRETTY, MODERN BOX DESIGN WITH GIFT RIBBON<\/li>\n<li>MUSLIN CLOTH MADE FROM BAMBOO\/COTTON<\/li>\n<li>PACIFIER CHAIN IN ROSE BROWN<\/li>\n<li>WOOD RATTLE BEAR<\/li>\n<li>PERSONALIZABLE<\/li>\n<li>GOTS CERTIFIED<\/li>\n<\/ul>\n<p><strong>WE SHIP DIRECTLY TO THE RECIPIENT, OF COURSE WITHOUT AN INVOICE IN THE BOX!<\/strong><\/p>","protected":false},"featured_media":11472,"template":"","meta":{"inline_featured_image":false},"product_brand":[],"product_cat":[143,294,304,305,306,136],"product_tag":[],"class_list":{"0":"post-7456","1":"product","2":"type-product","3":"status-publish","4":"has-post-thumbnail","6":"product_cat-gift-boxes","7":"product_cat-bis-59euro","8":"product_cat-geschenk-junge","9":"product_cat-geschenk-maedchen","10":"product_cat-geschenk-neutral","11":"product_cat-babygeschenkboxen","12":"product_shipping_class-standard","14":"first","15":"instock","16":"taxable","17":"shipping-taxable","18":"purchasable","19":"product-type-simple"},"composite_virtual":false,"composite_layout":"","composite_add_to_cart_form_location":"","composite_editable_in_cart":false,"composite_sold_individually_context":"","composite_shop_price_calc":"","composite_components":[],"composite_scenarios":[],"yoast_head":"<!-- This site is optimized with the Yoast SEO plugin v27.2 - https:\/\/yoast.com\/product\/yoast-seo-wordpress\/ -->\n<title>Babygeschenkbox zur Geburt f\u00fcr M\u00e4dchen und Jungs kaufen - The Little Palm<\/title>\n<meta name=\"description\" content=\"Stilvoll zusammengestellte Geschenkbox zur Geburt f\u00fcr Jungs und M\u00e4dchen, mit nachhaltigen Produkten, in einer modernen Geschenkverpackung \u2665\" \/>\n<meta name=\"robots\" content=\"index, follow, max-snippet:-1, max-image-preview:large, max-video-preview:-1\" \/>\n<link rel=\"canonical\" href=\"https:\/\/littlepalm.de\/en\/product\/geschenkbox-welcome\/\" \/>\n<meta property=\"og:locale\" content=\"en_GB\" \/>\n<meta property=\"og:type\" content=\"article\" \/>\n<meta property=\"og:title\" content=\"Babygeschenkbox zur Geburt f\u00fcr M\u00e4dchen und Jungs kaufen - The Little Palm\" \/>\n<meta property=\"og:description\" content=\"Stilvoll zusammengestellte Geschenkbox zur Geburt f\u00fcr Jungs und M\u00e4dchen, mit nachhaltigen Produkten, in einer modernen Geschenkverpackung \u2665\" \/>\n<meta property=\"og:url\" content=\"https:\/\/littlepalm.de\/en\/product\/geschenkbox-welcome\/\" \/>\n<meta property=\"og:site_name\" content=\"The Little Palm\" \/>\n<meta property=\"article:modified_time\" content=\"2026-04-03T20:25:54+00:00\" \/>\n<meta property=\"og:image\" content=\"https:\/\/littlepalm.de\/wp-content\/uploads\/2022\/10\/IMG_E2296-scaled.jpg\" \/>\n\t<meta property=\"og:image:width\" content=\"2560\" \/>\n\t<meta property=\"og:image:height\" content=\"2560\" \/>\n\t<meta property=\"og:image:type\" content=\"image\/jpeg\" \/>\n<meta name=\"twitter:card\" content=\"summary_large_image\" \/>\n<meta name=\"twitter:label1\" content=\"Estimated reading time\" \/>\n\t<meta name=\"twitter:data1\" content=\"1 minute\" \/>\n<script type=\"application\/ld+json\" class=\"yoast-schema-graph\">{\"@context\":\"https:\/\/schema.org\",\"@graph\":[{\"@type\":\"WebPage\",\"@id\":\"https:\/\/littlepalm.de\/product\/geschenkbox-welcome\/\",\"url\":\"https:\/\/littlepalm.de\/product\/geschenkbox-welcome\/\",\"name\":\"Babygeschenkbox zur Geburt f\u00fcr M\u00e4dchen und Jungs kaufen - The Little Palm\",\"isPartOf\":{\"@id\":\"https:\/\/littlepalm.de\/#website\"},\"primaryImageOfPage\":{\"@id\":\"https:\/\/littlepalm.de\/product\/geschenkbox-welcome\/#primaryimage\"},\"image\":{\"@id\":\"https:\/\/littlepalm.de\/product\/geschenkbox-welcome\/#primaryimage\"},\"thumbnailUrl\":\"https:\/\/littlepalm.de\/wp-content\/uploads\/2022\/10\/IMG_E2296-scaled.jpg\",\"datePublished\":\"2023-09-01T10:50:31+00:00\",\"dateModified\":\"2026-04-03T20:25:54+00:00\",\"description\":\"Stilvoll zusammengestellte Geschenkbox zur Geburt f\u00fcr Jungs und M\u00e4dchen, mit nachhaltigen Produkten, in einer modernen Geschenkverpackung \u2665\",\"breadcrumb\":{\"@id\":\"https:\/\/littlepalm.de\/product\/geschenkbox-welcome\/#breadcrumb\"},\"inLanguage\":\"en-GB\",\"potentialAction\":[{\"@type\":\"ReadAction\",\"target\":[\"https:\/\/littlepalm.de\/product\/geschenkbox-welcome\/\"]}]},{\"@type\":\"ImageObject\",\"inLanguage\":\"en-GB\",\"@id\":\"https:\/\/littlepalm.de\/product\/geschenkbox-welcome\/#primaryimage\",\"url\":\"https:\/\/littlepalm.de\/wp-content\/uploads\/2022\/10\/IMG_E2296-scaled.jpg\",\"contentUrl\":\"https:\/\/littlepalm.de\/wp-content\/uploads\/2022\/10\/IMG_E2296-scaled.jpg\",\"width\":2560,\"height\":2560},{\"@type\":\"BreadcrumbList\",\"@id\":\"https:\/\/littlepalm.de\/product\/geschenkbox-welcome\/#breadcrumb\",\"itemListElement\":[{\"@type\":\"ListItem\",\"position\":1,\"name\":\"Startseite\",\"item\":\"https:\/\/littlepalm.de\/\"},{\"@type\":\"ListItem\",\"position\":2,\"name\":\"Geschenkboxen\",\"item\":\"https:\/\/littlepalm.de\/geschenkboxen\/\"},{\"@type\":\"ListItem\",\"position\":3,\"name\":\"GESCHENKBOX WELCOME\"}]},{\"@type\":\"WebSite\",\"@id\":\"https:\/\/littlepalm.de\/#website\",\"url\":\"https:\/\/littlepalm.de\/\",\"name\":\"The Little Palm\",\"description\":\"Individuelle Geschenkboxen\",\"potentialAction\":[{\"@type\":\"SearchAction\",\"target\":{\"@type\":\"EntryPoint\",\"urlTemplate\":\"https:\/\/littlepalm.de\/?s={search_term_string}\"},\"query-input\":{\"@type\":\"PropertyValueSpecification\",\"valueRequired\":true,\"valueName\":\"search_term_string\"}}],\"inLanguage\":\"en-GB\"}]}<\/script>\n<!-- \/ Yoast SEO plugin. -->","yoast_head_json":{"title":"Babygeschenkbox zur Geburt f\u00fcr M\u00e4dchen und Jungs kaufen - The Little Palm","description":"Stilvoll zusammengestellte Geschenkbox zur Geburt f\u00fcr Jungs und M\u00e4dchen, mit nachhaltigen Produkten, in einer modernen Geschenkverpackung \u2665","robots":{"index":"index","follow":"follow","max-snippet":"max-snippet:-1","max-image-preview":"max-image-preview:large","max-video-preview":"max-video-preview:-1"},"canonical":"https:\/\/littlepalm.de\/en\/product\/geschenkbox-welcome\/","og_locale":"en_GB","og_type":"article","og_title":"Babygeschenkbox zur Geburt f\u00fcr M\u00e4dchen und Jungs kaufen - The Little Palm","og_description":"Stilvoll zusammengestellte Geschenkbox zur Geburt f\u00fcr Jungs und M\u00e4dchen, mit nachhaltigen Produkten, in einer modernen Geschenkverpackung \u2665","og_url":"https:\/\/littlepalm.de\/en\/product\/geschenkbox-welcome\/","og_site_name":"The Little Palm","article_modified_time":"2026-04-03T20:25:54+00:00","og_image":[{"width":2560,"height":2560,"url":"https:\/\/littlepalm.de\/wp-content\/uploads\/2022\/10\/IMG_E2296-scaled.jpg","type":"image\/jpeg"}],"twitter_card":"summary_large_image","twitter_misc":{"Estimated reading time":"1 minute"},"schema":{"@context":"https:\/\/schema.org","@graph":[{"@type":"WebPage","@id":"https:\/\/littlepalm.de\/product\/geschenkbox-welcome\/","url":"https:\/\/littlepalm.de\/product\/geschenkbox-welcome\/","name":"Babygeschenkbox zur Geburt f\u00fcr M\u00e4dchen und Jungs kaufen - The Little Palm","isPartOf":{"@id":"https:\/\/littlepalm.de\/#website"},"primaryImageOfPage":{"@id":"https:\/\/littlepalm.de\/product\/geschenkbox-welcome\/#primaryimage"},"image":{"@id":"https:\/\/littlepalm.de\/product\/geschenkbox-welcome\/#primaryimage"},"thumbnailUrl":"https:\/\/littlepalm.de\/wp-content\/uploads\/2022\/10\/IMG_E2296-scaled.jpg","datePublished":"2023-09-01T10:50:31+00:00","dateModified":"2026-04-03T20:25:54+00:00","description":"Stilvoll zusammengestellte Geschenkbox zur Geburt f\u00fcr Jungs und M\u00e4dchen, mit nachhaltigen Produkten, in einer modernen Geschenkverpackung \u2665","breadcrumb":{"@id":"https:\/\/littlepalm.de\/product\/geschenkbox-welcome\/#breadcrumb"},"inLanguage":"en-GB","potentialAction":[{"@type":"ReadAction","target":["https:\/\/littlepalm.de\/product\/geschenkbox-welcome\/"]}]},{"@type":"ImageObject","inLanguage":"en-GB","@id":"https:\/\/littlepalm.de\/product\/geschenkbox-welcome\/#primaryimage","url":"https:\/\/littlepalm.de\/wp-content\/uploads\/2022\/10\/IMG_E2296-scaled.jpg","contentUrl":"https:\/\/littlepalm.de\/wp-content\/uploads\/2022\/10\/IMG_E2296-scaled.jpg","width":2560,"height":2560},{"@type":"BreadcrumbList","@id":"https:\/\/littlepalm.de\/product\/geschenkbox-welcome\/#breadcrumb","itemListElement":[{"@type":"ListItem","position":1,"name":"Startseite","item":"https:\/\/littlepalm.de\/"},{"@type":"ListItem","position":2,"name":"Geschenkboxen","item":"https:\/\/littlepalm.de\/geschenkboxen\/"},{"@type":"ListItem","position":3,"name":"GESCHENKBOX WELCOME"}]},{"@type":"WebSite","@id":"https:\/\/littlepalm.de\/#website","url":"https:\/\/littlepalm.de\/","name":"The Little Palm","description":"Individual gift boxes","potentialAction":[{"@type":"SearchAction","target":{"@type":"EntryPoint","urlTemplate":"https:\/\/littlepalm.de\/?s={search_term_string}"},"query-input":{"@type":"PropertyValueSpecification","valueRequired":true,"valueName":"search_term_string"}}],"inLanguage":"en-GB"}]}},"jetpack_sharing_enabled":true,"_links":{"self":[{"href":"https:\/\/littlepalm.de\/en\/wp-json\/wp\/v2\/product\/7456","targetHints":{"allow":["GET"]}}],"collection":[{"href":"https:\/\/littlepalm.de\/en\/wp-json\/wp\/v2\/product"}],"about":[{"href":"https:\/\/littlepalm.de\/en\/wp-json\/wp\/v2\/types\/product"}],"wp:featuredmedia":[{"embeddable":true,"href":"https:\/\/littlepalm.de\/en\/wp-json\/wp\/v2\/media\/11472"}],"wp:attachment":[{"href":"https:\/\/littlepalm.de\/en\/wp-json\/wp\/v2\/media?parent=7456"}],"wp:term":[{"taxonomy":"product_brand","embeddable":true,"href":"https:\/\/littlepalm.de\/en\/wp-json\/wp\/v2\/product_brand?post=7456"},{"taxonomy":"product_cat","embeddable":true,"href":"https:\/\/littlepalm.de\/en\/wp-json\/wp\/v2\/product_cat?post=7456"},{"taxonomy":"product_tag","embeddable":true,"href":"https:\/\/littlepalm.de\/en\/wp-json\/wp\/v2\/product_tag?post=7456"}],"curies":[{"name":"wp","href":"https:\/\/api.w.org\/{rel}","templated":true}]}}