{"id":6524,"date":"2022-10-19T19:22:15","date_gmt":"2022-10-19T17:22:15","guid":{"rendered":"https:\/\/littlepalm.de\/?post_type=product&#038;p=6524"},"modified":"2026-03-31T21:59:42","modified_gmt":"2026-03-31T19:59:42","slug":"geschenkbox-haeschen-rose","status":"publish","type":"product","link":"https:\/\/littlepalm.de\/en\/product\/geschenkbox-haeschen-rose\/","title":{"rendered":"GIFT BOX BUNNY ROSE"},"content":{"rendered":"<h3 data-start=\"354\" data-end=\"435\"><strong data-start=\"358\" data-end=\"435\">Gift box \u201cBunny Rose\u201d \u2013 A loving &amp; stylish gift for a newborn<\/strong><\/h3>\n<p data-start=\"437\" data-end=\"848\">Our <strong data-start=\"444\" data-end=\"474\">Gift box \u201cBunny Rose\u201d<\/strong> is a magically curated set that pampers new parents and their little miracle with selected, high-quality products. This elegant <strong data-start=\"634\" data-end=\"653\">Baby gift box<\/strong> Lovingly selected essentials are combined in a modern box design \u2013 perfect as a thoughtfully designed <strong data-start=\"754\" data-end=\"777\">Gift for birth<\/strong> or a warm welcome.<\/p>\n<p data-start=\"850\" data-end=\"1329\">The <em data-start=\"854\" data-end=\"880\">Bunny Rose Gift Box<\/em> Contains carefully selected favorite items:<br data-start=\"934\" data-end=\"937\" \/>\u2714 A soft, <strong data-start=\"952\" data-end=\"986\">crocheted bunny plush toy<\/strong>, ideal for loving and cuddling<br data-start=\"1020\" data-end=\"1023\" \/>\u2714 Two high-quality <strong data-start=\"1042\" data-end=\"1060\">Muslin cloths<\/strong> in cream and rose colors \u2013 versatile for everyday use<br data-start=\"1123\" data-end=\"1126\" \/>\u2714 A sweet <strong data-start=\"1138\" data-end=\"1169\">Pacifier chain in Wood\/Rose<\/strong> \u2013 practical and stylish at the same time<br data-start=\"1203\" data-end=\"1206\" data-is-only-node=\"\" \/>\u2714 A delicate <strong data-start=\"1221\" data-end=\"1262\">FRIGG pacifier (0\u20136 months) in Blush<\/strong> \u2013 pleasant for small mouths<\/p>\n<p data-start=\"1331\" data-end=\"1774\">\ud83c\udf81 <strong data-start=\"1334\" data-end=\"1378\">A very special gift for a newborn:<\/strong><br data-start=\"1378\" data-end=\"1381\" \/>This lovingly arranged <strong data-start=\"1409\" data-end=\"1435\">Gift box for birth<\/strong> It combines thoughtful functionality with attractive design and brings joy to the everyday lives of young families. Whether as a baby shower gift, a warm welcome, or a loving surprise \u2013 the <em data-start=\"1647\" data-end=\"1677\">Bunny Rose Baby Gift Box<\/em> It impresses with style, quality and a personal touch.<\/p>\n<p data-start=\"1776\" data-end=\"2166\">\u2728 <strong data-start=\"1778\" data-end=\"1821\">Ready to ship and give as a gift:<\/strong><br data-start=\"1821\" data-end=\"1824\" \/>Each box is carefully packaged and comes in a modern design with a gift ribbon \u2013 without a price indication inside, so your gift can be sent directly to the recipient. You can also optionally add a personal gift card to convey your best wishes even more warmly.<\/p>","protected":false},"excerpt":{"rendered":"<ul>\n<li>Lovingly compiled 5-piece gift set<\/li>\n<li>PRETTY, MODERN BOX DESIGN WITH GIFT RIBBON<\/li>\n<li>MUSLIN CLOTH CREAM<\/li>\n<li>MUSLIN CLOTH ROSE<\/li>\n<li>PACIFIER CHAIN ROSE WOOD<\/li>\n<li>BUNNY CUDDLY TOY<\/li>\n<li>PACIFIER ROSE BY FRIGG<\/li>\n<\/ul>\n<p><strong>WE SHIP DIRECTLY TO THE RECIPIENT, OF COURSE WITHOUT AN INVOICE IN THE BOX!<\/strong><\/p>","protected":false},"featured_media":14227,"template":"","meta":{"inline_featured_image":false},"product_brand":[],"product_cat":[136,143,150,305,319],"product_tag":[],"class_list":{"0":"post-6524","1":"product","2":"type-product","3":"status-publish","4":"has-post-thumbnail","6":"product_cat-babygeschenkboxen","7":"product_cat-gift-boxes","8":"product_cat-giftboxes","9":"product_cat-geschenk-maedchen","10":"product_cat-60-89euro","12":"first","13":"instock","14":"taxable","15":"shipping-taxable","16":"purchasable","17":"product-type-simple"},"composite_virtual":false,"composite_layout":"","composite_add_to_cart_form_location":"","composite_editable_in_cart":false,"composite_sold_individually_context":"","composite_shop_price_calc":"","composite_components":[],"composite_scenarios":[],"yoast_head":"<!-- This site is optimized with the Yoast SEO plugin v27.2 - https:\/\/yoast.com\/product\/yoast-seo-wordpress\/ -->\n<title>Geschenkbox H\u00e4schen Rose f\u00fcrs Baby zur Geburt kaufen - The Little Palm<\/title>\n<meta name=\"description\" content=\"Stilvoll zusammengestellte Geschenkbox f\u00fcrs Baby zur Geburt mit den sch\u00f6nsten, Produkten namhafter Babymarken in dezenten Farben \u2665\" \/>\n<meta name=\"robots\" content=\"index, follow, max-snippet:-1, max-image-preview:large, max-video-preview:-1\" \/>\n<link rel=\"canonical\" href=\"https:\/\/littlepalm.de\/en\/product\/geschenkbox-haeschen-rose\/\" \/>\n<meta property=\"og:locale\" content=\"en_GB\" \/>\n<meta property=\"og:type\" content=\"article\" \/>\n<meta property=\"og:title\" content=\"Geschenkbox H\u00e4schen Rose f\u00fcrs Baby zur Geburt kaufen - The Little Palm\" \/>\n<meta property=\"og:description\" content=\"Stilvoll zusammengestellte Geschenkbox f\u00fcrs Baby zur Geburt mit den sch\u00f6nsten, Produkten namhafter Babymarken in dezenten Farben \u2665\" \/>\n<meta property=\"og:url\" content=\"https:\/\/littlepalm.de\/en\/product\/geschenkbox-haeschen-rose\/\" \/>\n<meta property=\"og:site_name\" content=\"The Little Palm\" \/>\n<meta property=\"article:modified_time\" content=\"2026-03-31T19:59:42+00:00\" \/>\n<meta property=\"og:image\" content=\"https:\/\/littlepalm.de\/wp-content\/uploads\/2023\/09\/IMG_E6146-scaled.jpg\" \/>\n\t<meta property=\"og:image:width\" content=\"2560\" \/>\n\t<meta property=\"og:image:height\" content=\"2560\" \/>\n\t<meta property=\"og:image:type\" content=\"image\/jpeg\" \/>\n<meta name=\"twitter:card\" content=\"summary_large_image\" \/>\n<meta name=\"twitter:label1\" content=\"Estimated reading time\" \/>\n\t<meta name=\"twitter:data1\" content=\"2 minutes\" \/>\n<script type=\"application\/ld+json\" class=\"yoast-schema-graph\">{\"@context\":\"https:\/\/schema.org\",\"@graph\":[{\"@type\":\"WebPage\",\"@id\":\"https:\/\/littlepalm.de\/product\/geschenkbox-haeschen-rose\/\",\"url\":\"https:\/\/littlepalm.de\/product\/geschenkbox-haeschen-rose\/\",\"name\":\"Geschenkbox H\u00e4schen Rose f\u00fcrs Baby zur Geburt kaufen - The Little Palm\",\"isPartOf\":{\"@id\":\"https:\/\/littlepalm.de\/#website\"},\"primaryImageOfPage\":{\"@id\":\"https:\/\/littlepalm.de\/product\/geschenkbox-haeschen-rose\/#primaryimage\"},\"image\":{\"@id\":\"https:\/\/littlepalm.de\/product\/geschenkbox-haeschen-rose\/#primaryimage\"},\"thumbnailUrl\":\"https:\/\/littlepalm.de\/wp-content\/uploads\/2023\/09\/IMG_E6146-scaled.jpg\",\"datePublished\":\"2022-10-19T17:22:15+00:00\",\"dateModified\":\"2026-03-31T19:59:42+00:00\",\"description\":\"Stilvoll zusammengestellte Geschenkbox f\u00fcrs Baby zur Geburt mit den sch\u00f6nsten, Produkten namhafter Babymarken in dezenten Farben \u2665\",\"breadcrumb\":{\"@id\":\"https:\/\/littlepalm.de\/product\/geschenkbox-haeschen-rose\/#breadcrumb\"},\"inLanguage\":\"en-GB\",\"potentialAction\":[{\"@type\":\"ReadAction\",\"target\":[\"https:\/\/littlepalm.de\/product\/geschenkbox-haeschen-rose\/\"]}]},{\"@type\":\"ImageObject\",\"inLanguage\":\"en-GB\",\"@id\":\"https:\/\/littlepalm.de\/product\/geschenkbox-haeschen-rose\/#primaryimage\",\"url\":\"https:\/\/littlepalm.de\/wp-content\/uploads\/2023\/09\/IMG_E6146-scaled.jpg\",\"contentUrl\":\"https:\/\/littlepalm.de\/wp-content\/uploads\/2023\/09\/IMG_E6146-scaled.jpg\",\"width\":2560,\"height\":2560},{\"@type\":\"BreadcrumbList\",\"@id\":\"https:\/\/littlepalm.de\/product\/geschenkbox-haeschen-rose\/#breadcrumb\",\"itemListElement\":[{\"@type\":\"ListItem\",\"position\":1,\"name\":\"Startseite\",\"item\":\"https:\/\/littlepalm.de\/\"},{\"@type\":\"ListItem\",\"position\":2,\"name\":\"Geschenkboxen\",\"item\":\"https:\/\/littlepalm.de\/geschenkboxen\/\"},{\"@type\":\"ListItem\",\"position\":3,\"name\":\"GESCHENKBOX H\u00c4SCHEN ROSE\"}]},{\"@type\":\"WebSite\",\"@id\":\"https:\/\/littlepalm.de\/#website\",\"url\":\"https:\/\/littlepalm.de\/\",\"name\":\"The Little Palm\",\"description\":\"Individuelle Geschenkboxen\",\"potentialAction\":[{\"@type\":\"SearchAction\",\"target\":{\"@type\":\"EntryPoint\",\"urlTemplate\":\"https:\/\/littlepalm.de\/?s={search_term_string}\"},\"query-input\":{\"@type\":\"PropertyValueSpecification\",\"valueRequired\":true,\"valueName\":\"search_term_string\"}}],\"inLanguage\":\"en-GB\"}]}<\/script>\n<!-- \/ Yoast SEO plugin. -->","yoast_head_json":{"title":"Geschenkbox H\u00e4schen Rose f\u00fcrs Baby zur Geburt kaufen - The Little Palm","description":"Stilvoll zusammengestellte Geschenkbox f\u00fcrs Baby zur Geburt mit den sch\u00f6nsten, Produkten namhafter Babymarken in dezenten Farben \u2665","robots":{"index":"index","follow":"follow","max-snippet":"max-snippet:-1","max-image-preview":"max-image-preview:large","max-video-preview":"max-video-preview:-1"},"canonical":"https:\/\/littlepalm.de\/en\/product\/geschenkbox-haeschen-rose\/","og_locale":"en_GB","og_type":"article","og_title":"Geschenkbox H\u00e4schen Rose f\u00fcrs Baby zur Geburt kaufen - The Little Palm","og_description":"Stilvoll zusammengestellte Geschenkbox f\u00fcrs Baby zur Geburt mit den sch\u00f6nsten, Produkten namhafter Babymarken in dezenten Farben \u2665","og_url":"https:\/\/littlepalm.de\/en\/product\/geschenkbox-haeschen-rose\/","og_site_name":"The Little Palm","article_modified_time":"2026-03-31T19:59:42+00:00","og_image":[{"width":2560,"height":2560,"url":"https:\/\/littlepalm.de\/wp-content\/uploads\/2023\/09\/IMG_E6146-scaled.jpg","type":"image\/jpeg"}],"twitter_card":"summary_large_image","twitter_misc":{"Estimated reading time":"2 minutes"},"schema":{"@context":"https:\/\/schema.org","@graph":[{"@type":"WebPage","@id":"https:\/\/littlepalm.de\/product\/geschenkbox-haeschen-rose\/","url":"https:\/\/littlepalm.de\/product\/geschenkbox-haeschen-rose\/","name":"Geschenkbox H\u00e4schen Rose f\u00fcrs Baby zur Geburt kaufen - The Little Palm","isPartOf":{"@id":"https:\/\/littlepalm.de\/#website"},"primaryImageOfPage":{"@id":"https:\/\/littlepalm.de\/product\/geschenkbox-haeschen-rose\/#primaryimage"},"image":{"@id":"https:\/\/littlepalm.de\/product\/geschenkbox-haeschen-rose\/#primaryimage"},"thumbnailUrl":"https:\/\/littlepalm.de\/wp-content\/uploads\/2023\/09\/IMG_E6146-scaled.jpg","datePublished":"2022-10-19T17:22:15+00:00","dateModified":"2026-03-31T19:59:42+00:00","description":"Stilvoll zusammengestellte Geschenkbox f\u00fcrs Baby zur Geburt mit den sch\u00f6nsten, Produkten namhafter Babymarken in dezenten Farben \u2665","breadcrumb":{"@id":"https:\/\/littlepalm.de\/product\/geschenkbox-haeschen-rose\/#breadcrumb"},"inLanguage":"en-GB","potentialAction":[{"@type":"ReadAction","target":["https:\/\/littlepalm.de\/product\/geschenkbox-haeschen-rose\/"]}]},{"@type":"ImageObject","inLanguage":"en-GB","@id":"https:\/\/littlepalm.de\/product\/geschenkbox-haeschen-rose\/#primaryimage","url":"https:\/\/littlepalm.de\/wp-content\/uploads\/2023\/09\/IMG_E6146-scaled.jpg","contentUrl":"https:\/\/littlepalm.de\/wp-content\/uploads\/2023\/09\/IMG_E6146-scaled.jpg","width":2560,"height":2560},{"@type":"BreadcrumbList","@id":"https:\/\/littlepalm.de\/product\/geschenkbox-haeschen-rose\/#breadcrumb","itemListElement":[{"@type":"ListItem","position":1,"name":"Startseite","item":"https:\/\/littlepalm.de\/"},{"@type":"ListItem","position":2,"name":"Geschenkboxen","item":"https:\/\/littlepalm.de\/geschenkboxen\/"},{"@type":"ListItem","position":3,"name":"GESCHENKBOX H\u00c4SCHEN ROSE"}]},{"@type":"WebSite","@id":"https:\/\/littlepalm.de\/#website","url":"https:\/\/littlepalm.de\/","name":"The Little Palm","description":"Individual gift boxes","potentialAction":[{"@type":"SearchAction","target":{"@type":"EntryPoint","urlTemplate":"https:\/\/littlepalm.de\/?s={search_term_string}"},"query-input":{"@type":"PropertyValueSpecification","valueRequired":true,"valueName":"search_term_string"}}],"inLanguage":"en-GB"}]}},"jetpack_sharing_enabled":true,"_links":{"self":[{"href":"https:\/\/littlepalm.de\/en\/wp-json\/wp\/v2\/product\/6524","targetHints":{"allow":["GET"]}}],"collection":[{"href":"https:\/\/littlepalm.de\/en\/wp-json\/wp\/v2\/product"}],"about":[{"href":"https:\/\/littlepalm.de\/en\/wp-json\/wp\/v2\/types\/product"}],"wp:featuredmedia":[{"embeddable":true,"href":"https:\/\/littlepalm.de\/en\/wp-json\/wp\/v2\/media\/14227"}],"wp:attachment":[{"href":"https:\/\/littlepalm.de\/en\/wp-json\/wp\/v2\/media?parent=6524"}],"wp:term":[{"taxonomy":"product_brand","embeddable":true,"href":"https:\/\/littlepalm.de\/en\/wp-json\/wp\/v2\/product_brand?post=6524"},{"taxonomy":"product_cat","embeddable":true,"href":"https:\/\/littlepalm.de\/en\/wp-json\/wp\/v2\/product_cat?post=6524"},{"taxonomy":"product_tag","embeddable":true,"href":"https:\/\/littlepalm.de\/en\/wp-json\/wp\/v2\/product_tag?post=6524"}],"curies":[{"name":"wp","href":"https:\/\/api.w.org\/{rel}","templated":true}]}}