{"id":6472,"date":"2022-10-19T19:22:12","date_gmt":"2022-10-19T17:22:12","guid":{"rendered":"https:\/\/littlepalm.de\/?post_type=product&#038;p=6472"},"modified":"2026-04-02T13:28:52","modified_gmt":"2026-04-02T11:28:52","slug":"haeschen-kuscheltier","status":"publish","type":"product","link":"https:\/\/littlepalm.de\/en\/product\/haeschen-kuscheltier\/","title":{"rendered":"Bunny cuddly toy"},"content":{"rendered":"<p>Crochet bunny made from high-quality yarn for cuddling and playing. Handmade.<\/p>\n<p>Dimensions: 25 x 10cm<\/p>","protected":false},"excerpt":{"rendered":"<p>Crochet bunny made from high-quality yarn<\/p>","protected":false},"featured_media":6368,"template":"","meta":{"inline_featured_image":false},"product_brand":[],"product_cat":[101,138,283,284,285],"product_tag":[],"class_list":{"0":"post-6472","1":"product","2":"type-product","3":"status-publish","4":"has-post-thumbnail","6":"product_cat-spielen","7":"product_cat-babys","8":"product_cat-weihnachtsgeschenke","9":"product_cat-bis-1-jahr","10":"product_cat-bis-2-jahre","12":"first","13":"instock","14":"taxable","15":"shipping-taxable","16":"purchasable","17":"product-type-simple"},"yoast_head":"<!-- This site is optimized with the Yoast SEO plugin v27.2 - https:\/\/yoast.com\/product\/yoast-seo-wordpress\/ -->\n<title>H\u00e4schen Kuscheltier - The Little Palm<\/title>\n<meta name=\"robots\" content=\"index, follow, max-snippet:-1, max-image-preview:large, max-video-preview:-1\" \/>\n<link rel=\"canonical\" href=\"https:\/\/littlepalm.de\/en\/product\/haeschen-kuscheltier\/\" \/>\n<meta property=\"og:locale\" content=\"en_GB\" \/>\n<meta property=\"og:type\" content=\"article\" \/>\n<meta property=\"og:title\" content=\"H\u00e4schen Kuscheltier - The Little Palm\" \/>\n<meta property=\"og:description\" content=\"H\u00e4kel-H\u00e4schen aus hochwertigem Garn\" \/>\n<meta property=\"og:url\" content=\"https:\/\/littlepalm.de\/en\/product\/haeschen-kuscheltier\/\" \/>\n<meta property=\"og:site_name\" content=\"The Little Palm\" \/>\n<meta property=\"article:modified_time\" content=\"2026-04-02T11:28:52+00:00\" \/>\n<meta property=\"og:image\" content=\"https:\/\/littlepalm.de\/wp-content\/uploads\/2022\/10\/hase.jpeg\" \/>\n\t<meta property=\"og:image:width\" content=\"1280\" \/>\n\t<meta property=\"og:image:height\" content=\"1280\" \/>\n\t<meta property=\"og:image:type\" content=\"image\/jpeg\" \/>\n<meta name=\"twitter:card\" content=\"summary_large_image\" \/>\n<meta name=\"twitter:label1\" content=\"Estimated reading time\" \/>\n\t<meta name=\"twitter:data1\" content=\"1 minute\" \/>\n<script type=\"application\/ld+json\" class=\"yoast-schema-graph\">{\"@context\":\"https:\/\/schema.org\",\"@graph\":[{\"@type\":\"WebPage\",\"@id\":\"https:\/\/littlepalm.de\/product\/haeschen-kuscheltier\/\",\"url\":\"https:\/\/littlepalm.de\/product\/haeschen-kuscheltier\/\",\"name\":\"H\u00e4schen Kuscheltier - The Little Palm\",\"isPartOf\":{\"@id\":\"https:\/\/littlepalm.de\/#website\"},\"primaryImageOfPage\":{\"@id\":\"https:\/\/littlepalm.de\/product\/haeschen-kuscheltier\/#primaryimage\"},\"image\":{\"@id\":\"https:\/\/littlepalm.de\/product\/haeschen-kuscheltier\/#primaryimage\"},\"thumbnailUrl\":\"https:\/\/littlepalm.de\/wp-content\/uploads\/2022\/10\/hase.jpeg\",\"datePublished\":\"2022-10-19T17:22:12+00:00\",\"dateModified\":\"2026-04-02T11:28:52+00:00\",\"breadcrumb\":{\"@id\":\"https:\/\/littlepalm.de\/product\/haeschen-kuscheltier\/#breadcrumb\"},\"inLanguage\":\"en-GB\",\"potentialAction\":[{\"@type\":\"ReadAction\",\"target\":[\"https:\/\/littlepalm.de\/product\/haeschen-kuscheltier\/\"]}]},{\"@type\":\"ImageObject\",\"inLanguage\":\"en-GB\",\"@id\":\"https:\/\/littlepalm.de\/product\/haeschen-kuscheltier\/#primaryimage\",\"url\":\"https:\/\/littlepalm.de\/wp-content\/uploads\/2022\/10\/hase.jpeg\",\"contentUrl\":\"https:\/\/littlepalm.de\/wp-content\/uploads\/2022\/10\/hase.jpeg\",\"width\":1280,\"height\":1280},{\"@type\":\"BreadcrumbList\",\"@id\":\"https:\/\/littlepalm.de\/product\/haeschen-kuscheltier\/#breadcrumb\",\"itemListElement\":[{\"@type\":\"ListItem\",\"position\":1,\"name\":\"Startseite\",\"item\":\"https:\/\/littlepalm.de\/\"},{\"@type\":\"ListItem\",\"position\":2,\"name\":\"Geschenkboxen\",\"item\":\"https:\/\/littlepalm.de\/geschenkboxen\/\"},{\"@type\":\"ListItem\",\"position\":3,\"name\":\"H\u00e4schen Kuscheltier\"}]},{\"@type\":\"WebSite\",\"@id\":\"https:\/\/littlepalm.de\/#website\",\"url\":\"https:\/\/littlepalm.de\/\",\"name\":\"The Little Palm\",\"description\":\"Individuelle Geschenkboxen\",\"potentialAction\":[{\"@type\":\"SearchAction\",\"target\":{\"@type\":\"EntryPoint\",\"urlTemplate\":\"https:\/\/littlepalm.de\/?s={search_term_string}\"},\"query-input\":{\"@type\":\"PropertyValueSpecification\",\"valueRequired\":true,\"valueName\":\"search_term_string\"}}],\"inLanguage\":\"en-GB\"}]}<\/script>\n<!-- \/ Yoast SEO plugin. -->","yoast_head_json":{"title":"Bunny plush toy - The Little Palm","robots":{"index":"index","follow":"follow","max-snippet":"max-snippet:-1","max-image-preview":"max-image-preview:large","max-video-preview":"max-video-preview:-1"},"canonical":"https:\/\/littlepalm.de\/en\/product\/haeschen-kuscheltier\/","og_locale":"en_GB","og_type":"article","og_title":"H\u00e4schen Kuscheltier - The Little Palm","og_description":"H\u00e4kel-H\u00e4schen aus hochwertigem Garn","og_url":"https:\/\/littlepalm.de\/en\/product\/haeschen-kuscheltier\/","og_site_name":"The Little Palm","article_modified_time":"2026-04-02T11:28:52+00:00","og_image":[{"width":1280,"height":1280,"url":"https:\/\/littlepalm.de\/wp-content\/uploads\/2022\/10\/hase.jpeg","type":"image\/jpeg"}],"twitter_card":"summary_large_image","twitter_misc":{"Estimated reading time":"1 minute"},"schema":{"@context":"https:\/\/schema.org","@graph":[{"@type":"WebPage","@id":"https:\/\/littlepalm.de\/product\/haeschen-kuscheltier\/","url":"https:\/\/littlepalm.de\/product\/haeschen-kuscheltier\/","name":"Bunny plush toy - The Little Palm","isPartOf":{"@id":"https:\/\/littlepalm.de\/#website"},"primaryImageOfPage":{"@id":"https:\/\/littlepalm.de\/product\/haeschen-kuscheltier\/#primaryimage"},"image":{"@id":"https:\/\/littlepalm.de\/product\/haeschen-kuscheltier\/#primaryimage"},"thumbnailUrl":"https:\/\/littlepalm.de\/wp-content\/uploads\/2022\/10\/hase.jpeg","datePublished":"2022-10-19T17:22:12+00:00","dateModified":"2026-04-02T11:28:52+00:00","breadcrumb":{"@id":"https:\/\/littlepalm.de\/product\/haeschen-kuscheltier\/#breadcrumb"},"inLanguage":"en-GB","potentialAction":[{"@type":"ReadAction","target":["https:\/\/littlepalm.de\/product\/haeschen-kuscheltier\/"]}]},{"@type":"ImageObject","inLanguage":"en-GB","@id":"https:\/\/littlepalm.de\/product\/haeschen-kuscheltier\/#primaryimage","url":"https:\/\/littlepalm.de\/wp-content\/uploads\/2022\/10\/hase.jpeg","contentUrl":"https:\/\/littlepalm.de\/wp-content\/uploads\/2022\/10\/hase.jpeg","width":1280,"height":1280},{"@type":"BreadcrumbList","@id":"https:\/\/littlepalm.de\/product\/haeschen-kuscheltier\/#breadcrumb","itemListElement":[{"@type":"ListItem","position":1,"name":"Startseite","item":"https:\/\/littlepalm.de\/"},{"@type":"ListItem","position":2,"name":"Geschenkboxen","item":"https:\/\/littlepalm.de\/geschenkboxen\/"},{"@type":"ListItem","position":3,"name":"H\u00e4schen Kuscheltier"}]},{"@type":"WebSite","@id":"https:\/\/littlepalm.de\/#website","url":"https:\/\/littlepalm.de\/","name":"The Little Palm","description":"Individual gift boxes","potentialAction":[{"@type":"SearchAction","target":{"@type":"EntryPoint","urlTemplate":"https:\/\/littlepalm.de\/?s={search_term_string}"},"query-input":{"@type":"PropertyValueSpecification","valueRequired":true,"valueName":"search_term_string"}}],"inLanguage":"en-GB"}]}},"jetpack_sharing_enabled":true,"_links":{"self":[{"href":"https:\/\/littlepalm.de\/en\/wp-json\/wp\/v2\/product\/6472","targetHints":{"allow":["GET"]}}],"collection":[{"href":"https:\/\/littlepalm.de\/en\/wp-json\/wp\/v2\/product"}],"about":[{"href":"https:\/\/littlepalm.de\/en\/wp-json\/wp\/v2\/types\/product"}],"wp:featuredmedia":[{"embeddable":true,"href":"https:\/\/littlepalm.de\/en\/wp-json\/wp\/v2\/media\/6368"}],"wp:attachment":[{"href":"https:\/\/littlepalm.de\/en\/wp-json\/wp\/v2\/media?parent=6472"}],"wp:term":[{"taxonomy":"product_brand","embeddable":true,"href":"https:\/\/littlepalm.de\/en\/wp-json\/wp\/v2\/product_brand?post=6472"},{"taxonomy":"product_cat","embeddable":true,"href":"https:\/\/littlepalm.de\/en\/wp-json\/wp\/v2\/product_cat?post=6472"},{"taxonomy":"product_tag","embeddable":true,"href":"https:\/\/littlepalm.de\/en\/wp-json\/wp\/v2\/product_tag?post=6472"}],"curies":[{"name":"wp","href":"https:\/\/api.w.org\/{rel}","templated":true}]}}