{"id":5261,"date":"2021-10-09T18:21:52","date_gmt":"2021-10-09T16:21:52","guid":{"rendered":"https:\/\/littlepalm.de\/product\/kinderbuch-haeschen-troestet\/"},"modified":"2023-11-22T10:13:03","modified_gmt":"2023-11-22T09:13:03","slug":"kinderbuch-haeschen-troestet","status":"publish","type":"product","link":"https:\/\/littlepalm.de\/en\/product\/kinderbuch-haeschen-troestet\/","title":{"rendered":"Children&#039;s book \u2013 Bunny comforts"},"content":{"rendered":"<p>This wonderful children&#039;s book shows our little ones how to cope with frustration, pain, and loss. A touching and sensitive story of friendship that provides comfort and promotes emotional competence.<br \/>\nNew York Times children&#039;s book bestseller in German. <\/p>\n<p>\u2022 Hardcover with 36 pages<br \/>\n\u2022 For children aged 2 and over<\/p>","protected":false},"excerpt":{"rendered":"<p>HUGS SAY MORE THAN A THOUSAND WORDS: THIS PICTURE BOOK HELPS COMFORT<\/p>","protected":false},"featured_media":4933,"template":"","meta":{"inline_featured_image":false},"product_brand":[],"product_cat":[139,283,286,287],"product_tag":[],"class_list":{"0":"post-5261","1":"product","2":"type-product","3":"status-publish","4":"has-post-thumbnail","6":"product_cat-kids","7":"product_cat-weihnachtsgeschenke","8":"product_cat-bis-3-jahre","9":"product_cat-bis-4-jahre","10":"product_shipping_class-standard","12":"first","13":"instock","14":"taxable","15":"shipping-taxable","16":"purchasable","17":"product-type-simple"},"composite_virtual":false,"composite_layout":"","composite_add_to_cart_form_location":"","composite_editable_in_cart":false,"composite_sold_individually_context":"","composite_shop_price_calc":"","composite_components":[],"composite_scenarios":[],"yoast_head":"<!-- This site is optimized with the Yoast SEO plugin v27.2 - https:\/\/yoast.com\/product\/yoast-seo-wordpress\/ -->\n<title>Kinderbuch - H\u00e4schen tr\u00f6stet - The Little Palm<\/title>\n<meta name=\"robots\" content=\"index, follow, max-snippet:-1, max-image-preview:large, max-video-preview:-1\" \/>\n<link rel=\"canonical\" href=\"https:\/\/littlepalm.de\/en\/product\/kinderbuch-haeschen-troestet\/\" \/>\n<meta property=\"og:locale\" content=\"en_GB\" \/>\n<meta property=\"og:type\" content=\"article\" \/>\n<meta property=\"og:title\" content=\"Kinderbuch - H\u00e4schen tr\u00f6stet - The Little Palm\" \/>\n<meta property=\"og:description\" content=\"UMARMUNGEN SAGEN MEHR ALS TAUSEND WORTE: DIESES BILDERBUCH HILFT TR\u00d6STEN\" \/>\n<meta property=\"og:url\" content=\"https:\/\/littlepalm.de\/en\/product\/kinderbuch-haeschen-troestet\/\" \/>\n<meta property=\"og:site_name\" content=\"The Little Palm\" \/>\n<meta property=\"article:modified_time\" content=\"2023-11-22T09:13:03+00:00\" \/>\n<meta property=\"og:image\" content=\"https:\/\/littlepalm.de\/wp-content\/uploads\/2021\/10\/44-Ha\u0308schen-tro\u0308stet-1.jpeg\" \/>\n\t<meta property=\"og:image:width\" content=\"1020\" \/>\n\t<meta property=\"og:image:height\" content=\"1020\" \/>\n\t<meta property=\"og:image:type\" content=\"image\/jpeg\" \/>\n<meta name=\"twitter:card\" content=\"summary_large_image\" \/>\n<script type=\"application\/ld+json\" class=\"yoast-schema-graph\">{\"@context\":\"https:\/\/schema.org\",\"@graph\":[{\"@type\":\"WebPage\",\"@id\":\"https:\/\/littlepalm.de\/product\/kinderbuch-haeschen-troestet\/\",\"url\":\"https:\/\/littlepalm.de\/product\/kinderbuch-haeschen-troestet\/\",\"name\":\"Kinderbuch - H\u00e4schen tr\u00f6stet - The Little Palm\",\"isPartOf\":{\"@id\":\"https:\/\/littlepalm.de\/#website\"},\"primaryImageOfPage\":{\"@id\":\"https:\/\/littlepalm.de\/product\/kinderbuch-haeschen-troestet\/#primaryimage\"},\"image\":{\"@id\":\"https:\/\/littlepalm.de\/product\/kinderbuch-haeschen-troestet\/#primaryimage\"},\"thumbnailUrl\":\"https:\/\/littlepalm.de\/wp-content\/uploads\/2021\/10\/44-Ha\u0308schen-tro\u0308stet-1.jpeg\",\"datePublished\":\"2021-10-09T16:21:52+00:00\",\"dateModified\":\"2023-11-22T09:13:03+00:00\",\"breadcrumb\":{\"@id\":\"https:\/\/littlepalm.de\/product\/kinderbuch-haeschen-troestet\/#breadcrumb\"},\"inLanguage\":\"en-GB\",\"potentialAction\":[{\"@type\":\"ReadAction\",\"target\":[\"https:\/\/littlepalm.de\/product\/kinderbuch-haeschen-troestet\/\"]}]},{\"@type\":\"ImageObject\",\"inLanguage\":\"en-GB\",\"@id\":\"https:\/\/littlepalm.de\/product\/kinderbuch-haeschen-troestet\/#primaryimage\",\"url\":\"https:\/\/littlepalm.de\/wp-content\/uploads\/2021\/10\/44-Ha\u0308schen-tro\u0308stet-1.jpeg\",\"contentUrl\":\"https:\/\/littlepalm.de\/wp-content\/uploads\/2021\/10\/44-Ha\u0308schen-tro\u0308stet-1.jpeg\",\"width\":1020,\"height\":1020},{\"@type\":\"BreadcrumbList\",\"@id\":\"https:\/\/littlepalm.de\/product\/kinderbuch-haeschen-troestet\/#breadcrumb\",\"itemListElement\":[{\"@type\":\"ListItem\",\"position\":1,\"name\":\"Startseite\",\"item\":\"https:\/\/littlepalm.de\/\"},{\"@type\":\"ListItem\",\"position\":2,\"name\":\"Geschenkboxen\",\"item\":\"https:\/\/littlepalm.de\/geschenkboxen\/\"},{\"@type\":\"ListItem\",\"position\":3,\"name\":\"Kinderbuch &#8211; H\u00e4schen tr\u00f6stet\"}]},{\"@type\":\"WebSite\",\"@id\":\"https:\/\/littlepalm.de\/#website\",\"url\":\"https:\/\/littlepalm.de\/\",\"name\":\"The Little Palm\",\"description\":\"Individuelle Geschenkboxen\",\"potentialAction\":[{\"@type\":\"SearchAction\",\"target\":{\"@type\":\"EntryPoint\",\"urlTemplate\":\"https:\/\/littlepalm.de\/?s={search_term_string}\"},\"query-input\":{\"@type\":\"PropertyValueSpecification\",\"valueRequired\":true,\"valueName\":\"search_term_string\"}}],\"inLanguage\":\"en-GB\"}]}<\/script>\n<!-- \/ Yoast SEO plugin. -->","yoast_head_json":{"title":"Kinderbuch - H\u00e4schen tr\u00f6stet - The Little Palm","robots":{"index":"index","follow":"follow","max-snippet":"max-snippet:-1","max-image-preview":"max-image-preview:large","max-video-preview":"max-video-preview:-1"},"canonical":"https:\/\/littlepalm.de\/en\/product\/kinderbuch-haeschen-troestet\/","og_locale":"en_GB","og_type":"article","og_title":"Kinderbuch - H\u00e4schen tr\u00f6stet - The Little Palm","og_description":"UMARMUNGEN SAGEN MEHR ALS TAUSEND WORTE: DIESES BILDERBUCH HILFT TR\u00d6STEN","og_url":"https:\/\/littlepalm.de\/en\/product\/kinderbuch-haeschen-troestet\/","og_site_name":"The Little Palm","article_modified_time":"2023-11-22T09:13:03+00:00","og_image":[{"width":1020,"height":1020,"url":"https:\/\/littlepalm.de\/wp-content\/uploads\/2021\/10\/44-Ha\u0308schen-tro\u0308stet-1.jpeg","type":"image\/jpeg"}],"twitter_card":"summary_large_image","schema":{"@context":"https:\/\/schema.org","@graph":[{"@type":"WebPage","@id":"https:\/\/littlepalm.de\/product\/kinderbuch-haeschen-troestet\/","url":"https:\/\/littlepalm.de\/product\/kinderbuch-haeschen-troestet\/","name":"Kinderbuch - H\u00e4schen tr\u00f6stet - The Little Palm","isPartOf":{"@id":"https:\/\/littlepalm.de\/#website"},"primaryImageOfPage":{"@id":"https:\/\/littlepalm.de\/product\/kinderbuch-haeschen-troestet\/#primaryimage"},"image":{"@id":"https:\/\/littlepalm.de\/product\/kinderbuch-haeschen-troestet\/#primaryimage"},"thumbnailUrl":"https:\/\/littlepalm.de\/wp-content\/uploads\/2021\/10\/44-Ha\u0308schen-tro\u0308stet-1.jpeg","datePublished":"2021-10-09T16:21:52+00:00","dateModified":"2023-11-22T09:13:03+00:00","breadcrumb":{"@id":"https:\/\/littlepalm.de\/product\/kinderbuch-haeschen-troestet\/#breadcrumb"},"inLanguage":"en-GB","potentialAction":[{"@type":"ReadAction","target":["https:\/\/littlepalm.de\/product\/kinderbuch-haeschen-troestet\/"]}]},{"@type":"ImageObject","inLanguage":"en-GB","@id":"https:\/\/littlepalm.de\/product\/kinderbuch-haeschen-troestet\/#primaryimage","url":"https:\/\/littlepalm.de\/wp-content\/uploads\/2021\/10\/44-Ha\u0308schen-tro\u0308stet-1.jpeg","contentUrl":"https:\/\/littlepalm.de\/wp-content\/uploads\/2021\/10\/44-Ha\u0308schen-tro\u0308stet-1.jpeg","width":1020,"height":1020},{"@type":"BreadcrumbList","@id":"https:\/\/littlepalm.de\/product\/kinderbuch-haeschen-troestet\/#breadcrumb","itemListElement":[{"@type":"ListItem","position":1,"name":"Startseite","item":"https:\/\/littlepalm.de\/"},{"@type":"ListItem","position":2,"name":"Geschenkboxen","item":"https:\/\/littlepalm.de\/geschenkboxen\/"},{"@type":"ListItem","position":3,"name":"Kinderbuch &#8211; H\u00e4schen tr\u00f6stet"}]},{"@type":"WebSite","@id":"https:\/\/littlepalm.de\/#website","url":"https:\/\/littlepalm.de\/","name":"The Little Palm","description":"Individual gift boxes","potentialAction":[{"@type":"SearchAction","target":{"@type":"EntryPoint","urlTemplate":"https:\/\/littlepalm.de\/?s={search_term_string}"},"query-input":{"@type":"PropertyValueSpecification","valueRequired":true,"valueName":"search_term_string"}}],"inLanguage":"en-GB"}]}},"jetpack_sharing_enabled":true,"_links":{"self":[{"href":"https:\/\/littlepalm.de\/en\/wp-json\/wp\/v2\/product\/5261","targetHints":{"allow":["GET"]}}],"collection":[{"href":"https:\/\/littlepalm.de\/en\/wp-json\/wp\/v2\/product"}],"about":[{"href":"https:\/\/littlepalm.de\/en\/wp-json\/wp\/v2\/types\/product"}],"wp:featuredmedia":[{"embeddable":true,"href":"https:\/\/littlepalm.de\/en\/wp-json\/wp\/v2\/media\/4933"}],"wp:attachment":[{"href":"https:\/\/littlepalm.de\/en\/wp-json\/wp\/v2\/media?parent=5261"}],"wp:term":[{"taxonomy":"product_brand","embeddable":true,"href":"https:\/\/littlepalm.de\/en\/wp-json\/wp\/v2\/product_brand?post=5261"},{"taxonomy":"product_cat","embeddable":true,"href":"https:\/\/littlepalm.de\/en\/wp-json\/wp\/v2\/product_cat?post=5261"},{"taxonomy":"product_tag","embeddable":true,"href":"https:\/\/littlepalm.de\/en\/wp-json\/wp\/v2\/product_tag?post=5261"}],"curies":[{"name":"wp","href":"https:\/\/api.w.org\/{rel}","templated":true}]}}