{"id":14851,"date":"2026-02-16T14:05:25","date_gmt":"2026-02-16T13:05:25","guid":{"rendered":"https:\/\/littlepalm.de\/?post_type=product&#038;p=14851"},"modified":"2026-03-26T15:56:28","modified_gmt":"2026-03-26T14:56:28","slug":"mystery-mom-geschenkbox","status":"publish","type":"product","link":"https:\/\/littlepalm.de\/en\/product\/mystery-mom-geschenkbox\/","title":{"rendered":"MYSTERY MOM GESCHENKBOX"},"content":{"rendered":"<h1 data-start=\"201\" data-end=\"288\">Mystery Geschenkbox f\u00fcr Mama \u2013 Liebevolle \u00dcberraschung mit garantiertem Bestseller<\/h1>\n<p data-start=\"290\" data-end=\"482\">Du suchst ein besonderes Geschenk f\u00fcr eine Mama, wei\u00dft aber nicht genau, was sie wirklich gebrauchen k\u00f6nnte?<br data-start=\"409\" data-end=\"412\" \/>Dann ist unsere <strong data-start=\"428\" data-end=\"461\">Mystery Geschenkbox f\u00fcr Mamas<\/strong> die perfekte L\u00f6sung.<\/p>\n<p data-start=\"484\" data-end=\"743\">Diese limitierte \u00dcberraschungsbox enth\u00e4lt sorgf\u00e4ltig ausgew\u00e4hlte, hochwertige Produkte f\u00fcr Mamas \u2013 stilvoll, praktisch und mit ganz viel Herz zusammengestellt. Und das Beste: Jede Box enth\u00e4lt <strong data-start=\"676\" data-end=\"720\">einen garantierten Bestseller<\/strong> aus unserem Sortiment.<\/p>\n<h2 data-start=\"1995\" data-end=\"2046\">F\u00fcr wen ist die Mystery Mom Geschenkbox geeignet? W\u00e4hle aus und wir passen den Inhalt dementsprechend an \ud83d\ude09<\/h2>\n<ul data-start=\"2048\" data-end=\"2267\">\n<li data-start=\"2048\" data-end=\"2077\">\n<p data-start=\"2050\" data-end=\"2077\">F\u00fcr Moms-to-be &#8211; F\u00fcr die Zeit voller Vorfreude, Bauchmomente und leiser Wunder.<\/p>\n<\/li>\n<li data-start=\"2102\" data-end=\"2129\">\n<p data-start=\"2104\" data-end=\"2129\">F\u00fcr frischgebackene Mamas &#8211; Als Geschenk zur Geburt und f\u00fcr die ersten Wochen voller N\u00e4he, Neuanfang und ganz gro\u00dfer Gef\u00fchle.<\/p>\n<\/li>\n<li data-start=\"2130\" data-end=\"2165\">\n<p data-start=\"2132\" data-end=\"2165\">F\u00fcr Alltagsheldinnen &#8211; Mamas, die jeden Tag mit Liebe f\u00fcllen, weit \u00fcber die Babyzeit hinaus&#8230; als Geburtstaggeschenk, Aufmerksamkeit zum Muttertag, Weihnachtsgeschenk oder einfach mal so zwischendurch.<\/p>\n<\/li>\n<\/ul>\n<h2 data-start=\"2430\" data-end=\"2453\">\u2728 Was erwartet dich?<\/h2>\n<p data-start=\"2455\" data-end=\"2653\">Der genaue Inhalt bleibt eine \u00dcberraschung \u2013 schlie\u00dflich ist es eine Mysterybox.<br data-start=\"2535\" data-end=\"2538\" \/>Freu dich auf eine harmonische Auswahl aus stilvollen, hochwertigen und sorgf\u00e4ltig kuratierten Produkten f\u00fcr Mamas, wie zum Beispiel Pflegeprodukte, Keramik, Schmuck, oder Fashion Pieces.<\/p>\n<p data-start=\"2655\" data-end=\"2790\">Jede Box wird liebevoll verpackt und kann direkt an die beschenkte Mama versendet werden \u2013 selbstverst\u00e4ndlich ohne Rechnung in der Box.<\/p>\n<h2 data-start=\"750\" data-end=\"796\">Warum eine Mystery Geschenkbox f\u00fcr Mama?<\/h2>\n<p data-start=\"798\" data-end=\"961\">Gerade f\u00fcr Mamas ist es oft schwer, das passende Geschenk zu finden. Blumen sind sch\u00f6n \u2013 aber schnell verg\u00e4nglich. Ein Gutschein ist praktisch \u2013 aber unpers\u00f6nlich.<\/p>\n<p data-start=\"963\" data-end=\"1014\">With our <strong data-start=\"975\" data-end=\"998\">Mysterybox f\u00fcr Mama<\/strong> verschenkst du:<\/p>\n<ul data-start=\"1016\" data-end=\"1197\">\n<li data-start=\"1016\" data-end=\"1054\">\n<p data-start=\"1018\" data-end=\"1054\">\u2728 Einen echten \u00dcberraschungsmoment<\/p>\n<\/li>\n<li data-start=\"1055\" data-end=\"1091\">\n<p data-start=\"1057\" data-end=\"1091\">\ud83c\udf3f Hochwertige Lieblingsprodukte<\/p>\n<\/li>\n<li data-start=\"1092\" data-end=\"1132\">\n<p data-start=\"1094\" data-end=\"1132\">\ud83d\udc9b Eine liebevolle Auszeit im Alltag<\/p>\n<\/li>\n<li data-start=\"1133\" data-end=\"1197\">\n<p data-start=\"1135\" data-end=\"1197\">\ud83c\udf81 Ein stilvoll verpacktes Geschenk, das sofort Freude macht<\/p>\n<\/li>\n<\/ul>\n<p data-start=\"1199\" data-end=\"1313\">Ideal als Geschenk zur Geburt, zu Weihnachten, zum Muttertag oder einfach als kleine Aufmerksamkeit zwischendurch.<\/p>\n<h2 data-start=\"1320\" data-end=\"1353\">Mit garantiertem Bestseller<\/h2>\n<p data-start=\"1355\" data-end=\"1513\">Jede Mystery Geschenkbox enth\u00e4lt <strong data-start=\"1388\" data-end=\"1445\">mindestens ein besonders beliebtes Bestseller-Produkt<\/strong>, das von unseren Kundinnen immer wieder begeistert angenommen wird.<\/p>\n<p data-start=\"1515\" data-end=\"1629\">So kombinierst du den Zauber einer \u00dcberraschung mit der Sicherheit, etwas Bew\u00e4hrtes und Wertvolles zu verschenken.<\/p>\n<h2 data-start=\"1636\" data-end=\"1666\">Attraktiver Preisvorteil<\/h2>\n<p data-start=\"1668\" data-end=\"1810\">Unsere Mysteryboxen bieten dir einen <strong data-start=\"1705\" data-end=\"1728\">klaren Preisvorteil<\/strong>:<br data-start=\"1729\" data-end=\"1732\" \/>Der Gesamtwert der enthaltenen Produkte liegt deutlich \u00fcber dem Verkaufspreis.<\/p>\n<p data-start=\"1812\" data-end=\"1988\">Du erh\u00e4ltst also hochwertige Mama-Produkte zu einem besonders fairen Preis \u2013 perfekt f\u00fcr alle, die ein besonderes Geschenk suchen und gleichzeitig auf ein gutes Angebot achten.<\/p>","protected":false},"excerpt":{"rendered":"<ul>\n<li>LOVINGLY COMPOSED GIFT SET<\/li>\n<li>PRETTY, MODERN BOX DESIGN WITH GIFT RIBBON<\/li>\n<li>EXCLUSIVE DISCOUNT<\/li>\n<li>INCLUDE AT LEAST ONE BESTSELLER<\/li>\n<\/ul>\n<p><strong>WE SHIP DIRECTLY TO THE RECIPIENT, OF COURSE WITHOUT AN INVOICE IN THE BOX!<\/strong><\/p>","protected":false},"featured_media":12989,"template":"","meta":{"inline_featured_image":false},"product_brand":[],"product_cat":[136,140,143,153,291,326],"product_tag":[],"class_list":{"0":"post-14851","1":"product","2":"type-product","3":"status-publish","4":"has-post-thumbnail","6":"product_cat-babygeschenkboxen","7":"product_cat-moms","8":"product_cat-gift-boxes","9":"product_cat-moms-dads","10":"product_cat-geschenke-fuer-die-familie","11":"product_cat-mystery-geschenkboxen","12":"product_shipping_class-standard","14":"first","15":"instock","16":"sale","17":"taxable","18":"shipping-taxable","19":"purchasable","20":"product-type-variable","21":"has-default-attributes"},"composite_virtual":false,"composite_layout":"","composite_add_to_cart_form_location":"","composite_editable_in_cart":false,"composite_sold_individually_context":"","composite_shop_price_calc":"","composite_components":[],"composite_scenarios":[],"yoast_head":"<!-- This site is optimized with the Yoast SEO plugin v27.2 - https:\/\/yoast.com\/product\/yoast-seo-wordpress\/ -->\n<title>Mystery Mom Geschenkbox zum Geburtstag oder Muttertag kaufen<\/title>\n<meta name=\"description\" content=\"Liebevoll zusammengestellte \u00dcberraschungsbox mit hochwertigen Produkten &amp; exklusivem Rabatt. Ideal als Geschenk f\u00fcr Mamas \u2665\" \/>\n<meta name=\"robots\" content=\"index, follow, max-snippet:-1, max-image-preview:large, max-video-preview:-1\" \/>\n<link rel=\"canonical\" href=\"https:\/\/littlepalm.de\/en\/product\/mystery-mom-geschenkbox\/\" \/>\n<meta property=\"og:locale\" content=\"en_GB\" \/>\n<meta property=\"og:type\" content=\"article\" \/>\n<meta property=\"og:title\" content=\"Mystery Mom Geschenkbox zum Geburtstag oder Muttertag kaufen\" \/>\n<meta property=\"og:description\" content=\"Liebevoll zusammengestellte \u00dcberraschungsbox mit hochwertigen Produkten &amp; exklusivem Rabatt. Ideal als Geschenk f\u00fcr Mamas \u2665\" \/>\n<meta property=\"og:url\" content=\"https:\/\/littlepalm.de\/en\/product\/mystery-mom-geschenkbox\/\" \/>\n<meta property=\"og:site_name\" content=\"The Little Palm\" \/>\n<meta property=\"article:modified_time\" content=\"2026-03-26T14:56:28+00:00\" \/>\n<meta property=\"og:image\" content=\"https:\/\/littlepalm.de\/wp-content\/uploads\/2025\/10\/NUR-FUeR-KURZE-ZEIT-1-1-scaled.jpg\" \/>\n\t<meta property=\"og:image:width\" content=\"2560\" \/>\n\t<meta property=\"og:image:height\" content=\"2060\" \/>\n\t<meta property=\"og:image:type\" content=\"image\/jpeg\" \/>\n<meta name=\"twitter:card\" content=\"summary_large_image\" \/>\n<meta name=\"twitter:label1\" content=\"Estimated reading time\" \/>\n\t<meta name=\"twitter:data1\" content=\"3 minutes\" \/>\n<script type=\"application\/ld+json\" class=\"yoast-schema-graph\">{\"@context\":\"https:\/\/schema.org\",\"@graph\":[{\"@type\":\"WebPage\",\"@id\":\"https:\/\/littlepalm.de\/product\/mystery-mom-geschenkbox\/\",\"url\":\"https:\/\/littlepalm.de\/product\/mystery-mom-geschenkbox\/\",\"name\":\"Mystery Mom Geschenkbox zum Geburtstag oder Muttertag kaufen\",\"isPartOf\":{\"@id\":\"https:\/\/littlepalm.de\/#website\"},\"primaryImageOfPage\":{\"@id\":\"https:\/\/littlepalm.de\/product\/mystery-mom-geschenkbox\/#primaryimage\"},\"image\":{\"@id\":\"https:\/\/littlepalm.de\/product\/mystery-mom-geschenkbox\/#primaryimage\"},\"thumbnailUrl\":\"https:\/\/littlepalm.de\/wp-content\/uploads\/2025\/10\/NUR-FUeR-KURZE-ZEIT-1-1-scaled.jpg\",\"datePublished\":\"2026-02-16T13:05:25+00:00\",\"dateModified\":\"2026-03-26T14:56:28+00:00\",\"description\":\"Liebevoll zusammengestellte \u00dcberraschungsbox mit hochwertigen Produkten & exklusivem Rabatt. Ideal als Geschenk f\u00fcr Mamas \u2665\",\"breadcrumb\":{\"@id\":\"https:\/\/littlepalm.de\/product\/mystery-mom-geschenkbox\/#breadcrumb\"},\"inLanguage\":\"en-GB\",\"potentialAction\":[{\"@type\":\"ReadAction\",\"target\":[\"https:\/\/littlepalm.de\/product\/mystery-mom-geschenkbox\/\"]}]},{\"@type\":\"ImageObject\",\"inLanguage\":\"en-GB\",\"@id\":\"https:\/\/littlepalm.de\/product\/mystery-mom-geschenkbox\/#primaryimage\",\"url\":\"https:\/\/littlepalm.de\/wp-content\/uploads\/2025\/10\/NUR-FUeR-KURZE-ZEIT-1-1-scaled.jpg\",\"contentUrl\":\"https:\/\/littlepalm.de\/wp-content\/uploads\/2025\/10\/NUR-FUeR-KURZE-ZEIT-1-1-scaled.jpg\",\"width\":2560,\"height\":2060},{\"@type\":\"BreadcrumbList\",\"@id\":\"https:\/\/littlepalm.de\/product\/mystery-mom-geschenkbox\/#breadcrumb\",\"itemListElement\":[{\"@type\":\"ListItem\",\"position\":1,\"name\":\"Startseite\",\"item\":\"https:\/\/littlepalm.de\/\"},{\"@type\":\"ListItem\",\"position\":2,\"name\":\"Geschenkboxen\",\"item\":\"https:\/\/littlepalm.de\/geschenkboxen\/\"},{\"@type\":\"ListItem\",\"position\":3,\"name\":\"MYSTERY MOM GESCHENKBOX\"}]},{\"@type\":\"WebSite\",\"@id\":\"https:\/\/littlepalm.de\/#website\",\"url\":\"https:\/\/littlepalm.de\/\",\"name\":\"The Little Palm\",\"description\":\"Individuelle Geschenkboxen\",\"potentialAction\":[{\"@type\":\"SearchAction\",\"target\":{\"@type\":\"EntryPoint\",\"urlTemplate\":\"https:\/\/littlepalm.de\/?s={search_term_string}\"},\"query-input\":{\"@type\":\"PropertyValueSpecification\",\"valueRequired\":true,\"valueName\":\"search_term_string\"}}],\"inLanguage\":\"en-GB\"}]}<\/script>\n<!-- \/ Yoast SEO plugin. -->","yoast_head_json":{"title":"Mystery Mom Geschenkbox zum Geburtstag oder Muttertag kaufen","description":"Liebevoll zusammengestellte \u00dcberraschungsbox mit hochwertigen Produkten & exklusivem Rabatt. Ideal als Geschenk f\u00fcr Mamas \u2665","robots":{"index":"index","follow":"follow","max-snippet":"max-snippet:-1","max-image-preview":"max-image-preview:large","max-video-preview":"max-video-preview:-1"},"canonical":"https:\/\/littlepalm.de\/en\/product\/mystery-mom-geschenkbox\/","og_locale":"en_GB","og_type":"article","og_title":"Mystery Mom Geschenkbox zum Geburtstag oder Muttertag kaufen","og_description":"Liebevoll zusammengestellte \u00dcberraschungsbox mit hochwertigen Produkten & exklusivem Rabatt. Ideal als Geschenk f\u00fcr Mamas \u2665","og_url":"https:\/\/littlepalm.de\/en\/product\/mystery-mom-geschenkbox\/","og_site_name":"The Little Palm","article_modified_time":"2026-03-26T14:56:28+00:00","og_image":[{"width":2560,"height":2060,"url":"https:\/\/littlepalm.de\/wp-content\/uploads\/2025\/10\/NUR-FUeR-KURZE-ZEIT-1-1-scaled.jpg","type":"image\/jpeg"}],"twitter_card":"summary_large_image","twitter_misc":{"Estimated reading time":"3 minutes"},"schema":{"@context":"https:\/\/schema.org","@graph":[{"@type":"WebPage","@id":"https:\/\/littlepalm.de\/product\/mystery-mom-geschenkbox\/","url":"https:\/\/littlepalm.de\/product\/mystery-mom-geschenkbox\/","name":"Mystery Mom Geschenkbox zum Geburtstag oder Muttertag kaufen","isPartOf":{"@id":"https:\/\/littlepalm.de\/#website"},"primaryImageOfPage":{"@id":"https:\/\/littlepalm.de\/product\/mystery-mom-geschenkbox\/#primaryimage"},"image":{"@id":"https:\/\/littlepalm.de\/product\/mystery-mom-geschenkbox\/#primaryimage"},"thumbnailUrl":"https:\/\/littlepalm.de\/wp-content\/uploads\/2025\/10\/NUR-FUeR-KURZE-ZEIT-1-1-scaled.jpg","datePublished":"2026-02-16T13:05:25+00:00","dateModified":"2026-03-26T14:56:28+00:00","description":"Liebevoll zusammengestellte \u00dcberraschungsbox mit hochwertigen Produkten & exklusivem Rabatt. Ideal als Geschenk f\u00fcr Mamas \u2665","breadcrumb":{"@id":"https:\/\/littlepalm.de\/product\/mystery-mom-geschenkbox\/#breadcrumb"},"inLanguage":"en-GB","potentialAction":[{"@type":"ReadAction","target":["https:\/\/littlepalm.de\/product\/mystery-mom-geschenkbox\/"]}]},{"@type":"ImageObject","inLanguage":"en-GB","@id":"https:\/\/littlepalm.de\/product\/mystery-mom-geschenkbox\/#primaryimage","url":"https:\/\/littlepalm.de\/wp-content\/uploads\/2025\/10\/NUR-FUeR-KURZE-ZEIT-1-1-scaled.jpg","contentUrl":"https:\/\/littlepalm.de\/wp-content\/uploads\/2025\/10\/NUR-FUeR-KURZE-ZEIT-1-1-scaled.jpg","width":2560,"height":2060},{"@type":"BreadcrumbList","@id":"https:\/\/littlepalm.de\/product\/mystery-mom-geschenkbox\/#breadcrumb","itemListElement":[{"@type":"ListItem","position":1,"name":"Startseite","item":"https:\/\/littlepalm.de\/"},{"@type":"ListItem","position":2,"name":"Geschenkboxen","item":"https:\/\/littlepalm.de\/geschenkboxen\/"},{"@type":"ListItem","position":3,"name":"MYSTERY MOM GESCHENKBOX"}]},{"@type":"WebSite","@id":"https:\/\/littlepalm.de\/#website","url":"https:\/\/littlepalm.de\/","name":"The Little Palm","description":"Individual gift boxes","potentialAction":[{"@type":"SearchAction","target":{"@type":"EntryPoint","urlTemplate":"https:\/\/littlepalm.de\/?s={search_term_string}"},"query-input":{"@type":"PropertyValueSpecification","valueRequired":true,"valueName":"search_term_string"}}],"inLanguage":"en-GB"}]}},"jetpack_sharing_enabled":true,"_links":{"self":[{"href":"https:\/\/littlepalm.de\/en\/wp-json\/wp\/v2\/product\/14851","targetHints":{"allow":["GET"]}}],"collection":[{"href":"https:\/\/littlepalm.de\/en\/wp-json\/wp\/v2\/product"}],"about":[{"href":"https:\/\/littlepalm.de\/en\/wp-json\/wp\/v2\/types\/product"}],"wp:featuredmedia":[{"embeddable":true,"href":"https:\/\/littlepalm.de\/en\/wp-json\/wp\/v2\/media\/12989"}],"wp:attachment":[{"href":"https:\/\/littlepalm.de\/en\/wp-json\/wp\/v2\/media?parent=14851"}],"wp:term":[{"taxonomy":"product_brand","embeddable":true,"href":"https:\/\/littlepalm.de\/en\/wp-json\/wp\/v2\/product_brand?post=14851"},{"taxonomy":"product_cat","embeddable":true,"href":"https:\/\/littlepalm.de\/en\/wp-json\/wp\/v2\/product_cat?post=14851"},{"taxonomy":"product_tag","embeddable":true,"href":"https:\/\/littlepalm.de\/en\/wp-json\/wp\/v2\/product_tag?post=14851"}],"curies":[{"name":"wp","href":"https:\/\/api.w.org\/{rel}","templated":true}]}}