{"id":12658,"date":"2025-09-15T11:36:12","date_gmt":"2025-09-15T09:36:12","guid":{"rendered":"https:\/\/littlepalm.de\/?post_type=product&#038;p=12658"},"modified":"2026-04-10T15:04:37","modified_gmt":"2026-04-10T13:04:37","slug":"geschenkbox-sweetest-things","status":"publish","type":"product","link":"https:\/\/littlepalm.de\/en\/product\/geschenkbox-sweetest-things\/","title":{"rendered":"SWEETEST THINGS GIFT BOX"},"content":{"rendered":"<h3 data-start=\"281\" data-end=\"356\"><strong data-start=\"285\" data-end=\"356\">Gift box \u201cSweetest Things\u201d \u2013 A lovely baby gift for birth<\/strong><\/h3>\n<p data-start=\"358\" data-end=\"736\">Our <strong data-start=\"365\" data-end=\"398\">Gift box \u201cSweetest Things\u201d<\/strong> This is a lovingly curated set that will bring special joy to new parents and their newborn. This beautiful <strong data-start=\"545\" data-end=\"564\">Baby gift box<\/strong> carefully selected, high-quality products are combined in a modern box design \u2013 perfect as a stylish accessory. <strong data-start=\"674\" data-end=\"697\">Gift for birth<\/strong>.<\/p>\n<p data-start=\"738\" data-end=\"1266\">The <em data-start=\"742\" data-end=\"771\">Sweetest Things Gift Box<\/em> Contains magical essentials for the first moments together:<br data-start=\"838\" data-end=\"841\" \/>\u2714 A soft <strong data-start=\"855\" data-end=\"882\">Muslin cloth (60\u00d760 cm)<\/strong> \u2013 versatile use as a burp cloth, light blanket or cuddly toy.<br data-start=\"953\" data-end=\"956\" \/>\u2714 A charming <strong data-start=\"973\" data-end=\"997\">Baby book by LIEWOOD<\/strong> \u2013 ideal for first picture book discoveries.<br data-start=\"1040\" data-end=\"1043\" \/>\u2714 One <strong data-start=\"1051\" data-end=\"1087\">Teething ring with textured surface<\/strong> in Dusty Blue \u2013 playfully supports teething.<br data-start=\"1140\" data-end=\"1143\" data-is-only-node=\"\" \/>\u2714 A pair of cute <strong data-start=\"1164\" data-end=\"1179\">Mini socks<\/strong> from FAMVIBES \u2013 for warm and cozy feet.<\/p>\n<p data-start=\"1268\" data-end=\"1662\">\ud83c\udf81 <strong data-start=\"1271\" data-end=\"1328\">A lovingly assembled gift for a newborn:<\/strong><br data-start=\"1328\" data-end=\"1331\" \/>The <em data-start=\"1335\" data-end=\"1364\">Sweetest Things Gift Box<\/em> is perfectly suited as a well-thought-out <strong data-start=\"1402\" data-end=\"1425\">Gift for birth<\/strong> or as a charming surprise for a baby shower. With its high-quality, beautifully coordinated contents, this <strong data-start=\"1539\" data-end=\"1558\">Baby gift box<\/strong> Functionality, style and joy in the everyday life of the young family.<\/p>\n<p data-start=\"1664\" data-end=\"2011\">\u2728 <strong data-start=\"1666\" data-end=\"1716\">Ready to ship and give as a gift immediately:<\/strong><br data-start=\"1716\" data-end=\"1719\" \/>Each box is lovingly arranged, comes in a modern design with gift ribbon, and is shipped without an invoice \u2013 ideal if you want to send it directly to the recipient. A personal gift card can also be added as an option.<\/p>","protected":false},"excerpt":{"rendered":"<ul>\n<li>Lovingly compiled 5-piece gift set<\/li>\n<li>PRETTY, MODERN BOX DESIGN WITH GIFT RIBBON<\/li>\n<li>MUSSEL CLOTH 60\u00d760 CM BERRIES<\/li>\n<li>LIWEOOD BABY BOOK<\/li>\n<li>TEETHER WITH DUSTY BLUE DUBBLE STRUCTURES<\/li>\n<li>MINI FAMVIBES SOCKS<\/li>\n<\/ul>\n<p><strong>WE SHIP DIRECTLY TO THE RECIPIENT, OF COURSE WITHOUT AN INVOICE IN THE BOX!<\/strong><\/p>","protected":false},"featured_media":12661,"template":"","meta":{"inline_featured_image":false},"product_brand":[],"product_cat":[319,136,143,283,284,304,305,306],"product_tag":[],"class_list":{"0":"post-12658","1":"product","2":"type-product","3":"status-publish","4":"has-post-thumbnail","6":"product_cat-60-89euro","7":"product_cat-babygeschenkboxen","8":"product_cat-gift-boxes","9":"product_cat-weihnachtsgeschenke","10":"product_cat-bis-1-jahr","11":"product_cat-geschenk-junge","12":"product_cat-geschenk-maedchen","13":"product_cat-geschenk-neutral","14":"product_shipping_class-standard","16":"first","17":"instock","18":"taxable","19":"shipping-taxable","20":"purchasable","21":"product-type-simple"},"composite_virtual":false,"composite_layout":"","composite_add_to_cart_form_location":"","composite_editable_in_cart":false,"composite_sold_individually_context":"","composite_shop_price_calc":"","composite_components":[],"composite_scenarios":[],"yoast_head":"<!-- This site is optimized with the Yoast SEO plugin v27.2 - https:\/\/yoast.com\/product\/yoast-seo-wordpress\/ -->\n<title>Geschenkbox We Love You zur Geburt f\u00fcr kaufen - The little palm<\/title>\n<meta name=\"description\" content=\"Stilvoll zusammengestellte Geschenkbox zur Geburt f\u00fcr M\u00e4dchen und Jungs, mit nachhaltigen Produkten namhafter Brands, in einer modernen Geschenkverpackung \u2665\" \/>\n<meta name=\"robots\" content=\"index, follow, max-snippet:-1, max-image-preview:large, max-video-preview:-1\" \/>\n<link rel=\"canonical\" href=\"https:\/\/littlepalm.de\/en\/product\/geschenkbox-sweetest-things\/\" \/>\n<meta property=\"og:locale\" content=\"en_GB\" \/>\n<meta property=\"og:type\" content=\"article\" \/>\n<meta property=\"og:title\" content=\"Geschenkbox We Love You zur Geburt f\u00fcr kaufen - The little palm\" \/>\n<meta property=\"og:description\" content=\"Stilvoll zusammengestellte Geschenkbox zur Geburt f\u00fcr M\u00e4dchen und Jungs, mit nachhaltigen Produkten namhafter Brands, in einer modernen Geschenkverpackung \u2665\" \/>\n<meta property=\"og:url\" content=\"https:\/\/littlepalm.de\/en\/product\/geschenkbox-sweetest-things\/\" \/>\n<meta property=\"og:site_name\" content=\"The Little Palm\" \/>\n<meta property=\"article:modified_time\" content=\"2026-04-10T13:04:37+00:00\" \/>\n<meta property=\"og:image\" content=\"https:\/\/littlepalm.de\/wp-content\/uploads\/2025\/09\/thumbnail_IMG_4215.jpg\" \/>\n\t<meta property=\"og:image:width\" content=\"1920\" \/>\n\t<meta property=\"og:image:height\" content=\"1920\" \/>\n\t<meta property=\"og:image:type\" content=\"image\/jpeg\" \/>\n<meta name=\"twitter:card\" content=\"summary_large_image\" \/>\n<meta name=\"twitter:label1\" content=\"Estimated reading time\" \/>\n\t<meta name=\"twitter:data1\" content=\"2 minutes\" \/>\n<script type=\"application\/ld+json\" class=\"yoast-schema-graph\">{\"@context\":\"https:\/\/schema.org\",\"@graph\":[{\"@type\":\"WebPage\",\"@id\":\"https:\/\/littlepalm.de\/product\/geschenkbox-sweetest-things\/\",\"url\":\"https:\/\/littlepalm.de\/product\/geschenkbox-sweetest-things\/\",\"name\":\"Geschenkbox We Love You zur Geburt f\u00fcr kaufen - The little palm\",\"isPartOf\":{\"@id\":\"https:\/\/littlepalm.de\/#website\"},\"primaryImageOfPage\":{\"@id\":\"https:\/\/littlepalm.de\/product\/geschenkbox-sweetest-things\/#primaryimage\"},\"image\":{\"@id\":\"https:\/\/littlepalm.de\/product\/geschenkbox-sweetest-things\/#primaryimage\"},\"thumbnailUrl\":\"https:\/\/littlepalm.de\/wp-content\/uploads\/2025\/09\/thumbnail_IMG_4215.jpg\",\"datePublished\":\"2025-09-15T09:36:12+00:00\",\"dateModified\":\"2026-04-10T13:04:37+00:00\",\"description\":\"Stilvoll zusammengestellte Geschenkbox zur Geburt f\u00fcr M\u00e4dchen und Jungs, mit nachhaltigen Produkten namhafter Brands, in einer modernen Geschenkverpackung \u2665\",\"breadcrumb\":{\"@id\":\"https:\/\/littlepalm.de\/product\/geschenkbox-sweetest-things\/#breadcrumb\"},\"inLanguage\":\"en-GB\",\"potentialAction\":[{\"@type\":\"ReadAction\",\"target\":[\"https:\/\/littlepalm.de\/product\/geschenkbox-sweetest-things\/\"]}]},{\"@type\":\"ImageObject\",\"inLanguage\":\"en-GB\",\"@id\":\"https:\/\/littlepalm.de\/product\/geschenkbox-sweetest-things\/#primaryimage\",\"url\":\"https:\/\/littlepalm.de\/wp-content\/uploads\/2025\/09\/thumbnail_IMG_4215.jpg\",\"contentUrl\":\"https:\/\/littlepalm.de\/wp-content\/uploads\/2025\/09\/thumbnail_IMG_4215.jpg\",\"width\":1920,\"height\":1920},{\"@type\":\"BreadcrumbList\",\"@id\":\"https:\/\/littlepalm.de\/product\/geschenkbox-sweetest-things\/#breadcrumb\",\"itemListElement\":[{\"@type\":\"ListItem\",\"position\":1,\"name\":\"Startseite\",\"item\":\"https:\/\/littlepalm.de\/\"},{\"@type\":\"ListItem\",\"position\":2,\"name\":\"Geschenkboxen\",\"item\":\"https:\/\/littlepalm.de\/geschenkboxen\/\"},{\"@type\":\"ListItem\",\"position\":3,\"name\":\"GESCHENKBOX SWEETEST THINGS\"}]},{\"@type\":\"WebSite\",\"@id\":\"https:\/\/littlepalm.de\/#website\",\"url\":\"https:\/\/littlepalm.de\/\",\"name\":\"The Little Palm\",\"description\":\"Individuelle Geschenkboxen\",\"potentialAction\":[{\"@type\":\"SearchAction\",\"target\":{\"@type\":\"EntryPoint\",\"urlTemplate\":\"https:\/\/littlepalm.de\/?s={search_term_string}\"},\"query-input\":{\"@type\":\"PropertyValueSpecification\",\"valueRequired\":true,\"valueName\":\"search_term_string\"}}],\"inLanguage\":\"en-GB\"}]}<\/script>\n<!-- \/ Yoast SEO plugin. -->","yoast_head_json":{"title":"Buy the &quot;We Love You&quot; gift box for newborns - The little palm","description":"Stylishly curated gift box for newborn girls and boys, featuring sustainable products from renowned brands, in modern gift packaging \u2665","robots":{"index":"index","follow":"follow","max-snippet":"max-snippet:-1","max-image-preview":"max-image-preview:large","max-video-preview":"max-video-preview:-1"},"canonical":"https:\/\/littlepalm.de\/en\/product\/geschenkbox-sweetest-things\/","og_locale":"en_GB","og_type":"article","og_title":"Geschenkbox We Love You zur Geburt f\u00fcr kaufen - The little palm","og_description":"Stilvoll zusammengestellte Geschenkbox zur Geburt f\u00fcr M\u00e4dchen und Jungs, mit nachhaltigen Produkten namhafter Brands, in einer modernen Geschenkverpackung \u2665","og_url":"https:\/\/littlepalm.de\/en\/product\/geschenkbox-sweetest-things\/","og_site_name":"The Little Palm","article_modified_time":"2026-04-10T13:04:37+00:00","og_image":[{"width":1920,"height":1920,"url":"https:\/\/littlepalm.de\/wp-content\/uploads\/2025\/09\/thumbnail_IMG_4215.jpg","type":"image\/jpeg"}],"twitter_card":"summary_large_image","twitter_misc":{"Estimated reading time":"2 minutes"},"schema":{"@context":"https:\/\/schema.org","@graph":[{"@type":"WebPage","@id":"https:\/\/littlepalm.de\/product\/geschenkbox-sweetest-things\/","url":"https:\/\/littlepalm.de\/product\/geschenkbox-sweetest-things\/","name":"Buy the &quot;We Love You&quot; gift box for newborns - The little palm","isPartOf":{"@id":"https:\/\/littlepalm.de\/#website"},"primaryImageOfPage":{"@id":"https:\/\/littlepalm.de\/product\/geschenkbox-sweetest-things\/#primaryimage"},"image":{"@id":"https:\/\/littlepalm.de\/product\/geschenkbox-sweetest-things\/#primaryimage"},"thumbnailUrl":"https:\/\/littlepalm.de\/wp-content\/uploads\/2025\/09\/thumbnail_IMG_4215.jpg","datePublished":"2025-09-15T09:36:12+00:00","dateModified":"2026-04-10T13:04:37+00:00","description":"Stylishly curated gift box for newborn girls and boys, featuring sustainable products from renowned brands, in modern gift packaging \u2665","breadcrumb":{"@id":"https:\/\/littlepalm.de\/product\/geschenkbox-sweetest-things\/#breadcrumb"},"inLanguage":"en-GB","potentialAction":[{"@type":"ReadAction","target":["https:\/\/littlepalm.de\/product\/geschenkbox-sweetest-things\/"]}]},{"@type":"ImageObject","inLanguage":"en-GB","@id":"https:\/\/littlepalm.de\/product\/geschenkbox-sweetest-things\/#primaryimage","url":"https:\/\/littlepalm.de\/wp-content\/uploads\/2025\/09\/thumbnail_IMG_4215.jpg","contentUrl":"https:\/\/littlepalm.de\/wp-content\/uploads\/2025\/09\/thumbnail_IMG_4215.jpg","width":1920,"height":1920},{"@type":"BreadcrumbList","@id":"https:\/\/littlepalm.de\/product\/geschenkbox-sweetest-things\/#breadcrumb","itemListElement":[{"@type":"ListItem","position":1,"name":"Startseite","item":"https:\/\/littlepalm.de\/"},{"@type":"ListItem","position":2,"name":"Geschenkboxen","item":"https:\/\/littlepalm.de\/geschenkboxen\/"},{"@type":"ListItem","position":3,"name":"GESCHENKBOX SWEETEST THINGS"}]},{"@type":"WebSite","@id":"https:\/\/littlepalm.de\/#website","url":"https:\/\/littlepalm.de\/","name":"The Little Palm","description":"Individual gift boxes","potentialAction":[{"@type":"SearchAction","target":{"@type":"EntryPoint","urlTemplate":"https:\/\/littlepalm.de\/?s={search_term_string}"},"query-input":{"@type":"PropertyValueSpecification","valueRequired":true,"valueName":"search_term_string"}}],"inLanguage":"en-GB"}]}},"jetpack_sharing_enabled":true,"_links":{"self":[{"href":"https:\/\/littlepalm.de\/en\/wp-json\/wp\/v2\/product\/12658","targetHints":{"allow":["GET"]}}],"collection":[{"href":"https:\/\/littlepalm.de\/en\/wp-json\/wp\/v2\/product"}],"about":[{"href":"https:\/\/littlepalm.de\/en\/wp-json\/wp\/v2\/types\/product"}],"wp:featuredmedia":[{"embeddable":true,"href":"https:\/\/littlepalm.de\/en\/wp-json\/wp\/v2\/media\/12661"}],"wp:attachment":[{"href":"https:\/\/littlepalm.de\/en\/wp-json\/wp\/v2\/media?parent=12658"}],"wp:term":[{"taxonomy":"product_brand","embeddable":true,"href":"https:\/\/littlepalm.de\/en\/wp-json\/wp\/v2\/product_brand?post=12658"},{"taxonomy":"product_cat","embeddable":true,"href":"https:\/\/littlepalm.de\/en\/wp-json\/wp\/v2\/product_cat?post=12658"},{"taxonomy":"product_tag","embeddable":true,"href":"https:\/\/littlepalm.de\/en\/wp-json\/wp\/v2\/product_tag?post=12658"}],"curies":[{"name":"wp","href":"https:\/\/api.w.org\/{rel}","templated":true}]}}