{"id":12656,"date":"2025-09-15T11:28:04","date_gmt":"2025-09-15T09:28:04","guid":{"rendered":"https:\/\/littlepalm.de\/?post_type=product&#038;p=12656"},"modified":"2026-04-17T10:01:34","modified_gmt":"2026-04-17T08:01:34","slug":"geschenkbox-bluey","status":"publish","type":"product","link":"https:\/\/littlepalm.de\/en\/product\/geschenkbox-bluey\/","title":{"rendered":"GIFT BOX BLUEY"},"content":{"rendered":"<h3 data-start=\"328\" data-end=\"388\"><strong data-start=\"332\" data-end=\"388\">Gift box \u201cBluey\u201d \u2013 Stylish gift for a newborn<\/strong><\/h3>\n<p data-start=\"390\" data-end=\"758\">Our lovingly compiled <strong data-start=\"425\" data-end=\"448\">Gift box \u201cBluey\u201d<\/strong> is a well-thought-out and at the same time enchanting <strong data-start=\"496\" data-end=\"519\">Gift for birth<\/strong>, which delights parents and newborns alike. This beautifully designed <strong data-start=\"596\" data-end=\"615\">Baby gift box<\/strong> combines practical essentials with high-quality basics that are always needed in everyday life with a baby.<\/p>\n<p data-start=\"760\" data-end=\"1148\">The <em data-start=\"764\" data-end=\"783\">Bluey Gift Box<\/em> Contains carefully selected favorite items \u2013 ideal for the first moments together:<br data-start=\"874\" data-end=\"877\" \/>\u2714 A soft <strong data-start=\"891\" data-end=\"907\">Muslin cloth<\/strong> \u2013 versatile use as a burp cloth, cuddly toy or light blanket<br data-start=\"974\" data-end=\"977\" \/>\u2714 One <strong data-start=\"985\" data-end=\"1000\">Drinking cup<\/strong> \u2013 perfect for your first drinks on the go<br data-start=\"1044\" data-end=\"1047\" \/>\u2714 One <strong data-start=\"1055\" data-end=\"1068\">dummy<\/strong> \u2013 stylish and comfortable for small mouths<\/p>\n<p data-start=\"1150\" data-end=\"1537\">\ud83c\udf81 <strong data-start=\"1153\" data-end=\"1189\">Perfect as a gift for a newborn:<\/strong><br data-start=\"1189\" data-end=\"1192\" \/>This <strong data-start=\"1198\" data-end=\"1224\">Gift box for birth<\/strong> This is a lovely gift idea for baby showers, welcome visits, or as a personal surprise for expectant parents. With its modern box design and thoughtful contents, the <em data-start=\"1416\" data-end=\"1439\">Bluey Baby Gift Box<\/em> functional benefits, style and joy in everyday family life.<\/p>\n<p data-start=\"1539\" data-end=\"1813\">\u2728 <strong data-start=\"1541\" data-end=\"1584\">Ready to ship and give as a gift:<\/strong><br data-start=\"1584\" data-end=\"1587\" \/>Each box is lovingly arranged and comes with gift ribbon \u2013 no price is indicated in the package, and a personalized gift card is available upon request. This way, your gift is ready to give immediately.<\/p>","protected":false},"excerpt":{"rendered":"<ul>\n<li>Lovingly compiled 3-piece gift set<\/li>\n<li>PRETTY, MODERN BOX DESIGN WITH GIFT RIBBON<\/li>\n<li>Muslin cloth<\/li>\n<li>DRINKING CUP<\/li>\n<li>DUMMY<\/li>\n<li>OEKOTEX CERTIFIED<\/li>\n<\/ul>\n<p><strong>WE SHIP DIRECTLY TO THE RECIPIENT, OF COURSE WITHOUT AN INVOICE IN THE BOX!<\/strong><\/p>","protected":false},"featured_media":12615,"template":"","meta":{"inline_featured_image":false},"product_brand":[],"product_cat":[16,143,150,294],"product_tag":[],"class_list":{"0":"post-12656","1":"product","2":"type-product","3":"status-publish","4":"has-post-thumbnail","6":"product_cat-uncategorized","7":"product_cat-gift-boxes","8":"product_cat-giftboxes","9":"product_cat-bis-59euro","11":"first","12":"instock","13":"taxable","14":"shipping-taxable","15":"purchasable","16":"product-type-simple"},"yoast_head":"<!-- This site is optimized with the Yoast SEO plugin v27.2 - https:\/\/yoast.com\/product\/yoast-seo-wordpress\/ -->\n<title>Geschenkbox Bluey zur Geburt f\u00fcr Jungs kaufen - The Little Palm<\/title>\n<meta name=\"description\" content=\"Stilvoll zusammengestellte Geschenkbox zur Geburt f\u00fcr Jungs, mit liebevoll ausgew\u00e4hlten, nachhaltigen Produkten, in einer modernen Geschenkverpackung \u2665\" \/>\n<meta name=\"robots\" content=\"index, follow, max-snippet:-1, max-image-preview:large, max-video-preview:-1\" \/>\n<link rel=\"canonical\" href=\"https:\/\/littlepalm.de\/en\/product\/geschenkbox-bluey\/\" \/>\n<meta property=\"og:locale\" content=\"en_GB\" \/>\n<meta property=\"og:type\" content=\"article\" \/>\n<meta property=\"og:title\" content=\"Geschenkbox Bluey zur Geburt f\u00fcr Jungs kaufen - The Little Palm\" \/>\n<meta property=\"og:description\" content=\"Stilvoll zusammengestellte Geschenkbox zur Geburt f\u00fcr Jungs, mit liebevoll ausgew\u00e4hlten, nachhaltigen Produkten, in einer modernen Geschenkverpackung \u2665\" \/>\n<meta property=\"og:url\" content=\"https:\/\/littlepalm.de\/en\/product\/geschenkbox-bluey\/\" \/>\n<meta property=\"og:site_name\" content=\"The Little Palm\" \/>\n<meta property=\"article:modified_time\" content=\"2026-04-17T08:01:34+00:00\" \/>\n<meta property=\"og:image\" content=\"https:\/\/littlepalm.de\/wp-content\/uploads\/2025\/09\/thumbnail_IMG_4209.jpg\" \/>\n\t<meta property=\"og:image:width\" content=\"1920\" \/>\n\t<meta property=\"og:image:height\" content=\"1920\" \/>\n\t<meta property=\"og:image:type\" content=\"image\/jpeg\" \/>\n<meta name=\"twitter:card\" content=\"summary_large_image\" \/>\n<meta name=\"twitter:label1\" content=\"Estimated reading time\" \/>\n\t<meta name=\"twitter:data1\" content=\"2 minutes\" \/>\n<script type=\"application\/ld+json\" class=\"yoast-schema-graph\">{\"@context\":\"https:\/\/schema.org\",\"@graph\":[{\"@type\":\"WebPage\",\"@id\":\"https:\/\/littlepalm.de\/product\/geschenkbox-bluey\/\",\"url\":\"https:\/\/littlepalm.de\/product\/geschenkbox-bluey\/\",\"name\":\"Geschenkbox Bluey zur Geburt f\u00fcr Jungs kaufen - The Little Palm\",\"isPartOf\":{\"@id\":\"https:\/\/littlepalm.de\/#website\"},\"primaryImageOfPage\":{\"@id\":\"https:\/\/littlepalm.de\/product\/geschenkbox-bluey\/#primaryimage\"},\"image\":{\"@id\":\"https:\/\/littlepalm.de\/product\/geschenkbox-bluey\/#primaryimage\"},\"thumbnailUrl\":\"https:\/\/littlepalm.de\/wp-content\/uploads\/2025\/09\/thumbnail_IMG_4209.jpg\",\"datePublished\":\"2025-09-15T09:28:04+00:00\",\"dateModified\":\"2026-04-17T08:01:34+00:00\",\"description\":\"Stilvoll zusammengestellte Geschenkbox zur Geburt f\u00fcr Jungs, mit liebevoll ausgew\u00e4hlten, nachhaltigen Produkten, in einer modernen Geschenkverpackung \u2665\",\"breadcrumb\":{\"@id\":\"https:\/\/littlepalm.de\/product\/geschenkbox-bluey\/#breadcrumb\"},\"inLanguage\":\"en-GB\",\"potentialAction\":[{\"@type\":\"ReadAction\",\"target\":[\"https:\/\/littlepalm.de\/product\/geschenkbox-bluey\/\"]}]},{\"@type\":\"ImageObject\",\"inLanguage\":\"en-GB\",\"@id\":\"https:\/\/littlepalm.de\/product\/geschenkbox-bluey\/#primaryimage\",\"url\":\"https:\/\/littlepalm.de\/wp-content\/uploads\/2025\/09\/thumbnail_IMG_4209.jpg\",\"contentUrl\":\"https:\/\/littlepalm.de\/wp-content\/uploads\/2025\/09\/thumbnail_IMG_4209.jpg\",\"width\":1920,\"height\":1920},{\"@type\":\"BreadcrumbList\",\"@id\":\"https:\/\/littlepalm.de\/product\/geschenkbox-bluey\/#breadcrumb\",\"itemListElement\":[{\"@type\":\"ListItem\",\"position\":1,\"name\":\"Startseite\",\"item\":\"https:\/\/littlepalm.de\/\"},{\"@type\":\"ListItem\",\"position\":2,\"name\":\"Geschenkboxen\",\"item\":\"https:\/\/littlepalm.de\/geschenkboxen\/\"},{\"@type\":\"ListItem\",\"position\":3,\"name\":\"GESCHENKBOX BLUEY\"}]},{\"@type\":\"WebSite\",\"@id\":\"https:\/\/littlepalm.de\/#website\",\"url\":\"https:\/\/littlepalm.de\/\",\"name\":\"The Little Palm\",\"description\":\"Individuelle Geschenkboxen\",\"potentialAction\":[{\"@type\":\"SearchAction\",\"target\":{\"@type\":\"EntryPoint\",\"urlTemplate\":\"https:\/\/littlepalm.de\/?s={search_term_string}\"},\"query-input\":{\"@type\":\"PropertyValueSpecification\",\"valueRequired\":true,\"valueName\":\"search_term_string\"}}],\"inLanguage\":\"en-GB\"}]}<\/script>\n<!-- \/ Yoast SEO plugin. -->","yoast_head_json":{"title":"Geschenkbox Bluey zur Geburt f\u00fcr Jungs kaufen - The Little Palm","description":"Stilvoll zusammengestellte Geschenkbox zur Geburt f\u00fcr Jungs, mit liebevoll ausgew\u00e4hlten, nachhaltigen Produkten, in einer modernen Geschenkverpackung \u2665","robots":{"index":"index","follow":"follow","max-snippet":"max-snippet:-1","max-image-preview":"max-image-preview:large","max-video-preview":"max-video-preview:-1"},"canonical":"https:\/\/littlepalm.de\/en\/product\/geschenkbox-bluey\/","og_locale":"en_GB","og_type":"article","og_title":"Geschenkbox Bluey zur Geburt f\u00fcr Jungs kaufen - The Little Palm","og_description":"Stilvoll zusammengestellte Geschenkbox zur Geburt f\u00fcr Jungs, mit liebevoll ausgew\u00e4hlten, nachhaltigen Produkten, in einer modernen Geschenkverpackung \u2665","og_url":"https:\/\/littlepalm.de\/en\/product\/geschenkbox-bluey\/","og_site_name":"The Little Palm","article_modified_time":"2026-04-17T08:01:34+00:00","og_image":[{"width":1920,"height":1920,"url":"https:\/\/littlepalm.de\/wp-content\/uploads\/2025\/09\/thumbnail_IMG_4209.jpg","type":"image\/jpeg"}],"twitter_card":"summary_large_image","twitter_misc":{"Estimated reading time":"2 minutes"},"schema":{"@context":"https:\/\/schema.org","@graph":[{"@type":"WebPage","@id":"https:\/\/littlepalm.de\/product\/geschenkbox-bluey\/","url":"https:\/\/littlepalm.de\/product\/geschenkbox-bluey\/","name":"Geschenkbox Bluey zur Geburt f\u00fcr Jungs kaufen - The Little Palm","isPartOf":{"@id":"https:\/\/littlepalm.de\/#website"},"primaryImageOfPage":{"@id":"https:\/\/littlepalm.de\/product\/geschenkbox-bluey\/#primaryimage"},"image":{"@id":"https:\/\/littlepalm.de\/product\/geschenkbox-bluey\/#primaryimage"},"thumbnailUrl":"https:\/\/littlepalm.de\/wp-content\/uploads\/2025\/09\/thumbnail_IMG_4209.jpg","datePublished":"2025-09-15T09:28:04+00:00","dateModified":"2026-04-17T08:01:34+00:00","description":"Stilvoll zusammengestellte Geschenkbox zur Geburt f\u00fcr Jungs, mit liebevoll ausgew\u00e4hlten, nachhaltigen Produkten, in einer modernen Geschenkverpackung \u2665","breadcrumb":{"@id":"https:\/\/littlepalm.de\/product\/geschenkbox-bluey\/#breadcrumb"},"inLanguage":"en-GB","potentialAction":[{"@type":"ReadAction","target":["https:\/\/littlepalm.de\/product\/geschenkbox-bluey\/"]}]},{"@type":"ImageObject","inLanguage":"en-GB","@id":"https:\/\/littlepalm.de\/product\/geschenkbox-bluey\/#primaryimage","url":"https:\/\/littlepalm.de\/wp-content\/uploads\/2025\/09\/thumbnail_IMG_4209.jpg","contentUrl":"https:\/\/littlepalm.de\/wp-content\/uploads\/2025\/09\/thumbnail_IMG_4209.jpg","width":1920,"height":1920},{"@type":"BreadcrumbList","@id":"https:\/\/littlepalm.de\/product\/geschenkbox-bluey\/#breadcrumb","itemListElement":[{"@type":"ListItem","position":1,"name":"Startseite","item":"https:\/\/littlepalm.de\/"},{"@type":"ListItem","position":2,"name":"Geschenkboxen","item":"https:\/\/littlepalm.de\/geschenkboxen\/"},{"@type":"ListItem","position":3,"name":"GESCHENKBOX BLUEY"}]},{"@type":"WebSite","@id":"https:\/\/littlepalm.de\/#website","url":"https:\/\/littlepalm.de\/","name":"The Little Palm","description":"Individual gift boxes","potentialAction":[{"@type":"SearchAction","target":{"@type":"EntryPoint","urlTemplate":"https:\/\/littlepalm.de\/?s={search_term_string}"},"query-input":{"@type":"PropertyValueSpecification","valueRequired":true,"valueName":"search_term_string"}}],"inLanguage":"en-GB"}]}},"jetpack_sharing_enabled":true,"_links":{"self":[{"href":"https:\/\/littlepalm.de\/en\/wp-json\/wp\/v2\/product\/12656","targetHints":{"allow":["GET"]}}],"collection":[{"href":"https:\/\/littlepalm.de\/en\/wp-json\/wp\/v2\/product"}],"about":[{"href":"https:\/\/littlepalm.de\/en\/wp-json\/wp\/v2\/types\/product"}],"wp:featuredmedia":[{"embeddable":true,"href":"https:\/\/littlepalm.de\/en\/wp-json\/wp\/v2\/media\/12615"}],"wp:attachment":[{"href":"https:\/\/littlepalm.de\/en\/wp-json\/wp\/v2\/media?parent=12656"}],"wp:term":[{"taxonomy":"product_brand","embeddable":true,"href":"https:\/\/littlepalm.de\/en\/wp-json\/wp\/v2\/product_brand?post=12656"},{"taxonomy":"product_cat","embeddable":true,"href":"https:\/\/littlepalm.de\/en\/wp-json\/wp\/v2\/product_cat?post=12656"},{"taxonomy":"product_tag","embeddable":true,"href":"https:\/\/littlepalm.de\/en\/wp-json\/wp\/v2\/product_tag?post=12656"}],"curies":[{"name":"wp","href":"https:\/\/api.w.org\/{rel}","templated":true}]}}