{"id":10782,"date":"2025-01-17T10:46:40","date_gmt":"2025-01-17T09:46:40","guid":{"rendered":"https:\/\/littlepalm.de\/?post_type=product&#038;p=10782"},"modified":"2026-04-11T00:34:40","modified_gmt":"2026-04-10T22:34:40","slug":"kuscheltier-reh","status":"publish","type":"product","link":"https:\/\/littlepalm.de\/en\/product\/kuscheltier-reh\/","title":{"rendered":"Cuddly toy deer"},"content":{"rendered":"<p><strong>Cute deer cuddly toy with integrated rattle \u2013 the perfect companion for the little ones<\/strong><\/p>\n<p>The deer soft toy with rattle is a magical play and cuddle companion for babies and toddlers. Made from soft, skin-friendly materials, it invites cuddling, grasping, and exploring. The integrated rattle makes exciting sounds that stimulate baby&#039;s senses and playfully promote motor development.<\/p>\n<p>Thanks to its cute design, the deer will quickly become a favorite cuddly toy. Whether as a gift for a birth, christening, or just because \u2013 this cuddly toy is guaranteed to bring a smile to any child&#039;s face. Perfect for small hands and easy to clean, it&#039;s a faithful companion for any situation.<\/p>\n<p>Make a special little one happy with this lovingly crafted deer cuddly toy with a rattle! \ud83e\udd8c\u2728<\/p>\n<p>&nbsp;<\/p>\n<p>Dimensions: 15x10cm<\/p>","protected":false},"excerpt":{"rendered":"<p>Spoon made of 100% BPA-free silicone from MUSHIE<\/p>","protected":false},"featured_media":9377,"template":"","meta":{"inline_featured_image":false},"product_brand":[],"product_cat":[138,284,285,286,101],"product_tag":[],"class_list":{"0":"post-10782","1":"product","2":"type-product","3":"status-publish","4":"has-post-thumbnail","6":"product_cat-babys","7":"product_cat-bis-1-jahr","8":"product_cat-bis-2-jahre","9":"product_cat-bis-3-jahre","10":"product_cat-spielen","11":"product_shipping_class-standard","13":"first","14":"instock","15":"taxable","16":"shipping-taxable","17":"purchasable","18":"product-type-simple"},"composite_virtual":false,"composite_layout":"","composite_add_to_cart_form_location":"","composite_editable_in_cart":false,"composite_sold_individually_context":"","composite_shop_price_calc":"","composite_components":[],"composite_scenarios":[],"yoast_head":"<!-- This site is optimized with the Yoast SEO plugin v27.2 - https:\/\/yoast.com\/product\/yoast-seo-wordpress\/ -->\n<title>Niedliches Reh Kuscheltier zur Geburt schenken - The Little Palm<\/title>\n<meta name=\"description\" content=\"Zauberhafter Schmusefreund f\u00fcr Babys und Kleinkinder - das Reh Kuscheltier mit integrierter Rassel. Das perfekte Geschenk zur Geburt f\u00fcr Jungs und M\u00e4dchen\ud83e\udd8c\" \/>\n<meta name=\"robots\" content=\"index, follow, max-snippet:-1, max-image-preview:large, max-video-preview:-1\" \/>\n<link rel=\"canonical\" href=\"https:\/\/littlepalm.de\/en\/product\/kuscheltier-reh\/\" \/>\n<meta property=\"og:locale\" content=\"en_GB\" \/>\n<meta property=\"og:type\" content=\"article\" \/>\n<meta property=\"og:title\" content=\"Niedliches Reh Kuscheltier zur Geburt schenken - The Little Palm\" \/>\n<meta property=\"og:description\" content=\"Zauberhafter Schmusefreund f\u00fcr Babys und Kleinkinder - das Reh Kuscheltier mit integrierter Rassel. Das perfekte Geschenk zur Geburt f\u00fcr Jungs und M\u00e4dchen\ud83e\udd8c\" \/>\n<meta property=\"og:url\" content=\"https:\/\/littlepalm.de\/en\/product\/kuscheltier-reh\/\" \/>\n<meta property=\"og:site_name\" content=\"The Little Palm\" \/>\n<meta property=\"article:modified_time\" content=\"2026-04-10T22:34:40+00:00\" \/>\n<meta property=\"og:image\" content=\"https:\/\/littlepalm.de\/wp-content\/uploads\/2023\/05\/image007-scaled.jpeg\" \/>\n\t<meta property=\"og:image:width\" content=\"2560\" \/>\n\t<meta property=\"og:image:height\" content=\"2560\" \/>\n\t<meta property=\"og:image:type\" content=\"image\/jpeg\" \/>\n<meta name=\"twitter:card\" content=\"summary_large_image\" \/>\n<meta name=\"twitter:label1\" content=\"Estimated reading time\" \/>\n\t<meta name=\"twitter:data1\" content=\"1 minute\" \/>\n<script type=\"application\/ld+json\" class=\"yoast-schema-graph\">{\"@context\":\"https:\/\/schema.org\",\"@graph\":[{\"@type\":\"WebPage\",\"@id\":\"https:\/\/littlepalm.de\/product\/kuscheltier-reh\/\",\"url\":\"https:\/\/littlepalm.de\/product\/kuscheltier-reh\/\",\"name\":\"Niedliches Reh Kuscheltier zur Geburt schenken - The Little Palm\",\"isPartOf\":{\"@id\":\"https:\/\/littlepalm.de\/#website\"},\"primaryImageOfPage\":{\"@id\":\"https:\/\/littlepalm.de\/product\/kuscheltier-reh\/#primaryimage\"},\"image\":{\"@id\":\"https:\/\/littlepalm.de\/product\/kuscheltier-reh\/#primaryimage\"},\"thumbnailUrl\":\"https:\/\/littlepalm.de\/wp-content\/uploads\/2023\/05\/image007-scaled.jpeg\",\"datePublished\":\"2025-01-17T09:46:40+00:00\",\"dateModified\":\"2026-04-10T22:34:40+00:00\",\"description\":\"Zauberhafter Schmusefreund f\u00fcr Babys und Kleinkinder - das Reh Kuscheltier mit integrierter Rassel. Das perfekte Geschenk zur Geburt f\u00fcr Jungs und M\u00e4dchen\ud83e\udd8c\",\"breadcrumb\":{\"@id\":\"https:\/\/littlepalm.de\/product\/kuscheltier-reh\/#breadcrumb\"},\"inLanguage\":\"en-GB\",\"potentialAction\":[{\"@type\":\"ReadAction\",\"target\":[\"https:\/\/littlepalm.de\/product\/kuscheltier-reh\/\"]}]},{\"@type\":\"ImageObject\",\"inLanguage\":\"en-GB\",\"@id\":\"https:\/\/littlepalm.de\/product\/kuscheltier-reh\/#primaryimage\",\"url\":\"https:\/\/littlepalm.de\/wp-content\/uploads\/2023\/05\/image007-scaled.jpeg\",\"contentUrl\":\"https:\/\/littlepalm.de\/wp-content\/uploads\/2023\/05\/image007-scaled.jpeg\",\"width\":2560,\"height\":2560},{\"@type\":\"BreadcrumbList\",\"@id\":\"https:\/\/littlepalm.de\/product\/kuscheltier-reh\/#breadcrumb\",\"itemListElement\":[{\"@type\":\"ListItem\",\"position\":1,\"name\":\"Startseite\",\"item\":\"https:\/\/littlepalm.de\/\"},{\"@type\":\"ListItem\",\"position\":2,\"name\":\"Geschenkboxen\",\"item\":\"https:\/\/littlepalm.de\/geschenkboxen\/\"},{\"@type\":\"ListItem\",\"position\":3,\"name\":\"Kuscheltier Reh\"}]},{\"@type\":\"WebSite\",\"@id\":\"https:\/\/littlepalm.de\/#website\",\"url\":\"https:\/\/littlepalm.de\/\",\"name\":\"The Little Palm\",\"description\":\"Individuelle Geschenkboxen\",\"potentialAction\":[{\"@type\":\"SearchAction\",\"target\":{\"@type\":\"EntryPoint\",\"urlTemplate\":\"https:\/\/littlepalm.de\/?s={search_term_string}\"},\"query-input\":{\"@type\":\"PropertyValueSpecification\",\"valueRequired\":true,\"valueName\":\"search_term_string\"}}],\"inLanguage\":\"en-GB\"}]}<\/script>\n<!-- \/ Yoast SEO plugin. -->","yoast_head_json":{"title":"Niedliches Reh Kuscheltier zur Geburt schenken - The Little Palm","description":"Zauberhafter Schmusefreund f\u00fcr Babys und Kleinkinder - das Reh Kuscheltier mit integrierter Rassel. Das perfekte Geschenk zur Geburt f\u00fcr Jungs und M\u00e4dchen\ud83e\udd8c","robots":{"index":"index","follow":"follow","max-snippet":"max-snippet:-1","max-image-preview":"max-image-preview:large","max-video-preview":"max-video-preview:-1"},"canonical":"https:\/\/littlepalm.de\/en\/product\/kuscheltier-reh\/","og_locale":"en_GB","og_type":"article","og_title":"Niedliches Reh Kuscheltier zur Geburt schenken - The Little Palm","og_description":"Zauberhafter Schmusefreund f\u00fcr Babys und Kleinkinder - das Reh Kuscheltier mit integrierter Rassel. Das perfekte Geschenk zur Geburt f\u00fcr Jungs und M\u00e4dchen\ud83e\udd8c","og_url":"https:\/\/littlepalm.de\/en\/product\/kuscheltier-reh\/","og_site_name":"The Little Palm","article_modified_time":"2026-04-10T22:34:40+00:00","og_image":[{"width":2560,"height":2560,"url":"https:\/\/littlepalm.de\/wp-content\/uploads\/2023\/05\/image007-scaled.jpeg","type":"image\/jpeg"}],"twitter_card":"summary_large_image","twitter_misc":{"Estimated reading time":"1 minute"},"schema":{"@context":"https:\/\/schema.org","@graph":[{"@type":"WebPage","@id":"https:\/\/littlepalm.de\/product\/kuscheltier-reh\/","url":"https:\/\/littlepalm.de\/product\/kuscheltier-reh\/","name":"Niedliches Reh Kuscheltier zur Geburt schenken - The Little Palm","isPartOf":{"@id":"https:\/\/littlepalm.de\/#website"},"primaryImageOfPage":{"@id":"https:\/\/littlepalm.de\/product\/kuscheltier-reh\/#primaryimage"},"image":{"@id":"https:\/\/littlepalm.de\/product\/kuscheltier-reh\/#primaryimage"},"thumbnailUrl":"https:\/\/littlepalm.de\/wp-content\/uploads\/2023\/05\/image007-scaled.jpeg","datePublished":"2025-01-17T09:46:40+00:00","dateModified":"2026-04-10T22:34:40+00:00","description":"Zauberhafter Schmusefreund f\u00fcr Babys und Kleinkinder - das Reh Kuscheltier mit integrierter Rassel. Das perfekte Geschenk zur Geburt f\u00fcr Jungs und M\u00e4dchen\ud83e\udd8c","breadcrumb":{"@id":"https:\/\/littlepalm.de\/product\/kuscheltier-reh\/#breadcrumb"},"inLanguage":"en-GB","potentialAction":[{"@type":"ReadAction","target":["https:\/\/littlepalm.de\/product\/kuscheltier-reh\/"]}]},{"@type":"ImageObject","inLanguage":"en-GB","@id":"https:\/\/littlepalm.de\/product\/kuscheltier-reh\/#primaryimage","url":"https:\/\/littlepalm.de\/wp-content\/uploads\/2023\/05\/image007-scaled.jpeg","contentUrl":"https:\/\/littlepalm.de\/wp-content\/uploads\/2023\/05\/image007-scaled.jpeg","width":2560,"height":2560},{"@type":"BreadcrumbList","@id":"https:\/\/littlepalm.de\/product\/kuscheltier-reh\/#breadcrumb","itemListElement":[{"@type":"ListItem","position":1,"name":"Startseite","item":"https:\/\/littlepalm.de\/"},{"@type":"ListItem","position":2,"name":"Geschenkboxen","item":"https:\/\/littlepalm.de\/geschenkboxen\/"},{"@type":"ListItem","position":3,"name":"Kuscheltier Reh"}]},{"@type":"WebSite","@id":"https:\/\/littlepalm.de\/#website","url":"https:\/\/littlepalm.de\/","name":"The Little Palm","description":"Individual gift boxes","potentialAction":[{"@type":"SearchAction","target":{"@type":"EntryPoint","urlTemplate":"https:\/\/littlepalm.de\/?s={search_term_string}"},"query-input":{"@type":"PropertyValueSpecification","valueRequired":true,"valueName":"search_term_string"}}],"inLanguage":"en-GB"}]}},"jetpack_sharing_enabled":true,"_links":{"self":[{"href":"https:\/\/littlepalm.de\/en\/wp-json\/wp\/v2\/product\/10782","targetHints":{"allow":["GET"]}}],"collection":[{"href":"https:\/\/littlepalm.de\/en\/wp-json\/wp\/v2\/product"}],"about":[{"href":"https:\/\/littlepalm.de\/en\/wp-json\/wp\/v2\/types\/product"}],"wp:featuredmedia":[{"embeddable":true,"href":"https:\/\/littlepalm.de\/en\/wp-json\/wp\/v2\/media\/9377"}],"wp:attachment":[{"href":"https:\/\/littlepalm.de\/en\/wp-json\/wp\/v2\/media?parent=10782"}],"wp:term":[{"taxonomy":"product_brand","embeddable":true,"href":"https:\/\/littlepalm.de\/en\/wp-json\/wp\/v2\/product_brand?post=10782"},{"taxonomy":"product_cat","embeddable":true,"href":"https:\/\/littlepalm.de\/en\/wp-json\/wp\/v2\/product_cat?post=10782"},{"taxonomy":"product_tag","embeddable":true,"href":"https:\/\/littlepalm.de\/en\/wp-json\/wp\/v2\/product_tag?post=10782"}],"curies":[{"name":"wp","href":"https:\/\/api.w.org\/{rel}","templated":true}]}}