{"id":4050,"date":"2021-07-20T11:28:59","date_gmt":"2021-07-20T09:28:59","guid":{"rendered":"https:\/\/littlepalm.de\/home-classic-copy\/"},"modified":"2026-04-08T13:09:07","modified_gmt":"2026-04-08T11:09:07","slug":"build-your-own-box","status":"publish","type":"page","link":"https:\/\/littlepalm.de\/en\/build-your-own-box\/","title":{"rendered":"BUILD YOUR OWN BOX"},"content":{"rendered":"<div class=\"wpb-content-wrapper\"><section class=\"vc_section vc_custom_1633853336877 vc_section-has-fill\"><div  class=\"sec_row container\"><div class=\"vc_row wpb_row vc_row-fluid\"><div class=\"wpb_column vc_column_container vc_col-sm-12 et-dark-column\"><div class=\"vc_column-inner\"><div class=\"wpb_wrapper\">\n\t<div class=\"wpb_text_column wpb_content_element\" >\n\t\t<div class=\"wpb_wrapper\">\n\t\t\t<h1><strong><span style=\"color: #ffffff;\">BUILD YOUR OWN BOX<\/span><\/strong><\/h1>\n\n\t\t<\/div>\n\t<\/div>\n\n\t<div class=\"wpb_text_column wpb_content_element   vc_custom_1775642873547\" >\n\t\t<div class=\"wpb_wrapper\">\n\t\t\t<p style=\"width: 90%; max-width: 700px; color: #ffffff; font-size: 20px;\">W\u00e4hle deine Lieblingsprodukte aus und gestalte ein einzigartiges Geschenk zur Geburt &#8211; liebevoll verpackt und direkt an die Eltern versendbar, nat\u00fcrlich ohne Rechnung in der Box.<\/p>\n\n\t\t<\/div>\n\t<\/div>\n\t\t<div id=\"et-button-69db871bf187a\" class=\"et_btn_align_left\">\n\t\t\t<a href=\"https:\/\/littlepalm.de\/en\/babybox\/\" class=\"et_btn button et_btn_lg solid rounded color-custom   _little__btn_default\"  role=\"button\" title=\"\" ><span>CREATE BOX NOW!<\/span><\/a>\n\t\t<\/div>\n\t\t\n\t<\/div><\/div><\/div><\/div><\/div><\/section><div id=\"go\" class=\"sec_row container-fluid\"><div class=\"vc_row wpb_row vc_row-fluid align-center go vc_custom_1633801900620\"><div class=\"wpb_column vc_column_container vc_col-sm-12 et-dark-column\"><div class=\"vc_column-inner  vc_custom_1633801206307\"><div class=\"wpb_wrapper\">\n\t<div class=\"wpb_text_column wpb_content_element   vc_custom_1674115423695 custom-text2\" >\n\t\t<div class=\"wpb_wrapper\">\n\t\t\t<h5 style=\"text-align: center;\">Step 1 of 3<\/h5>\n\n\t\t<\/div>\n\t<\/div>\n\n\t<div class=\"wpb_text_column wpb_content_element   vc_custom_1674042510528 custom-text2\" >\n\t\t<div class=\"wpb_wrapper\">\n\t\t\t<h2 style=\"text-align: center;\">Have fun putting it together<\/h2>\n\n\t\t<\/div>\n\t<\/div>\n\n\t<div class=\"wpb_text_column wpb_content_element\" >\n\t\t<div class=\"wpb_wrapper\">\n\t\t\t<p style=\"text-align: center;\">You have chosen the easiest way to put together a great, personalized gift in just three steps.<\/p>\n\n\t\t<\/div>\n\t<\/div>\n<div class=\"vc_row wpb_row vc_inner vc_row-fluid max_width align-center vc_custom_1633801691934\"><div class=\"wpb_column vc_column_container vc_col-sm-6 et-dark-column vc_col-has-fill\"><div class=\"vc_column-inner  vc_custom_1635180279846\"><div class=\"wpb_wrapper\">\n\t<div class=\"wpb_text_column wpb_content_element   vc_custom_1674115081668\" >\n\t\t<div class=\"wpb_wrapper\">\n\t\t\t<h4 style=\"text-align: center;\"><span style=\"color: #ffffff;\"><strong>BABIES<\/strong><\/span><br \/>\n<span style=\"color: #ffffff;\">Newborns \u2013 12 months<\/span><\/h4>\n\n\t\t<\/div>\n\t<\/div>\n\t\t<div id=\"et-button-69db871bf2567\" class=\"et_btn_align_center\">\n\t\t\t<a href=\"https:\/\/littlepalm.de\/en\/babybox\/\" class=\"et_btn button et_btn_lg solid rounded color-custom   _little__btn_default\"  role=\"button\" title=\"\" ><span>CREATE BOX NOW<\/span><\/a>\n\t\t<\/div>\n\t\t\n\t<\/div><\/div><\/div><div class=\"wpb_column vc_column_container vc_col-sm-6 et-dark-column vc_col-has-fill\"><div class=\"vc_column-inner  vc_custom_1635180270656\"><div class=\"wpb_wrapper\">\n\t<div class=\"wpb_text_column wpb_content_element   vc_custom_1674115048816\" >\n\t\t<div class=\"wpb_wrapper\">\n\t\t\t<h4 style=\"text-align: center;\"><span style=\"color: #ffffff;\"><strong>KIDS<\/strong><\/span><br \/>\n<span style=\"color: #ffffff;\">12 months \u2013 5 years<\/span><\/h4>\n\n\t\t<\/div>\n\t<\/div>\n\t\t<div id=\"et-button-69db871bf27f3\" class=\"et_btn_align_center\">\n\t\t\t<a href=\"https:\/\/littlepalm.de\/en\/kidsbox\/\" class=\"et_btn button et_btn_lg solid rounded color-custom   _little__btn_default\"  role=\"button\" title=\"\" ><span>CREATE BOX NOW<\/span><\/a>\n\t\t<\/div>\n\t\t\n\t<\/div><\/div><\/div><\/div>\n\t<div class=\"wpb_text_column wpb_content_element   vc_custom_1674042555606 custom-text2\" >\n\t\t<div class=\"wpb_wrapper\">\n\t\t\t<h5 style=\"text-align: center;\">Or let us do the work for you<\/h5>\n\n\t\t<\/div>\n\t<\/div>\n\n\t<div class=\"wpb_text_column wpb_content_element   vc_custom_1674042572110 custom-text2\" >\n\t\t<div class=\"wpb_wrapper\">\n\t\t\t<h2 style=\"text-align: center;\">Choose from one of our curated gift boxes<\/h2>\n\n\t\t<\/div>\n\t<\/div>\n<\/div><\/div><\/div><\/div><\/div><div  class=\"sec_row container\"><div class=\"vc_row wpb_row vc_row-fluid vc_custom_1633806432856\"><div class=\"wpb_column vc_column_container vc_col-sm-12 et-dark-column\"><div class=\"vc_column-inner\"><div class=\"wpb_wrapper\"><\/div><\/div><\/div><\/div><\/div><div  class=\"sec_row container\"><div class=\"vc_row wpb_row vc_row-fluid\"><div class=\"wpb_column vc_column_container vc_col-sm-12 et-dark-column\"><div class=\"vc_column-inner\"><div class=\"wpb_wrapper\">\n\t<div class=\"wpb_text_column wpb_content_element\" >\n\t\t<div class=\"wpb_wrapper\">\n\t\t\t<h2>Build Your Own Box \u2013 Personalized Baby Gift<\/h2>\n<p>Discover the unique opportunity to stay at The little palm <strong>personalized baby gift<\/strong> Our &quot;Build Your Own Box&quot; feature allows you to put together a baby gift box with a personal touch. Choose from a variety of high-quality, lovingly selected products and create an unforgettable gift that&#039;s individually tailored to the needs of the recipient family.<\/p>\n<h3>Why a personalized baby gift?<\/h3>\n<p>A <strong>Birth gift with a personal touch<\/strong> Shows that you&#039;ve put special thought into this and want to express the joy of the new life in a personalized way. With our &quot;Build Your Own Box&quot; option, you can be sure your gift will be unique and meaningful.<\/p>\n<h3>This is how it works:<\/h3>\n<ol>\n<li><strong>Design box<\/strong>: Go to the baby <a href=\"https:\/\/littlepalm.de\/en\/build-your-own-box\/\">Box Builder<\/a> and browse our selection of baby products. From cozy blankets to cute toys to practical care products \u2013 we have everything your heart desires.<\/li>\n<li><strong>Add personalization<\/strong>: Add a personal message or handwritten card to give your gift a special touch.<\/li>\n<li><strong>We do the rest<\/strong>: We are happy to send the box directly to the family or, if you wish, to you too, so that you can hand over your own box yourself.<\/li>\n<\/ol>\n<h3>Oder doch lieber ein fertiges Geschenk zur Geburt kaufen?<\/h3>\n<p>Du bist dir unsicher, was man brauchen k\u00f6nnte und was zusammenpasst, oder m\u00f6chtest dir einfach gerne die Arbeit des Zusammenstellens abnehmen lassen? Dann schaue unter unserer Rubrik f\u00fcr Geschenkboxen nach deinem perfekten <a href=\"https:\/\/littlepalm.de\/en\/product-category\/gift-boxes\/\">Gift for birth<\/a>.<\/p>\n<h3>Advantages of a personalized baby gift from The little palm<\/h3>\n<ul>\n<li><strong>Individual and unique<\/strong>: Each box is put together according to your wishes and is therefore unique.<\/li>\n<li><strong>High-quality selection<\/strong>: We only offer products of the highest quality and sustainability.<\/li>\n<li><strong>Easy handling<\/strong>: Our user-friendly <a href=\"https:\/\/littlepalm.de\/en\/build-your-own-box\/\">Box Builder<\/a> makes putting together your <strong>personalized baby gift box<\/strong> child&#039;s play.<\/li>\n<li><strong>Fast delivery<\/strong>: Your individually assembled box will be delivered quickly and safely.<\/li>\n<\/ul>\n<h3>Sustainability and quality<\/h3>\n<p>At The little palm, we place great importance on sustainability and quality. All products in our range are carefully selected and come from renowned brands known for their environmentally friendly and high-quality items. So you can be sure that your <strong>Gift for birth<\/strong> is not only beautiful, but also responsible.<\/p>\n<h3>Contact us<\/h3>\n<p>Do you have any questions or need support in creating your <strong>Baby gift box<\/strong>Our friendly and competent team is always at your disposal. Contact us and we will be happy to help you.<\/p>\n<h3>social commitment<\/h3>\n<p>With every box sold, The Little Palm supports organizations like &quot;Share a Meal&quot; and makes a monthly donation to &quot;Save the Children.&quot; These initiatives help provide meals for hungry children around the world and sustainably improve their living conditions. By purchasing a gift box, you are directly contributing to ensuring that children in need receive the support they need. The Little Palm is committed to not only providing beautiful baby gift boxes but also making a positive contribution to the global community. Together, we can make a difference \u2013 one box at a time. <a href=\"https:\/\/littlepalm.de\/en\/sustainability\/\">Find out more here!<\/a><\/p>\n\n\t\t<\/div>\n\t<\/div>\n<\/div><\/div><\/div><\/div><\/div>\n<\/div>","protected":false},"excerpt":{"rendered":"BUILD YOUR OWN BOX W\u00e4hle deine Lieblingsprodukte aus und gestalte ein einzigartiges Geschenk zur Geburt - liebevoll verpackt und direkt an die Eltern versendbar, nat\u00fcrlich ohne Rechnung in der Box. JETZT BOX ERSTELLEN! Step 1 von 3 Viel Spa\u00df beim Zusammenstellen Du hast Dich f\u00fcr den einfachsten Weg entschieden, in [...]","protected":false},"author":5600,"featured_media":0,"parent":0,"menu_order":0,"comment_status":"closed","ping_status":"closed","template":"","meta":{"inline_featured_image":false,"footnotes":""},"class_list":["post-4050","page","type-page","status-publish","hentry"],"yoast_head":"<!-- This site is optimized with the Yoast SEO plugin v27.2 - https:\/\/yoast.com\/product\/yoast-seo-wordpress\/ -->\n<title>The Little Palm - Dein Online-Shop f\u00fcr Baby- und Kinderaccessoires<\/title>\n<meta name=\"description\" content=\"The Little Palm ist dein Online-Shop f\u00fcr Baby- und Kinderaccessoires. Wir bieten eine handerlesene Auswahl an liebevoll gestalteten Produkten\" \/>\n<meta name=\"robots\" content=\"index, follow, max-snippet:-1, max-image-preview:large, max-video-preview:-1\" \/>\n<link rel=\"canonical\" href=\"https:\/\/littlepalm.de\/en\/build-your-own-box\/\" \/>\n<meta property=\"og:locale\" content=\"en_GB\" \/>\n<meta property=\"og:type\" content=\"article\" \/>\n<meta property=\"og:title\" content=\"The Little Palm - Dein Online-Shop f\u00fcr Baby- und Kinderaccessoires\" \/>\n<meta property=\"og:description\" content=\"The Little Palm ist dein Online-Shop f\u00fcr Baby- und Kinderaccessoires. Wir bieten eine handerlesene Auswahl an liebevoll gestalteten Produkten\" \/>\n<meta property=\"og:url\" content=\"https:\/\/littlepalm.de\/en\/build-your-own-box\/\" \/>\n<meta property=\"og:site_name\" content=\"The Little Palm\" \/>\n<meta property=\"article:modified_time\" content=\"2026-04-08T11:09:07+00:00\" \/>\n<meta name=\"twitter:card\" content=\"summary_large_image\" \/>\n<meta name=\"twitter:label1\" content=\"Estimated reading time\" \/>\n\t<meta name=\"twitter:data1\" content=\"4 minutes\" \/>\n<script type=\"application\/ld+json\" class=\"yoast-schema-graph\">{\"@context\":\"https:\/\/schema.org\",\"@graph\":[{\"@type\":\"WebPage\",\"@id\":\"https:\/\/littlepalm.de\/build-your-own-box\/\",\"url\":\"https:\/\/littlepalm.de\/build-your-own-box\/\",\"name\":\"The Little Palm - Dein Online-Shop f\u00fcr Baby- und Kinderaccessoires\",\"isPartOf\":{\"@id\":\"https:\/\/littlepalm.de\/#website\"},\"datePublished\":\"2021-07-20T09:28:59+00:00\",\"dateModified\":\"2026-04-08T11:09:07+00:00\",\"description\":\"The Little Palm ist dein Online-Shop f\u00fcr Baby- und Kinderaccessoires. Wir bieten eine handerlesene Auswahl an liebevoll gestalteten Produkten\",\"breadcrumb\":{\"@id\":\"https:\/\/littlepalm.de\/build-your-own-box\/#breadcrumb\"},\"inLanguage\":\"en-GB\",\"potentialAction\":[{\"@type\":\"ReadAction\",\"target\":[\"https:\/\/littlepalm.de\/build-your-own-box\/\"]}]},{\"@type\":\"BreadcrumbList\",\"@id\":\"https:\/\/littlepalm.de\/build-your-own-box\/#breadcrumb\",\"itemListElement\":[{\"@type\":\"ListItem\",\"position\":1,\"name\":\"Startseite\",\"item\":\"https:\/\/littlepalm.de\/\"},{\"@type\":\"ListItem\",\"position\":2,\"name\":\"BUILD YOUR OWN BOX\"}]},{\"@type\":\"WebSite\",\"@id\":\"https:\/\/littlepalm.de\/#website\",\"url\":\"https:\/\/littlepalm.de\/\",\"name\":\"The Little Palm\",\"description\":\"Individuelle Geschenkboxen\",\"potentialAction\":[{\"@type\":\"SearchAction\",\"target\":{\"@type\":\"EntryPoint\",\"urlTemplate\":\"https:\/\/littlepalm.de\/?s={search_term_string}\"},\"query-input\":{\"@type\":\"PropertyValueSpecification\",\"valueRequired\":true,\"valueName\":\"search_term_string\"}}],\"inLanguage\":\"en-GB\"}]}<\/script>\n<!-- \/ Yoast SEO plugin. -->","yoast_head_json":{"title":"The Little Palm - Your online shop for baby and children&#039;s accessories","description":"The Little Palm is your online shop for baby and children&#039;s accessories. We offer a hand-picked selection of lovingly designed products.","robots":{"index":"index","follow":"follow","max-snippet":"max-snippet:-1","max-image-preview":"max-image-preview:large","max-video-preview":"max-video-preview:-1"},"canonical":"https:\/\/littlepalm.de\/en\/build-your-own-box\/","og_locale":"en_GB","og_type":"article","og_title":"The Little Palm - Dein Online-Shop f\u00fcr Baby- und Kinderaccessoires","og_description":"The Little Palm ist dein Online-Shop f\u00fcr Baby- und Kinderaccessoires. Wir bieten eine handerlesene Auswahl an liebevoll gestalteten Produkten","og_url":"https:\/\/littlepalm.de\/en\/build-your-own-box\/","og_site_name":"The Little Palm","article_modified_time":"2026-04-08T11:09:07+00:00","twitter_card":"summary_large_image","twitter_misc":{"Estimated reading time":"4 minutes"},"schema":{"@context":"https:\/\/schema.org","@graph":[{"@type":"WebPage","@id":"https:\/\/littlepalm.de\/build-your-own-box\/","url":"https:\/\/littlepalm.de\/build-your-own-box\/","name":"The Little Palm - Your online shop for baby and children&#039;s accessories","isPartOf":{"@id":"https:\/\/littlepalm.de\/#website"},"datePublished":"2021-07-20T09:28:59+00:00","dateModified":"2026-04-08T11:09:07+00:00","description":"The Little Palm is your online shop for baby and children&#039;s accessories. We offer a hand-picked selection of lovingly designed products.","breadcrumb":{"@id":"https:\/\/littlepalm.de\/build-your-own-box\/#breadcrumb"},"inLanguage":"en-GB","potentialAction":[{"@type":"ReadAction","target":["https:\/\/littlepalm.de\/build-your-own-box\/"]}]},{"@type":"BreadcrumbList","@id":"https:\/\/littlepalm.de\/build-your-own-box\/#breadcrumb","itemListElement":[{"@type":"ListItem","position":1,"name":"Startseite","item":"https:\/\/littlepalm.de\/"},{"@type":"ListItem","position":2,"name":"BUILD YOUR OWN BOX"}]},{"@type":"WebSite","@id":"https:\/\/littlepalm.de\/#website","url":"https:\/\/littlepalm.de\/","name":"The Little Palm","description":"Individual gift boxes","potentialAction":[{"@type":"SearchAction","target":{"@type":"EntryPoint","urlTemplate":"https:\/\/littlepalm.de\/?s={search_term_string}"},"query-input":{"@type":"PropertyValueSpecification","valueRequired":true,"valueName":"search_term_string"}}],"inLanguage":"en-GB"}]}},"jetpack_sharing_enabled":true,"_links":{"self":[{"href":"https:\/\/littlepalm.de\/en\/wp-json\/wp\/v2\/pages\/4050","targetHints":{"allow":["GET"]}}],"collection":[{"href":"https:\/\/littlepalm.de\/en\/wp-json\/wp\/v2\/pages"}],"about":[{"href":"https:\/\/littlepalm.de\/en\/wp-json\/wp\/v2\/types\/page"}],"author":[{"embeddable":true,"href":"https:\/\/littlepalm.de\/en\/wp-json\/wp\/v2\/users\/5600"}],"replies":[{"embeddable":true,"href":"https:\/\/littlepalm.de\/en\/wp-json\/wp\/v2\/comments?post=4050"}],"version-history":[{"count":11,"href":"https:\/\/littlepalm.de\/en\/wp-json\/wp\/v2\/pages\/4050\/revisions"}],"predecessor-version":[{"id":15306,"href":"https:\/\/littlepalm.de\/en\/wp-json\/wp\/v2\/pages\/4050\/revisions\/15306"}],"wp:attachment":[{"href":"https:\/\/littlepalm.de\/en\/wp-json\/wp\/v2\/media?parent=4050"}],"curies":[{"name":"wp","href":"https:\/\/api.w.org\/{rel}","templated":true}]}}